{"id":12,"date":"2022-06-06T08:53:02","date_gmt":"2022-06-06T08:53:02","guid":{"rendered":"https:\/\/gorgeavilson.us7.instawp.xyz\/?page_id=12"},"modified":"2024-08-22T18:02:21","modified_gmt":"2024-08-22T18:02:21","slug":"odemeler-iadeler","status":"publish","type":"page","link":"https:\/\/buylegitpassports.com\/tr\/payments-refunds\/","title":{"rendered":"\u00d6DEMELER &amp; I\u0307ADELER"},"content":{"rendered":"<h1 class=\"entry-title\">\u00d6DEMELER &amp; I\u0307ADELER<\/h1>\n<p><strong>\u00d6demeler<\/strong><\/p>\n<p>buylegitpassports.com adresinden sat\u0131n al\u0131rsan\u0131z, web sitemizden herhangi bir \u00fcr\u00fcn sipari\u015f etmeden \u00f6nce \u00f6deme prosed\u00fcr\u00fcm\u00fcz\u00fc bilmeniz gerekir.<\/p>\n<p>- Web sitemiz, do\u011frudan banka transferlerine ve t\u00fcm birincil \u00f6nlemlerden \u00f6demelere izin veren \u00f6deme kaynaklar\u0131n\u0131n iyi bir kombinasyonunu sa\u011flar.<br \/>\n- \u00d6demenizi a\u015fa\u011f\u0131daki y\u00f6ntemlerle al\u0131yoruz; Her t\u00fcrl\u00fc kripto para birimi, Banka Havalesi, Western Union, PayPal, Nakit Uygulamas\u0131, Hediye kart\u0131, Venmo, Zelle. \u00d6demeyi yapmak i\u00e7in sizin i\u00e7in kolayca eri\u015filebilir olan herhangi bir y\u00f6ntemi se\u00e7ebilirsiniz.<br \/>\n- Belgelerinizi i\u015fleme koymaya ba\u015flamam\u0131z i\u00e7in 50% tutar\u0131nda \u00f6n \u00f6deme yapman\u0131z gerekmektedir; i\u015flem tamamland\u0131ktan sonra kalan 50%'yi g\u00f6nderirsiniz ve biz de teslimata devam ederiz.<\/p>\n<p><strong>\u0130ADELER<\/strong><\/p>\n<p>Firmam\u0131z\u0131n para iade garantisi vard\u0131r; bu, m\u00fc\u015fteriyi tatmin edememesi durumunda, 48 saat i\u015f g\u00fcn\u00fc i\u00e7inde i\u015fleme al\u0131nacak bir geri \u00f6deme talebinde bulunma hakk\u0131na sahip oldu\u011funu \u00f6ng\u00f6r\u00fcr.<br \/>\nBununla birlikte, ge\u00e7mi\u015f y\u0131llarda 98% ba\u015far\u0131l\u0131 vaka ile yapt\u0131\u011f\u0131m\u0131z gibi m\u00fc\u015fterilerimize tatmin edici hizmetler sunmak i\u00e7in y\u00fcksek \u00e7aba g\u00f6steriyoruz.<br \/>\nMuhatap oldu\u011funuz temsilcinin uzakta olmas\u0131 veya size yan\u0131t vermemesi durumunda, l\u00fctfen canl\u0131 sohbete gelin ve bize ping at\u0131n, size hemen yan\u0131t verece\u011fiz.<\/p>\n<p>Ayr\u0131ca, biz yetkili bir kurulu\u015fuz ve m\u00fc\u015fterilerimizin gizlili\u011fine sayg\u0131 duyuyoruz. Korunmu\u015f hesap bilgilerinizi veya di\u011fer bilgilerinizi kimseyle payla\u015fm\u0131yoruz. \u00d6deme yapman\u0131n kritik oldu\u011funu biliyoruz, bu nedenle yapt\u0131\u011f\u0131n\u0131z \u00f6demenin web sitemizde h\u0131zl\u0131 ve g\u00fcvenli bir \u015fekilde i\u015flenece\u011finden emin olabilirsiniz.<\/p>","protected":false},"excerpt":{"rendered":"<p>PAYMENTS &amp; REFUNDS Payments If you purchase at buylegitpassports.com, you first need to know our payment procedure before ordering any [&hellip;]<\/p>\n","protected":false},"author":1,"featured_media":0,"parent":0,"menu_order":0,"comment_status":"closed","ping_status":"closed","template":"","meta":{"site-sidebar-layout":"default","site-content-layout":"","ast-site-content-layout":"","site-content-style":"default","site-sidebar-style":"default","ast-global-header-display":"","ast-banner-title-visibility":"","ast-main-header-display":"","ast-hfb-above-header-display":"","ast-hfb-below-header-display":"","ast-hfb-mobile-header-display":"","site-post-title":"","ast-breadcrumbs-content":"","ast-featured-img":"","footer-sml-layout":"","theme-transparent-header-meta":"","adv-header-id-meta":"","stick-header-meta":"","header-above-stick-meta":"","header-main-stick-meta":"","header-below-stick-meta":"","astra-migrate-meta-layouts":"default","ast-page-background-enabled":"default","ast-page-background-meta":{"desktop":{"background-color":"var(--ast-global-color-4)","background-image":"","background-repeat":"repeat","background-position":"center center","background-size":"auto","background-attachment":"scroll","background-type":"","background-media":"","overlay-type":"","overlay-color":"","overlay-opacity":"","overlay-gradient":""},"tablet":{"background-color":"","background-image":"","background-repeat":"repeat","background-position":"center center","background-size":"auto","background-attachment":"scroll","background-type":"","background-media":"","overlay-type":"","overlay-color":"","overlay-opacity":"","overlay-gradient":""},"mobile":{"background-color":"","background-image":"","background-repeat":"repeat","background-position":"center center","background-size":"auto","background-attachment":"scroll","background-type":"","background-media":"","overlay-type":"","overlay-color":"","overlay-opacity":"","overlay-gradient":""}},"ast-content-background-meta":{"desktop":{"background-color":"var(--ast-global-color-5)","background-image":"","background-repeat":"repeat","background-position":"center center","background-size":"auto","background-attachment":"scroll","background-type":"","background-media":"","overlay-type":"","overlay-color":"","overlay-opacity":"","overlay-gradient":""},"tablet":{"background-color":"var(--ast-global-color-5)","background-image":"","background-repeat":"repeat","background-position":"center center","background-size":"auto","background-attachment":"scroll","background-type":"","background-media":"","overlay-type":"","overlay-color":"","overlay-opacity":"","overlay-gradient":""},"mobile":{"background-color":"var(--ast-global-color-5)","background-image":"","background-repeat":"repeat","background-position":"center center","background-size":"auto","background-attachment":"scroll","background-type":"","background-media":"","overlay-type":"","overlay-color":"","overlay-opacity":"","overlay-gradient":""}},"footnotes":""},"class_list":["post-12","page","type-page","status-publish","hentry"],"_links":{"self":[{"href":"https:\/\/buylegitpassports.com\/tr\/wp-json\/wp\/v2\/pages\/12","targetHints":{"allow":["GET"]}}],"collection":[{"href":"https:\/\/buylegitpassports.com\/tr\/wp-json\/wp\/v2\/pages"}],"about":[{"href":"https:\/\/buylegitpassports.com\/tr\/wp-json\/wp\/v2\/types\/page"}],"author":[{"embeddable":true,"href":"https:\/\/buylegitpassports.com\/tr\/wp-json\/wp\/v2\/users\/1"}],"replies":[{"embeddable":true,"href":"https:\/\/buylegitpassports.com\/tr\/wp-json\/wp\/v2\/comments?post=12"}],"version-history":[{"count":0,"href":"https:\/\/buylegitpassports.com\/tr\/wp-json\/wp\/v2\/pages\/12\/revisions"}],"wp:attachment":[{"href":"https:\/\/buylegitpassports.com\/tr\/wp-json\/wp\/v2\/media?parent=12"}],"curies":[{"name":"wp","href":"https:\/\/api.w.org\/{rel}","templated":true}]}}