{"id":393,"date":"2022-12-13T07:07:56","date_gmt":"2022-12-13T07:07:56","guid":{"rendered":"http:\/\/buylegitpassports.com\/?page_id=393"},"modified":"2025-11-11T08:36:09","modified_gmt":"2025-11-11T08:36:09","slug":"hur-kan-jag-fa-kalifornien-korkort","status":"publish","type":"page","link":"https:\/\/buylegitpassports.com\/sv\/how-can-i-get-california-drivers-license\/","title":{"rendered":"Hur kan jag f\u00e5 k\u00f6rkort i Kalifornien"},"content":{"rendered":"<div data-elementor-type=\"wp-page\" data-elementor-id=\"393\" class=\"elementor elementor-393\" data-elementor-post-type=\"page\">\n\t\t\t\t\t\t<section class=\"elementor-section elementor-top-section elementor-element elementor-element-5981df4 elementor-section-boxed elementor-section-height-default elementor-section-height-default\" data-id=\"5981df4\" data-element_type=\"section\">\n\t\t\t\t\t\t<div class=\"elementor-container elementor-column-gap-default\">\n\t\t\t\t\t<div class=\"elementor-column elementor-col-100 elementor-top-column elementor-element elementor-element-550ece1\" data-id=\"550ece1\" data-element_type=\"column\">\n\t\t\t<div class=\"elementor-widget-wrap elementor-element-populated\">\n\t\t\t\t\t\t<div class=\"elementor-element elementor-element-b573283 elementor-widget elementor-widget-image\" data-id=\"b573283\" data-element_type=\"widget\" data-widget_type=\"image.default\">\n\t\t\t\t<div class=\"elementor-widget-container\">\n\t\t\t\t\t\t\t\t\t\t\t\t\t\t\t<img decoding=\"async\" width=\"260\" height=\"166\" src=\"https:\/\/buylegitpassports.com\/wp-content\/uploads\/2024\/10\/california-driverslicense.jpg\" class=\"attachment-full size-full wp-image-1675\" alt=\"kaliforniens k\u00f6rkort\" \/>\t\t\t\t\t\t\t\t\t\t\t\t\t\t\t<\/div>\n\t\t\t\t<\/div>\n\t\t\t\t<div class=\"elementor-element elementor-element-ff1f540 elementor-widget elementor-widget-text-editor\" data-id=\"ff1f540\" data-element_type=\"widget\" data-widget_type=\"text-editor.default\">\n\t\t\t\t<div class=\"elementor-widget-container\">\n\t\t\t\t\t\t\t\t\t<p>\u00c4r du redo att ta det sp\u00e4nnande steget in i vuxenlivet och sj\u00e4lvst\u00e4ndigheten genom att skaffa k\u00f6rkort i Kalifornien? Grattis till att du har p\u00e5b\u00f6rjat denna viktiga milstolpe! \u00c4ven om processen f\u00f6r att f\u00e5 ett kaliforniskt k\u00f6rkort kan verka skr\u00e4mmande vid f\u00f6rsta anblicken, frukta inte - vi \u00e4r h\u00e4r f\u00f6r att v\u00e4gleda dig genom varje steg p\u00e5 v\u00e4gen med v\u00e5r omfattande och informativa guide.<\/p>\t\t\t\t\t\t\t\t<\/div>\n\t\t\t\t<\/div>\n\t\t\t\t<div class=\"elementor-element elementor-element-8e3ef9d elementor-widget elementor-widget-heading\" data-id=\"8e3ef9d\" data-element_type=\"widget\" data-widget_type=\"heading.default\">\n\t\t\t\t<div class=\"elementor-widget-container\">\n\t\t\t\t\t<h2 class=\"elementor-heading-title elementor-size-default\">En steg-f\u00f6r-steg-guide f\u00f6r att erh\u00e5lla ditt k\u00f6rkort i Kalifornien\n\n<\/h2>\t\t\t\t<\/div>\n\t\t\t\t<\/div>\n\t\t\t\t<div class=\"elementor-element elementor-element-99d6d7d elementor-widget elementor-widget-text-editor\" data-id=\"99d6d7d\" data-element_type=\"widget\" data-widget_type=\"text-editor.default\">\n\t\t\t\t<div class=\"elementor-widget-container\">\n\t\t\t\t\t\t\t\t\t<p>L\u00e5t oss dela upp processen i hanterbara steg f\u00f6r att s\u00e4kerst\u00e4lla en smidig och effektiv resa mot ditt kaliforniska k\u00f6rkort:<\/p>\t\t\t\t\t\t\t\t<\/div>\n\t\t\t\t<\/div>\n\t\t\t\t\t<\/div>\n\t\t<\/div>\n\t\t\t\t\t<\/div>\n\t\t<\/section>\n\t\t\t\t<section class=\"elementor-section elementor-top-section elementor-element elementor-element-d19cc41 elementor-section-stretched elementor-section-boxed elementor-section-height-default elementor-section-height-default\" data-id=\"d19cc41\" data-element_type=\"section\" data-settings=\"{&quot;stretch_section&quot;:&quot;section-stretched&quot;}\">\n\t\t\t\t\t\t<div class=\"elementor-container elementor-column-gap-default\">\n\t\t\t\t\t<div class=\"elementor-column elementor-col-50 elementor-top-column elementor-element elementor-element-d155bbf\" data-id=\"d155bbf\" data-element_type=\"column\">\n\t\t\t<div class=\"elementor-widget-wrap elementor-element-populated\">\n\t\t\t\t\t\t<div class=\"elementor-element elementor-element-b479814 elementor-widget elementor-widget-heading\" data-id=\"b479814\" data-element_type=\"widget\" data-widget_type=\"heading.default\">\n\t\t\t\t<div class=\"elementor-widget-container\">\n\t\t\t\t\t<h2 class=\"elementor-heading-title elementor-size-default\">Etablera bos\u00e4ttning<\/h2>\t\t\t\t<\/div>\n\t\t\t\t<\/div>\n\t\t\t\t<div class=\"elementor-element elementor-element-7851621 elementor-widget elementor-widget-text-editor\" data-id=\"7851621\" data-element_type=\"widget\" data-widget_type=\"text-editor.default\">\n\t\t\t\t<div class=\"elementor-widget-container\">\n\t\t\t\t\t\t\t\t\t<p>Det f\u00f6rsta steget \u00e4r att etablera bos\u00e4ttning i Kalifornien, eftersom du \u00e4r skyldig att ans\u00f6ka om ett kaliforniskt k\u00f6rkort inom tio dagar efter att du har kommit in i staten. Detta inneb\u00e4r att du tillhandah\u00e5ller en verifierbar adress eller bostadsort.<\/p>\t\t\t\t\t\t\t\t<\/div>\n\t\t\t\t<\/div>\n\t\t\t\t<div class=\"elementor-element elementor-element-a948af6 elementor-widget elementor-widget-heading\" data-id=\"a948af6\" data-element_type=\"widget\" data-widget_type=\"heading.default\">\n\t\t\t\t<div class=\"elementor-widget-container\">\n\t\t\t\t\t<h2 class=\"elementor-heading-title elementor-size-default\">Fyll i formul\u00e4r DL-44<\/h2>\t\t\t\t<\/div>\n\t\t\t\t<\/div>\n\t\t\t\t<div class=\"elementor-element elementor-element-d686428 elementor-widget elementor-widget-text-editor\" data-id=\"d686428\" data-element_type=\"widget\" data-widget_type=\"text-editor.default\">\n\t\t\t\t<div class=\"elementor-widget-container\">\n\t\t\t\t\t\t\t\t\t<p>Bes\u00f6k ditt lokala DMV-kontor f\u00f6r att h\u00e4mta formul\u00e4r DL-44, eftersom det inte kan laddas ner online. Detta formul\u00e4r fungerar som den prim\u00e4ra ans\u00f6kan om ditt k\u00f6rkort och m\u00e5ste fyllas i korrekt.<\/p>\t\t\t\t\t\t\t\t<\/div>\n\t\t\t\t<\/div>\n\t\t\t\t\t<\/div>\n\t\t<\/div>\n\t\t\t\t<div class=\"elementor-column elementor-col-50 elementor-top-column elementor-element elementor-element-7a4e291\" data-id=\"7a4e291\" data-element_type=\"column\">\n\t\t\t<div class=\"elementor-widget-wrap elementor-element-populated\">\n\t\t\t\t\t\t<div class=\"elementor-element elementor-element-d942b7d elementor-widget elementor-widget-heading\" data-id=\"d942b7d\" data-element_type=\"widget\" data-widget_type=\"heading.default\">\n\t\t\t\t<div class=\"elementor-widget-container\">\n\t\t\t\t\t<h2 class=\"elementor-heading-title elementor-size-default\">Boka tid f\u00f6r bes\u00f6k<\/h2>\t\t\t\t<\/div>\n\t\t\t\t<\/div>\n\t\t\t\t<div class=\"elementor-element elementor-element-5c07789 elementor-widget elementor-widget-text-editor\" data-id=\"5c07789\" data-element_type=\"widget\" data-widget_type=\"text-editor.default\">\n\t\t\t\t<div class=\"elementor-widget-container\">\n\t\t\t\t\t\t\t\t\t<p>Undvik besv\u00e4ret med att v\u00e4nta i l\u00e5nga k\u00f6er genom att boka en tid p\u00e5 din f\u00f6redragna DMV-plats. Med en tidsbokning kan du p\u00e5skynda processen och minimera v\u00e4ntetiderna.<\/p>\t\t\t\t\t\t\t\t<\/div>\n\t\t\t\t<\/div>\n\t\t\t\t<div class=\"elementor-element elementor-element-e7e992c elementor-widget elementor-widget-heading\" data-id=\"e7e992c\" data-element_type=\"widget\" data-widget_type=\"heading.default\">\n\t\t\t\t<div class=\"elementor-widget-container\">\n\t\t\t\t\t<h2 class=\"elementor-heading-title elementor-size-default\">Tillhandah\u00e5lla identifiering<\/h2>\t\t\t\t<\/div>\n\t\t\t\t<\/div>\n\t\t\t\t<div class=\"elementor-element elementor-element-afc2902 elementor-widget elementor-widget-text-editor\" data-id=\"afc2902\" data-element_type=\"widget\" data-widget_type=\"text-editor.default\">\n\t\t\t\t<div class=\"elementor-widget-container\">\n\t\t\t\t\t\t\t\t\t<p>Visa upp giltiga identitetshandlingar som styrker din identitet, t.ex. f\u00f6delseattest, socialf\u00f6rs\u00e4kringskort, pass eller permanent uppeh\u00e5llstillst\u00e5nd. Dessa handlingar m\u00e5ste vara \u00e4kta och inte ha l\u00f6pt ut.<\/p>\t\t\t\t\t\t\t\t<\/div>\n\t\t\t\t<\/div>\n\t\t\t\t\t<\/div>\n\t\t<\/div>\n\t\t\t\t\t<\/div>\n\t\t<\/section>\n\t\t\t\t<section class=\"elementor-section elementor-top-section elementor-element elementor-element-b17cd31 elementor-section-boxed elementor-section-height-default elementor-section-height-default\" data-id=\"b17cd31\" data-element_type=\"section\">\n\t\t\t\t\t\t<div class=\"elementor-container elementor-column-gap-default\">\n\t\t\t\t\t<div class=\"elementor-column elementor-col-100 elementor-top-column elementor-element elementor-element-15c708c\" data-id=\"15c708c\" data-element_type=\"column\">\n\t\t\t<div class=\"elementor-widget-wrap elementor-element-populated\">\n\t\t\t\t\t\t<div class=\"elementor-element elementor-element-f29796f elementor-widget elementor-widget-heading\" data-id=\"f29796f\" data-element_type=\"widget\" data-widget_type=\"heading.default\">\n\t\t\t\t<div class=\"elementor-widget-container\">\n\t\t\t\t\t<h2 class=\"elementor-heading-title elementor-size-default\">Betala licensavgiften<\/h2>\t\t\t\t<\/div>\n\t\t\t\t<\/div>\n\t\t\t\t<div class=\"elementor-element elementor-element-6849528 elementor-widget elementor-widget-text-editor\" data-id=\"6849528\" data-element_type=\"widget\" data-widget_type=\"text-editor.default\">\n\t\t\t\t<div class=\"elementor-widget-container\">\n\t\t\t\t\t\t\t\t\t<p>Betala den n\u00f6dv\u00e4ndiga k\u00f6rkortsavgiften med debitering, check eller kontanter, som accepteras av DMV.<\/p>\t\t\t\t\t\t\t\t<\/div>\n\t\t\t\t<\/div>\n\t\t\t\t\t<\/div>\n\t\t<\/div>\n\t\t\t\t\t<\/div>\n\t\t<\/section>\n\t\t\t\t<section class=\"elementor-section elementor-top-section elementor-element elementor-element-041cd95 elementor-section-stretched elementor-section-boxed elementor-section-height-default elementor-section-height-default\" data-id=\"041cd95\" data-element_type=\"section\" data-settings=\"{&quot;stretch_section&quot;:&quot;section-stretched&quot;}\">\n\t\t\t\t\t\t<div class=\"elementor-container elementor-column-gap-default\">\n\t\t\t\t\t<div class=\"elementor-column elementor-col-33 elementor-top-column elementor-element elementor-element-66613b2\" data-id=\"66613b2\" data-element_type=\"column\">\n\t\t\t<div class=\"elementor-widget-wrap elementor-element-populated\">\n\t\t\t\t\t\t<div class=\"elementor-element elementor-element-3fe4f32 elementor-widget elementor-widget-heading\" data-id=\"3fe4f32\" data-element_type=\"widget\" data-widget_type=\"heading.default\">\n\t\t\t\t<div class=\"elementor-widget-container\">\n\t\t\t\t\t<h2 class=\"elementor-heading-title elementor-size-default\">G\u00f6r det skriftliga provet<\/h2>\t\t\t\t<\/div>\n\t\t\t\t<\/div>\n\t\t\t\t<div class=\"elementor-element elementor-element-02d66c7 elementor-widget elementor-widget-text-editor\" data-id=\"02d66c7\" data-element_type=\"widget\" data-widget_type=\"text-editor.default\">\n\t\t\t\t<div class=\"elementor-widget-container\">\n\t\t\t\t\t\t\t\t\t<p>F\u00f6rbered dig f\u00f6r och g\u00f6r det skriftliga provet, som best\u00e5r av 30 fr\u00e5gor. Vi rekommenderar att du bekantar dig med Driver's Handbook i f\u00f6rv\u00e4g f\u00f6r att \u00f6ka dina chanser att lyckas. Om du har ett k\u00f6rkort fr\u00e5n en annan delstat kan du vara undantagen fr\u00e5n att g\u00f6ra det skriftliga provet.<\/p>\t\t\t\t\t\t\t\t<\/div>\n\t\t\t\t<\/div>\n\t\t\t\t\t<\/div>\n\t\t<\/div>\n\t\t\t\t<div class=\"elementor-column elementor-col-33 elementor-top-column elementor-element elementor-element-07c0b92\" data-id=\"07c0b92\" data-element_type=\"column\">\n\t\t\t<div class=\"elementor-widget-wrap elementor-element-populated\">\n\t\t\t\t\t\t<div class=\"elementor-element elementor-element-b4fe346 elementor-widget elementor-widget-heading\" data-id=\"b4fe346\" data-element_type=\"widget\" data-widget_type=\"heading.default\">\n\t\t\t\t<div class=\"elementor-widget-container\">\n\t\t\t\t\t<h2 class=\"elementor-heading-title elementor-size-default\">Klarar \u00f6gonprovet<\/h2>\t\t\t\t<\/div>\n\t\t\t\t<\/div>\n\t\t\t\t<div class=\"elementor-element elementor-element-82fb8dd elementor-widget elementor-widget-text-editor\" data-id=\"82fb8dd\" data-element_type=\"widget\" data-widget_type=\"text-editor.default\">\n\t\t\t\t<div class=\"elementor-widget-container\">\n\t\t\t\t\t\t\t\t\t<p>\u00a0Demonstrera din synsk\u00e4rpa genom att klara det syntest som administreras av DMV. Kan du l\u00e4sa den f\u00f6rsta raden i \u00f6gontabellen?<\/p>\t\t\t\t\t\t\t\t<\/div>\n\t\t\t\t<\/div>\n\t\t\t\t\t<\/div>\n\t\t<\/div>\n\t\t\t\t<div class=\"elementor-column elementor-col-33 elementor-top-column elementor-element elementor-element-4af2aef\" data-id=\"4af2aef\" data-element_type=\"column\">\n\t\t\t<div class=\"elementor-widget-wrap elementor-element-populated\">\n\t\t\t\t\t\t<div class=\"elementor-element elementor-element-aee6e85 elementor-widget elementor-widget-heading\" data-id=\"aee6e85\" data-element_type=\"widget\" data-widget_type=\"heading.default\">\n\t\t\t\t<div class=\"elementor-widget-container\">\n\t\t\t\t\t<h2 class=\"elementor-heading-title elementor-size-default\">F\u00e5 h\u00f6gsta betyg p\u00e5 bakhjulsprovet<\/h2>\t\t\t\t<\/div>\n\t\t\t\t<\/div>\n\t\t\t\t<div class=\"elementor-element elementor-element-542d577 elementor-widget elementor-widget-text-editor\" data-id=\"542d577\" data-element_type=\"widget\" data-widget_type=\"text-editor.default\">\n\t\t\t\t<div class=\"elementor-widget-container\">\n\t\t\t\t\t\t\t\t\t<p>\u00a0Slutligen ska du visa dina k\u00f6rkunskaper genom att klara bakhjulsprovet. N\u00e4r du har klarat provet f\u00e5r du ett tillf\u00e4lligt k\u00f6rkort och det officiella k\u00f6rkortet kommer med posten kort d\u00e4refter.<\/p>\t\t\t\t\t\t\t\t<\/div>\n\t\t\t\t<\/div>\n\t\t\t\t\t<\/div>\n\t\t<\/div>\n\t\t\t\t\t<\/div>\n\t\t<\/section>\n\t\t\t\t<section class=\"elementor-section elementor-top-section elementor-element elementor-element-13f06fb elementor-section-boxed elementor-section-height-default elementor-section-height-default\" data-id=\"13f06fb\" data-element_type=\"section\">\n\t\t\t\t\t\t<div class=\"elementor-container elementor-column-gap-default\">\n\t\t\t\t\t<div class=\"elementor-column elementor-col-100 elementor-top-column elementor-element elementor-element-fb7c40d\" data-id=\"fb7c40d\" data-element_type=\"column\">\n\t\t\t<div class=\"elementor-widget-wrap elementor-element-populated\">\n\t\t\t\t\t\t<div class=\"elementor-element elementor-element-6632d68 elementor-widget elementor-widget-text-editor\" data-id=\"6632d68\" data-element_type=\"widget\" data-widget_type=\"text-editor.default\">\n\t\t\t\t<div class=\"elementor-widget-container\">\n\t\t\t\t\t\t\t\t\t<p>N\u00e4r du har klarat det skriftliga provet \u00e4r det dags att s\u00e4tta dig bakom ratten. \u00d6vningsk\u00f6r med en vuxen person som \u00e4r 25 \u00e5r eller \u00e4ldre och som har haft ett giltigt k\u00f6rkort i minst fem \u00e5r. Anv\u00e4nd den h\u00e4r tiden f\u00f6r att bygga upp ditt sj\u00e4lvf\u00f6rtroende och dina f\u00e4rdigheter p\u00e5 v\u00e4gen<\/p>\t\t\t\t\t\t\t\t<\/div>\n\t\t\t\t<\/div>\n\t\t\t\t<div class=\"elementor-element elementor-element-8eaf624 elementor-widget elementor-widget-text-editor\" data-id=\"8eaf624\" data-element_type=\"widget\" data-widget_type=\"text-editor.default\">\n\t\t\t\t<div class=\"elementor-widget-container\">\n\t\t\t\t\t\t\t\t\t<p>P\u00e5 dagen f\u00f6r ditt k\u00f6rprov, kom tidigt och ta med ditt eget fordon eller ett hyrt fordon som uppfyller DMV:s krav. Visa din f\u00f6rm\u00e5ga att p\u00e5 ett s\u00e4kert s\u00e4tt framf\u00f6ra ett fordon och<a href=\"https:\/\/web.facebook.com\/buylegitpassports\" target=\"_blank\" rel=\"noopener\"> f\u00f6lja<\/a> f\u00f6rarpr\u00f6varens instruktioner. Med skicklighet och sj\u00e4lvf\u00f6rtroende kommer du att klara provet och f\u00e5 ditt k\u00f6rkort i Kalifornien.<\/p><p>\u00a0<\/p><p>Gratulerar till ditt k\u00f6rkort! Du har framg\u00e5ngsrikt erh\u00e5llit ditt kaliforniska k\u00f6rkort. Ta en stund f\u00f6r att fira denna milstolpe och omfamna friheten p\u00e5 den \u00f6ppna v\u00e4gen.<\/p>\t\t\t\t\t\t\t\t<\/div>\n\t\t\t\t<\/div>\n\t\t\t\t\t<\/div>\n\t\t<\/div>\n\t\t\t\t\t<\/div>\n\t\t<\/section>\n\t\t\t\t<section class=\"elementor-section elementor-top-section elementor-element elementor-element-acad405 elementor-section-stretched elementor-section-boxed elementor-section-height-default elementor-section-height-default\" data-id=\"acad405\" data-element_type=\"section\" data-settings=\"{&quot;stretch_section&quot;:&quot;section-stretched&quot;}\">\n\t\t\t\t\t\t<div class=\"elementor-container elementor-column-gap-default\">\n\t\t\t\t\t<div class=\"elementor-column elementor-col-100 elementor-top-column elementor-element elementor-element-69b86cd\" data-id=\"69b86cd\" data-element_type=\"column\">\n\t\t\t<div class=\"elementor-widget-wrap elementor-element-populated\">\n\t\t\t\t\t\t<div class=\"elementor-element elementor-element-f45b795 elementor-widget elementor-widget-heading\" data-id=\"f45b795\" data-element_type=\"widget\" data-widget_type=\"heading.default\">\n\t\t\t\t<div class=\"elementor-widget-container\">\n\t\t\t\t\t<h2 class=\"elementor-heading-title elementor-size-default\">\u00c5ldersbegr\u00e4nsningar och s\u00e4rskilda \u00f6verv\u00e4ganden<\/h2>\t\t\t\t<\/div>\n\t\t\t\t<\/div>\n\t\t\t\t<div class=\"elementor-element elementor-element-76d11a3 elementor-widget elementor-widget-text-editor\" data-id=\"76d11a3\" data-element_type=\"widget\" data-widget_type=\"text-editor.default\">\n\t\t\t\t<div class=\"elementor-widget-container\">\n\t\t\t\t\t\t\t\t\t<p>Om du \u00e4r 18 \u00e5r eller \u00e4ldre finns det inga \u00e5ldersrelaterade begr\u00e4nsningar f\u00f6r att f\u00e5 din <a href=\"https:\/\/buylegitpassports.com\/sv\/kalifornien-korkort\/\">K\u00f6rkort fr\u00e5n Kalifornien<\/a> - f\u00f6lj helt enkelt stegen som beskrivs ovan. Om du \u00e4r 16 \u00e5r gammal \u00e4r du dock ber\u00e4ttigad till en provisorisk licens efter att ha slutf\u00f6rt en f\u00f6rarutbildningskurs. Om du \u00e4r 17 och ett halvt \u00e5r kan du dessutom ans\u00f6ka om ett provisoriskt tillst\u00e5nd utan att genomf\u00f6ra en f\u00f6rarutbildningskurs.<\/p>\t\t\t\t\t\t\t\t<\/div>\n\t\t\t\t<\/div>\n\t\t\t\t<div class=\"elementor-element elementor-element-401f96a elementor-widget elementor-widget-text-editor\" data-id=\"401f96a\" data-element_type=\"widget\" data-widget_type=\"text-editor.default\">\n\t\t\t\t<div class=\"elementor-widget-container\">\n\t\t\t\t\t\t\t\t\t<p>Genom att f\u00f6lja dessa steg och h\u00e5lla fokus p\u00e5 ditt m\u00e5l kan du navigera i processen f\u00f6r att f\u00e5 ditt kaliforniska k\u00f6rkort med l\u00e4tthet. Kom ih\u00e5g att k\u00f6ra s\u00e4kert, respektera trafikreglerna och njut av resan fram\u00e5t.<\/p>\t\t\t\t\t\t\t\t<\/div>\n\t\t\t\t<\/div>\n\t\t\t\t\t<\/div>\n\t\t<\/div>\n\t\t\t\t\t<\/div>\n\t\t<\/section>\n\t\t\t\t<\/div>","protected":false},"excerpt":{"rendered":"<p>Are you ready to take the exciting leap into adulthood and independence by obtaining your drivers license in California? Congratulations [&hellip;]<\/p>\n","protected":false},"author":1,"featured_media":0,"parent":0,"menu_order":0,"comment_status":"closed","ping_status":"closed","template":"","meta":{"site-sidebar-layout":"default","site-content-layout":"","ast-site-content-layout":"","site-content-style":"default","site-sidebar-style":"default","ast-global-header-display":"","ast-banner-title-visibility":"","ast-main-header-display":"","ast-hfb-above-header-display":"","ast-hfb-below-header-display":"","ast-hfb-mobile-header-display":"","site-post-title":"","ast-breadcrumbs-content":"","ast-featured-img":"","footer-sml-layout":"","theme-transparent-header-meta":"","adv-header-id-meta":"","stick-header-meta":"","header-above-stick-meta":"","header-main-stick-meta":"","header-below-stick-meta":"","astra-migrate-meta-layouts":"default","ast-page-background-enabled":"default","ast-page-background-meta":{"desktop":{"background-color":"var(--ast-global-color-4)","background-image":"","background-repeat":"repeat","background-position":"center center","background-size":"auto","background-attachment":"scroll","background-type":"","background-media":"","overlay-type":"","overlay-color":"","overlay-opacity":"","overlay-gradient":""},"tablet":{"background-color":"","background-image":"","background-repeat":"repeat","background-position":"center center","background-size":"auto","background-attachment":"scroll","background-type":"","background-media":"","overlay-type":"","overlay-color":"","overlay-opacity":"","overlay-gradient":""},"mobile":{"background-color":"","background-image":"","background-repeat":"repeat","background-position":"center center","background-size":"auto","background-attachment":"scroll","background-type":"","background-media":"","overlay-type":"","overlay-color":"","overlay-opacity":"","overlay-gradient":""}},"ast-content-background-meta":{"desktop":{"background-color":"var(--ast-global-color-5)","background-image":"","background-repeat":"repeat","background-position":"center center","background-size":"auto","background-attachment":"scroll","background-type":"","background-media":"","overlay-type":"","overlay-color":"","overlay-opacity":"","overlay-gradient":""},"tablet":{"background-color":"var(--ast-global-color-5)","background-image":"","background-repeat":"repeat","background-position":"center center","background-size":"auto","background-attachment":"scroll","background-type":"","background-media":"","overlay-type":"","overlay-color":"","overlay-opacity":"","overlay-gradient":""},"mobile":{"background-color":"var(--ast-global-color-5)","background-image":"","background-repeat":"repeat","background-position":"center center","background-size":"auto","background-attachment":"scroll","background-type":"","background-media":"","overlay-type":"","overlay-color":"","overlay-opacity":"","overlay-gradient":""}},"footnotes":""},"class_list":["post-393","page","type-page","status-publish","hentry"],"_links":{"self":[{"href":"https:\/\/buylegitpassports.com\/sv\/wp-json\/wp\/v2\/pages\/393","targetHints":{"allow":["GET"]}}],"collection":[{"href":"https:\/\/buylegitpassports.com\/sv\/wp-json\/wp\/v2\/pages"}],"about":[{"href":"https:\/\/buylegitpassports.com\/sv\/wp-json\/wp\/v2\/types\/page"}],"author":[{"embeddable":true,"href":"https:\/\/buylegitpassports.com\/sv\/wp-json\/wp\/v2\/users\/1"}],"replies":[{"embeddable":true,"href":"https:\/\/buylegitpassports.com\/sv\/wp-json\/wp\/v2\/comments?post=393"}],"version-history":[{"count":0,"href":"https:\/\/buylegitpassports.com\/sv\/wp-json\/wp\/v2\/pages\/393\/revisions"}],"wp:attachment":[{"href":"https:\/\/buylegitpassports.com\/sv\/wp-json\/wp\/v2\/media?parent=393"}],"curies":[{"name":"wp","href":"https:\/\/api.w.org\/{rel}","templated":true}]}}