{"id":12,"date":"2022-06-06T08:53:02","date_gmt":"2022-06-06T08:53:02","guid":{"rendered":"https:\/\/gorgeavilson.us7.instawp.xyz\/?page_id=12"},"modified":"2024-08-22T18:02:21","modified_gmt":"2024-08-22T18:02:21","slug":"betalningar-aterbetalningar","status":"publish","type":"page","link":"https:\/\/buylegitpassports.com\/sv\/payments-refunds\/","title":{"rendered":"BETALNINGAR &amp; \u00c5TERBETALNINGAR"},"content":{"rendered":"<h1 class=\"entry-title\">BETALNINGAR &amp; \u00c5TERBETALNINGAR<\/h1>\n<p><strong>Betalningar<\/strong><\/p>\n<p>Om du k\u00f6per p\u00e5 buylegitpassports.com m\u00e5ste du f\u00f6rst k\u00e4nna till v\u00e5rt betalningsf\u00f6rfarande innan du best\u00e4ller n\u00e5gon produkt fr\u00e5n v\u00e5r webbplats.<\/p>\n<p>- V\u00e5r webbplats erbjuder en fin kombination av betalningsk\u00e4llor som m\u00f6jligg\u00f6r direkta bank\u00f6verf\u00f6ringar och betalningar fr\u00e5n alla prim\u00e4ra \u00e5tg\u00e4rder.<br \/>\n- Vi tar emot din betalning genom f\u00f6ljande metoder; Alla typer av kryptovalutor, Bank\u00f6verf\u00f6ring, Western Union, PayPal, Cash App, Presentkort, Venmo, Zelle. Du kan v\u00e4lja vilken metod som helst f\u00f6r att g\u00f6ra betalningen som \u00e4r l\u00e4ttillg\u00e4nglig f\u00f6r dig.<br \/>\n- F\u00f6r att vi ska kunna b\u00f6rja bearbeta dina dokument kr\u00e4ver vi att du g\u00f6r en f\u00f6rskottsbetalning p\u00e5 50% f\u00f6r att vi ska kunna starta processen och n\u00e4r den \u00e4r klar skickar du resterande 50% och vi forts\u00e4tter med leveransen.<\/p>\n<p><strong>\u00c5TERBETALNINGAR<\/strong><\/p>\n<p>V\u00e5rt f\u00f6retag har en \u00e5terbetalningsgaranti; som f\u00f6reskriver att; Om kunden inte \u00e4r n\u00f6jd har han \/ hon r\u00e4tt att beg\u00e4ra \u00e5terbetalning som kommer att behandlas inom 48 timmar arbetsdagar.<br \/>\nHur som helst str\u00e4var vi h\u00f6gt f\u00f6r att f\u00f6rse v\u00e5ra kunder med tillfredsst\u00e4llande tj\u00e4nster som vi har gjort de senaste \u00e5ren med 98% framg\u00e5ngsrika fall.<br \/>\nOm agenten som du har att g\u00f6ra med \u00e4r borta eller inte svarar p\u00e5 dig, v\u00e4nligen kom till livechatten och ping oss, vi kommer att svara p\u00e5 dig omedelbart.<\/p>\n<p>Dessutom \u00e4r vi en auktoriserad enhet och respekterar v\u00e5ra kunders integritet. Vi delar inte dina bevarade kontouppgifter eller annan information med n\u00e5gon. Vi f\u00f6rst\u00e5r att det \u00e4r viktigt att g\u00f6ra betalningen, s\u00e5 du kan vara s\u00e4ker p\u00e5 att betalningen du g\u00f6r kommer att behandlas snabbt och s\u00e4kert p\u00e5 v\u00e5r webbplats.<\/p>","protected":false},"excerpt":{"rendered":"<p>PAYMENTS &amp; REFUNDS Payments If you purchase at buylegitpassports.com, you first need to know our payment procedure before ordering any [&hellip;]<\/p>\n","protected":false},"author":1,"featured_media":0,"parent":0,"menu_order":0,"comment_status":"closed","ping_status":"closed","template":"","meta":{"site-sidebar-layout":"default","site-content-layout":"","ast-site-content-layout":"","site-content-style":"default","site-sidebar-style":"default","ast-global-header-display":"","ast-banner-title-visibility":"","ast-main-header-display":"","ast-hfb-above-header-display":"","ast-hfb-below-header-display":"","ast-hfb-mobile-header-display":"","site-post-title":"","ast-breadcrumbs-content":"","ast-featured-img":"","footer-sml-layout":"","theme-transparent-header-meta":"","adv-header-id-meta":"","stick-header-meta":"","header-above-stick-meta":"","header-main-stick-meta":"","header-below-stick-meta":"","astra-migrate-meta-layouts":"default","ast-page-background-enabled":"default","ast-page-background-meta":{"desktop":{"background-color":"var(--ast-global-color-4)","background-image":"","background-repeat":"repeat","background-position":"center center","background-size":"auto","background-attachment":"scroll","background-type":"","background-media":"","overlay-type":"","overlay-color":"","overlay-opacity":"","overlay-gradient":""},"tablet":{"background-color":"","background-image":"","background-repeat":"repeat","background-position":"center center","background-size":"auto","background-attachment":"scroll","background-type":"","background-media":"","overlay-type":"","overlay-color":"","overlay-opacity":"","overlay-gradient":""},"mobile":{"background-color":"","background-image":"","background-repeat":"repeat","background-position":"center center","background-size":"auto","background-attachment":"scroll","background-type":"","background-media":"","overlay-type":"","overlay-color":"","overlay-opacity":"","overlay-gradient":""}},"ast-content-background-meta":{"desktop":{"background-color":"var(--ast-global-color-5)","background-image":"","background-repeat":"repeat","background-position":"center center","background-size":"auto","background-attachment":"scroll","background-type":"","background-media":"","overlay-type":"","overlay-color":"","overlay-opacity":"","overlay-gradient":""},"tablet":{"background-color":"var(--ast-global-color-5)","background-image":"","background-repeat":"repeat","background-position":"center center","background-size":"auto","background-attachment":"scroll","background-type":"","background-media":"","overlay-type":"","overlay-color":"","overlay-opacity":"","overlay-gradient":""},"mobile":{"background-color":"var(--ast-global-color-5)","background-image":"","background-repeat":"repeat","background-position":"center center","background-size":"auto","background-attachment":"scroll","background-type":"","background-media":"","overlay-type":"","overlay-color":"","overlay-opacity":"","overlay-gradient":""}},"footnotes":""},"class_list":["post-12","page","type-page","status-publish","hentry"],"_links":{"self":[{"href":"https:\/\/buylegitpassports.com\/sv\/wp-json\/wp\/v2\/pages\/12","targetHints":{"allow":["GET"]}}],"collection":[{"href":"https:\/\/buylegitpassports.com\/sv\/wp-json\/wp\/v2\/pages"}],"about":[{"href":"https:\/\/buylegitpassports.com\/sv\/wp-json\/wp\/v2\/types\/page"}],"author":[{"embeddable":true,"href":"https:\/\/buylegitpassports.com\/sv\/wp-json\/wp\/v2\/users\/1"}],"replies":[{"embeddable":true,"href":"https:\/\/buylegitpassports.com\/sv\/wp-json\/wp\/v2\/comments?post=12"}],"version-history":[{"count":0,"href":"https:\/\/buylegitpassports.com\/sv\/wp-json\/wp\/v2\/pages\/12\/revisions"}],"wp:attachment":[{"href":"https:\/\/buylegitpassports.com\/sv\/wp-json\/wp\/v2\/media?parent=12"}],"curies":[{"name":"wp","href":"https:\/\/api.w.org\/{rel}","templated":true}]}}