{"id":393,"date":"2022-12-13T07:07:56","date_gmt":"2022-12-13T07:07:56","guid":{"rendered":"http:\/\/buylegitpassports.com\/?page_id=393"},"modified":"2025-11-11T08:36:09","modified_gmt":"2025-11-11T08:36:09","slug":"como-posso-obter-carta-conducao-california","status":"publish","type":"page","link":"https:\/\/buylegitpassports.com\/pt\/how-can-i-get-california-drivers-license\/","title":{"rendered":"Como posso obter a carta de condu\u00e7\u00e3o da Calif\u00f3rnia?"},"content":{"rendered":"<div data-elementor-type=\"wp-page\" data-elementor-id=\"393\" class=\"elementor elementor-393\" data-elementor-post-type=\"page\">\n\t\t\t\t\t\t<section class=\"elementor-section elementor-top-section elementor-element elementor-element-5981df4 elementor-section-boxed elementor-section-height-default elementor-section-height-default\" data-id=\"5981df4\" data-element_type=\"section\">\n\t\t\t\t\t\t<div class=\"elementor-container elementor-column-gap-default\">\n\t\t\t\t\t<div class=\"elementor-column elementor-col-100 elementor-top-column elementor-element elementor-element-550ece1\" data-id=\"550ece1\" data-element_type=\"column\">\n\t\t\t<div class=\"elementor-widget-wrap elementor-element-populated\">\n\t\t\t\t\t\t<div class=\"elementor-element elementor-element-b573283 elementor-widget elementor-widget-image\" data-id=\"b573283\" data-element_type=\"widget\" data-widget_type=\"image.default\">\n\t\t\t\t<div class=\"elementor-widget-container\">\n\t\t\t\t\t\t\t\t\t\t\t\t\t\t\t<img decoding=\"async\" width=\"260\" height=\"166\" src=\"https:\/\/buylegitpassports.com\/wp-content\/uploads\/2024\/10\/california-driverslicense.jpg\" class=\"attachment-full size-full wp-image-1675\" alt=\"carta de condu\u00e7\u00e3o da calif\u00f3rnia\" \/>\t\t\t\t\t\t\t\t\t\t\t\t\t\t\t<\/div>\n\t\t\t\t<\/div>\n\t\t\t\t<div class=\"elementor-element elementor-element-ff1f540 elementor-widget elementor-widget-text-editor\" data-id=\"ff1f540\" data-element_type=\"widget\" data-widget_type=\"text-editor.default\">\n\t\t\t\t<div class=\"elementor-widget-container\">\n\t\t\t\t\t\t\t\t\t<p>Est\u00e1 pronto para dar o emocionante salto para a idade adulta e a independ\u00eancia obtendo a sua carta de condu\u00e7\u00e3o na Calif\u00f3rnia? Parab\u00e9ns por embarcar neste marco significativo! Embora o processo de obten\u00e7\u00e3o de uma carta de condu\u00e7\u00e3o da Calif\u00f3rnia possa parecer assustador \u00e0 primeira vista, n\u00e3o tema - estamos aqui para o guiar em cada passo do caminho com o nosso guia abrangente e informativo.<\/p>\t\t\t\t\t\t\t\t<\/div>\n\t\t\t\t<\/div>\n\t\t\t\t<div class=\"elementor-element elementor-element-8e3ef9d elementor-widget elementor-widget-heading\" data-id=\"8e3ef9d\" data-element_type=\"widget\" data-widget_type=\"heading.default\">\n\t\t\t\t<div class=\"elementor-widget-container\">\n\t\t\t\t\t<h2 class=\"elementor-heading-title elementor-size-default\">Um guia passo a passo para obter a sua carta de condu\u00e7\u00e3o da Calif\u00f3rnia\n\n<\/h2>\t\t\t\t<\/div>\n\t\t\t\t<\/div>\n\t\t\t\t<div class=\"elementor-element elementor-element-99d6d7d elementor-widget elementor-widget-text-editor\" data-id=\"99d6d7d\" data-element_type=\"widget\" data-widget_type=\"text-editor.default\">\n\t\t\t\t<div class=\"elementor-widget-container\">\n\t\t\t\t\t\t\t\t\t<p>Vamos dividir o processo em etapas gerenci\u00e1veis para garantir uma jornada tranquila e eficiente rumo \u00e0 sua carteira de motorista da Calif\u00f3rnia:<\/p>\t\t\t\t\t\t\t\t<\/div>\n\t\t\t\t<\/div>\n\t\t\t\t\t<\/div>\n\t\t<\/div>\n\t\t\t\t\t<\/div>\n\t\t<\/section>\n\t\t\t\t<section class=\"elementor-section elementor-top-section elementor-element elementor-element-d19cc41 elementor-section-stretched elementor-section-boxed elementor-section-height-default elementor-section-height-default\" data-id=\"d19cc41\" data-element_type=\"section\" data-settings=\"{&quot;stretch_section&quot;:&quot;section-stretched&quot;}\">\n\t\t\t\t\t\t<div class=\"elementor-container elementor-column-gap-default\">\n\t\t\t\t\t<div class=\"elementor-column elementor-col-50 elementor-top-column elementor-element elementor-element-d155bbf\" data-id=\"d155bbf\" data-element_type=\"column\">\n\t\t\t<div class=\"elementor-widget-wrap elementor-element-populated\">\n\t\t\t\t\t\t<div class=\"elementor-element elementor-element-b479814 elementor-widget elementor-widget-heading\" data-id=\"b479814\" data-element_type=\"widget\" data-widget_type=\"heading.default\">\n\t\t\t\t<div class=\"elementor-widget-container\">\n\t\t\t\t\t<h2 class=\"elementor-heading-title elementor-size-default\">Estabelecer resid\u00eancia<\/h2>\t\t\t\t<\/div>\n\t\t\t\t<\/div>\n\t\t\t\t<div class=\"elementor-element elementor-element-7851621 elementor-widget elementor-widget-text-editor\" data-id=\"7851621\" data-element_type=\"widget\" data-widget_type=\"text-editor.default\">\n\t\t\t\t<div class=\"elementor-widget-container\">\n\t\t\t\t\t\t\t\t\t<p>O primeiro passo \u00e9 estabelecer a resid\u00eancia na Calif\u00f3rnia, uma vez que \u00e9 necess\u00e1rio requerer uma carta de condu\u00e7\u00e3o californiana no prazo de dez dias ap\u00f3s a entrada no estado. Para tal, \u00e9 necess\u00e1rio fornecer um endere\u00e7o ou local de resid\u00eancia verific\u00e1vel.<\/p>\t\t\t\t\t\t\t\t<\/div>\n\t\t\t\t<\/div>\n\t\t\t\t<div class=\"elementor-element elementor-element-a948af6 elementor-widget elementor-widget-heading\" data-id=\"a948af6\" data-element_type=\"widget\" data-widget_type=\"heading.default\">\n\t\t\t\t<div class=\"elementor-widget-container\">\n\t\t\t\t\t<h2 class=\"elementor-heading-title elementor-size-default\">Preencher o formul\u00e1rio DL-44<\/h2>\t\t\t\t<\/div>\n\t\t\t\t<\/div>\n\t\t\t\t<div class=\"elementor-element elementor-element-d686428 elementor-widget elementor-widget-text-editor\" data-id=\"d686428\" data-element_type=\"widget\" data-widget_type=\"text-editor.default\">\n\t\t\t\t<div class=\"elementor-widget-container\">\n\t\t\t\t\t\t\t\t\t<p>Visite o escrit\u00f3rio local do DMV para pegar o formul\u00e1rio DL-44, pois ele n\u00e3o pode ser baixado on-line. Este formul\u00e1rio serve como pedido principal para a sua carta de condu\u00e7\u00e3o e deve ser preenchido com exatid\u00e3o.<\/p>\t\t\t\t\t\t\t\t<\/div>\n\t\t\t\t<\/div>\n\t\t\t\t\t<\/div>\n\t\t<\/div>\n\t\t\t\t<div class=\"elementor-column elementor-col-50 elementor-top-column elementor-element elementor-element-7a4e291\" data-id=\"7a4e291\" data-element_type=\"column\">\n\t\t\t<div class=\"elementor-widget-wrap elementor-element-populated\">\n\t\t\t\t\t\t<div class=\"elementor-element elementor-element-d942b7d elementor-widget elementor-widget-heading\" data-id=\"d942b7d\" data-element_type=\"widget\" data-widget_type=\"heading.default\">\n\t\t\t\t<div class=\"elementor-widget-container\">\n\t\t\t\t\t<h2 class=\"elementor-heading-title elementor-size-default\">Marcar uma consulta<\/h2>\t\t\t\t<\/div>\n\t\t\t\t<\/div>\n\t\t\t\t<div class=\"elementor-element elementor-element-5c07789 elementor-widget elementor-widget-text-editor\" data-id=\"5c07789\" data-element_type=\"widget\" data-widget_type=\"text-editor.default\">\n\t\t\t\t<div class=\"elementor-widget-container\">\n\t\t\t\t\t\t\t\t\t<p>Evite o inc\u00f3modo de esperar em longas filas, marcando uma consulta no seu local preferido da DGV. Com uma marca\u00e7\u00e3o, pode acelerar o processo e minimizar os tempos de espera.<\/p>\t\t\t\t\t\t\t\t<\/div>\n\t\t\t\t<\/div>\n\t\t\t\t<div class=\"elementor-element elementor-element-e7e992c elementor-widget elementor-widget-heading\" data-id=\"e7e992c\" data-element_type=\"widget\" data-widget_type=\"heading.default\">\n\t\t\t\t<div class=\"elementor-widget-container\">\n\t\t\t\t\t<h2 class=\"elementor-heading-title elementor-size-default\">Fornecer identifica\u00e7\u00e3o<\/h2>\t\t\t\t<\/div>\n\t\t\t\t<\/div>\n\t\t\t\t<div class=\"elementor-element elementor-element-afc2902 elementor-widget elementor-widget-text-editor\" data-id=\"afc2902\" data-element_type=\"widget\" data-widget_type=\"text-editor.default\">\n\t\t\t\t<div class=\"elementor-widget-container\">\n\t\t\t\t\t\t\t\t\t<p>Apresente documentos de identifica\u00e7\u00e3o v\u00e1lidos para provar a sua identidade, tais como a sua certid\u00e3o de nascimento, cart\u00e3o da Seguran\u00e7a Social, passaporte ou cart\u00e3o de residente permanente. Estes documentos devem ser genu\u00ednos e n\u00e3o ter expirado.<\/p>\t\t\t\t\t\t\t\t<\/div>\n\t\t\t\t<\/div>\n\t\t\t\t\t<\/div>\n\t\t<\/div>\n\t\t\t\t\t<\/div>\n\t\t<\/section>\n\t\t\t\t<section class=\"elementor-section elementor-top-section elementor-element elementor-element-b17cd31 elementor-section-boxed elementor-section-height-default elementor-section-height-default\" data-id=\"b17cd31\" data-element_type=\"section\">\n\t\t\t\t\t\t<div class=\"elementor-container elementor-column-gap-default\">\n\t\t\t\t\t<div class=\"elementor-column elementor-col-100 elementor-top-column elementor-element elementor-element-15c708c\" data-id=\"15c708c\" data-element_type=\"column\">\n\t\t\t<div class=\"elementor-widget-wrap elementor-element-populated\">\n\t\t\t\t\t\t<div class=\"elementor-element elementor-element-f29796f elementor-widget elementor-widget-heading\" data-id=\"f29796f\" data-element_type=\"widget\" data-widget_type=\"heading.default\">\n\t\t\t\t<div class=\"elementor-widget-container\">\n\t\t\t\t\t<h2 class=\"elementor-heading-title elementor-size-default\">Pagar a taxa de licen\u00e7a<\/h2>\t\t\t\t<\/div>\n\t\t\t\t<\/div>\n\t\t\t\t<div class=\"elementor-element elementor-element-6849528 elementor-widget elementor-widget-text-editor\" data-id=\"6849528\" data-element_type=\"widget\" data-widget_type=\"text-editor.default\">\n\t\t\t\t<div class=\"elementor-widget-container\">\n\t\t\t\t\t\t\t\t\t<p>Pagar a taxa da carta de condu\u00e7\u00e3o necess\u00e1ria utilizando d\u00e9bito, cheque ou dinheiro, conforme aceite pelo DMV.<\/p>\t\t\t\t\t\t\t\t<\/div>\n\t\t\t\t<\/div>\n\t\t\t\t\t<\/div>\n\t\t<\/div>\n\t\t\t\t\t<\/div>\n\t\t<\/section>\n\t\t\t\t<section class=\"elementor-section elementor-top-section elementor-element elementor-element-041cd95 elementor-section-stretched elementor-section-boxed elementor-section-height-default elementor-section-height-default\" data-id=\"041cd95\" data-element_type=\"section\" data-settings=\"{&quot;stretch_section&quot;:&quot;section-stretched&quot;}\">\n\t\t\t\t\t\t<div class=\"elementor-container elementor-column-gap-default\">\n\t\t\t\t\t<div class=\"elementor-column elementor-col-33 elementor-top-column elementor-element elementor-element-66613b2\" data-id=\"66613b2\" data-element_type=\"column\">\n\t\t\t<div class=\"elementor-widget-wrap elementor-element-populated\">\n\t\t\t\t\t\t<div class=\"elementor-element elementor-element-3fe4f32 elementor-widget elementor-widget-heading\" data-id=\"3fe4f32\" data-element_type=\"widget\" data-widget_type=\"heading.default\">\n\t\t\t\t<div class=\"elementor-widget-container\">\n\t\t\t\t\t<h2 class=\"elementor-heading-title elementor-size-default\">Fazer o teste escrito<\/h2>\t\t\t\t<\/div>\n\t\t\t\t<\/div>\n\t\t\t\t<div class=\"elementor-element elementor-element-02d66c7 elementor-widget elementor-widget-text-editor\" data-id=\"02d66c7\" data-element_type=\"widget\" data-widget_type=\"text-editor.default\">\n\t\t\t\t<div class=\"elementor-widget-container\">\n\t\t\t\t\t\t\t\t\t<p>Preparar e efetuar o exame escrito, composto por 30 perguntas. Recomendamos que se familiarize previamente com o Manual do Condutor para aumentar as suas hip\u00f3teses de sucesso. Se for titular de uma carta de condu\u00e7\u00e3o de outro estado, pode estar isento de fazer o teste escrito.<\/p>\t\t\t\t\t\t\t\t<\/div>\n\t\t\t\t<\/div>\n\t\t\t\t\t<\/div>\n\t\t<\/div>\n\t\t\t\t<div class=\"elementor-column elementor-col-33 elementor-top-column elementor-element elementor-element-07c0b92\" data-id=\"07c0b92\" data-element_type=\"column\">\n\t\t\t<div class=\"elementor-widget-wrap elementor-element-populated\">\n\t\t\t\t\t\t<div class=\"elementor-element elementor-element-b4fe346 elementor-widget elementor-widget-heading\" data-id=\"b4fe346\" data-element_type=\"widget\" data-widget_type=\"heading.default\">\n\t\t\t\t<div class=\"elementor-widget-container\">\n\t\t\t\t\t<h2 class=\"elementor-heading-title elementor-size-default\">Passar no teste do olho<\/h2>\t\t\t\t<\/div>\n\t\t\t\t<\/div>\n\t\t\t\t<div class=\"elementor-element elementor-element-82fb8dd elementor-widget elementor-widget-text-editor\" data-id=\"82fb8dd\" data-element_type=\"widget\" data-widget_type=\"text-editor.default\">\n\t\t\t\t<div class=\"elementor-widget-container\">\n\t\t\t\t\t\t\t\t\t<p>\u00a0Demonstre a sua acuidade visual passando o teste de vis\u00e3o administrado pela DGV. Consegue ler a primeira linha da tabela oftalmol\u00f3gica?<\/p>\t\t\t\t\t\t\t\t<\/div>\n\t\t\t\t<\/div>\n\t\t\t\t\t<\/div>\n\t\t<\/div>\n\t\t\t\t<div class=\"elementor-column elementor-col-33 elementor-top-column elementor-element elementor-element-4af2aef\" data-id=\"4af2aef\" data-element_type=\"column\">\n\t\t\t<div class=\"elementor-widget-wrap elementor-element-populated\">\n\t\t\t\t\t\t<div class=\"elementor-element elementor-element-aee6e85 elementor-widget elementor-widget-heading\" data-id=\"aee6e85\" data-element_type=\"widget\" data-widget_type=\"heading.default\">\n\t\t\t\t<div class=\"elementor-widget-container\">\n\t\t\t\t\t<h2 class=\"elementor-heading-title elementor-size-default\">Aceitar o teste atr\u00e1s do volante<\/h2>\t\t\t\t<\/div>\n\t\t\t\t<\/div>\n\t\t\t\t<div class=\"elementor-element elementor-element-542d577 elementor-widget elementor-widget-text-editor\" data-id=\"542d577\" data-element_type=\"widget\" data-widget_type=\"text-editor.default\">\n\t\t\t\t<div class=\"elementor-widget-container\">\n\t\t\t\t\t\t\t\t\t<p>\u00a0Por fim, demonstre as suas capacidades de condu\u00e7\u00e3o passando o teste de condu\u00e7\u00e3o ao volante. Ap\u00f3s a conclus\u00e3o bem sucedida, ser-lhe-\u00e1 emitida uma carta de condu\u00e7\u00e3o tempor\u00e1ria, com a carta oficial a chegar pelo correio pouco tempo depois.<\/p>\t\t\t\t\t\t\t\t<\/div>\n\t\t\t\t<\/div>\n\t\t\t\t\t<\/div>\n\t\t<\/div>\n\t\t\t\t\t<\/div>\n\t\t<\/section>\n\t\t\t\t<section class=\"elementor-section elementor-top-section elementor-element elementor-element-13f06fb elementor-section-boxed elementor-section-height-default elementor-section-height-default\" data-id=\"13f06fb\" data-element_type=\"section\">\n\t\t\t\t\t\t<div class=\"elementor-container elementor-column-gap-default\">\n\t\t\t\t\t<div class=\"elementor-column elementor-col-100 elementor-top-column elementor-element elementor-element-fb7c40d\" data-id=\"fb7c40d\" data-element_type=\"column\">\n\t\t\t<div class=\"elementor-widget-wrap elementor-element-populated\">\n\t\t\t\t\t\t<div class=\"elementor-element elementor-element-6632d68 elementor-widget elementor-widget-text-editor\" data-id=\"6632d68\" data-element_type=\"widget\" data-widget_type=\"text-editor.default\">\n\t\t\t\t<div class=\"elementor-widget-container\">\n\t\t\t\t\t\t\t\t\t<p>Depois de passar o teste escrito, \u00e9 altura de se sentar ao volante. Pratique a condu\u00e7\u00e3o com um adulto licenciado com 25 anos ou mais e que tenha uma carta de condu\u00e7\u00e3o v\u00e1lida h\u00e1 pelo menos cinco anos. Utilize este tempo para aumentar a sua confian\u00e7a e compet\u00eancias na estrada<\/p>\t\t\t\t\t\t\t\t<\/div>\n\t\t\t\t<\/div>\n\t\t\t\t<div class=\"elementor-element elementor-element-8eaf624 elementor-widget elementor-widget-text-editor\" data-id=\"8eaf624\" data-element_type=\"widget\" data-widget_type=\"text-editor.default\">\n\t\t\t\t<div class=\"elementor-widget-container\">\n\t\t\t\t\t\t\t\t\t<p>No dia do seu exame de condu\u00e7\u00e3o, chegue cedo e traga o seu pr\u00f3prio ve\u00edculo ou um ve\u00edculo alugado que cumpra os requisitos da DGV. Demonstre a sua capacidade de conduzir um ve\u00edculo em seguran\u00e7a e<a href=\"https:\/\/web.facebook.com\/buylegitpassports\" target=\"_blank\" rel=\"noopener\"> seguir<\/a> as instru\u00e7\u00f5es do examinador. Com habilidade e confian\u00e7a, voc\u00ea vai passar no teste e ganhar sua carteira de motorista da Calif\u00f3rnia.<\/p><p>\u00a0<\/p><p>Parab\u00e9ns! Obteve com sucesso a sua carta de condu\u00e7\u00e3o da Calif\u00f3rnia. Reserve um momento para celebrar este marco e abra\u00e7ar a liberdade da estrada aberta.<\/p>\t\t\t\t\t\t\t\t<\/div>\n\t\t\t\t<\/div>\n\t\t\t\t\t<\/div>\n\t\t<\/div>\n\t\t\t\t\t<\/div>\n\t\t<\/section>\n\t\t\t\t<section class=\"elementor-section elementor-top-section elementor-element elementor-element-acad405 elementor-section-stretched elementor-section-boxed elementor-section-height-default elementor-section-height-default\" data-id=\"acad405\" data-element_type=\"section\" data-settings=\"{&quot;stretch_section&quot;:&quot;section-stretched&quot;}\">\n\t\t\t\t\t\t<div class=\"elementor-container elementor-column-gap-default\">\n\t\t\t\t\t<div class=\"elementor-column elementor-col-100 elementor-top-column elementor-element elementor-element-69b86cd\" data-id=\"69b86cd\" data-element_type=\"column\">\n\t\t\t<div class=\"elementor-widget-wrap elementor-element-populated\">\n\t\t\t\t\t\t<div class=\"elementor-element elementor-element-f45b795 elementor-widget elementor-widget-heading\" data-id=\"f45b795\" data-element_type=\"widget\" data-widget_type=\"heading.default\">\n\t\t\t\t<div class=\"elementor-widget-container\">\n\t\t\t\t\t<h2 class=\"elementor-heading-title elementor-size-default\">Restri\u00e7\u00f5es de idade e considera\u00e7\u00f5es especiais<\/h2>\t\t\t\t<\/div>\n\t\t\t\t<\/div>\n\t\t\t\t<div class=\"elementor-element elementor-element-76d11a3 elementor-widget elementor-widget-text-editor\" data-id=\"76d11a3\" data-element_type=\"widget\" data-widget_type=\"text-editor.default\">\n\t\t\t\t<div class=\"elementor-widget-container\">\n\t\t\t\t\t\t\t\t\t<p>Se tiver 18 anos ou mais, n\u00e3o existem restri\u00e7\u00f5es relacionadas com a idade para obter o seu <a href=\"https:\/\/buylegitpassports.com\/pt\/carta-de-conducao-california\/\">Carta de condu\u00e7\u00e3o da Calif\u00f3rnia<\/a> - basta seguir os passos descritos acima. No entanto, se tiver 16 anos, \u00e9 eleg\u00edvel para uma carta de condu\u00e7\u00e3o provis\u00f3ria depois de concluir um curso de forma\u00e7\u00e3o de condutores. Al\u00e9m disso, se tiver 17 anos e meio, pode candidatar-se a uma licen\u00e7a provis\u00f3ria sem concluir um curso de forma\u00e7\u00e3o de condutores.<\/p>\t\t\t\t\t\t\t\t<\/div>\n\t\t\t\t<\/div>\n\t\t\t\t<div class=\"elementor-element elementor-element-401f96a elementor-widget elementor-widget-text-editor\" data-id=\"401f96a\" data-element_type=\"widget\" data-widget_type=\"text-editor.default\">\n\t\t\t\t<div class=\"elementor-widget-container\">\n\t\t\t\t\t\t\t\t\t<p>Seguindo estes passos e mantendo-se concentrado no seu objetivo, pode navegar facilmente no processo de obten\u00e7\u00e3o da sua carta de condu\u00e7\u00e3o da Calif\u00f3rnia. Lembre-se de conduzir com seguran\u00e7a, respeitar as regras da estrada e desfrutar da viagem que tem pela frente.<\/p>\t\t\t\t\t\t\t\t<\/div>\n\t\t\t\t<\/div>\n\t\t\t\t\t<\/div>\n\t\t<\/div>\n\t\t\t\t\t<\/div>\n\t\t<\/section>\n\t\t\t\t<\/div>","protected":false},"excerpt":{"rendered":"<p>Are you ready to take the exciting leap into adulthood and independence by obtaining your drivers license in California? Congratulations [&hellip;]<\/p>\n","protected":false},"author":1,"featured_media":0,"parent":0,"menu_order":0,"comment_status":"closed","ping_status":"closed","template":"","meta":{"site-sidebar-layout":"default","site-content-layout":"","ast-site-content-layout":"","site-content-style":"default","site-sidebar-style":"default","ast-global-header-display":"","ast-banner-title-visibility":"","ast-main-header-display":"","ast-hfb-above-header-display":"","ast-hfb-below-header-display":"","ast-hfb-mobile-header-display":"","site-post-title":"","ast-breadcrumbs-content":"","ast-featured-img":"","footer-sml-layout":"","theme-transparent-header-meta":"","adv-header-id-meta":"","stick-header-meta":"","header-above-stick-meta":"","header-main-stick-meta":"","header-below-stick-meta":"","astra-migrate-meta-layouts":"default","ast-page-background-enabled":"default","ast-page-background-meta":{"desktop":{"background-color":"var(--ast-global-color-4)","background-image":"","background-repeat":"repeat","background-position":"center center","background-size":"auto","background-attachment":"scroll","background-type":"","background-media":"","overlay-type":"","overlay-color":"","overlay-opacity":"","overlay-gradient":""},"tablet":{"background-color":"","background-image":"","background-repeat":"repeat","background-position":"center center","background-size":"auto","background-attachment":"scroll","background-type":"","background-media":"","overlay-type":"","overlay-color":"","overlay-opacity":"","overlay-gradient":""},"mobile":{"background-color":"","background-image":"","background-repeat":"repeat","background-position":"center center","background-size":"auto","background-attachment":"scroll","background-type":"","background-media":"","overlay-type":"","overlay-color":"","overlay-opacity":"","overlay-gradient":""}},"ast-content-background-meta":{"desktop":{"background-color":"var(--ast-global-color-5)","background-image":"","background-repeat":"repeat","background-position":"center center","background-size":"auto","background-attachment":"scroll","background-type":"","background-media":"","overlay-type":"","overlay-color":"","overlay-opacity":"","overlay-gradient":""},"tablet":{"background-color":"var(--ast-global-color-5)","background-image":"","background-repeat":"repeat","background-position":"center center","background-size":"auto","background-attachment":"scroll","background-type":"","background-media":"","overlay-type":"","overlay-color":"","overlay-opacity":"","overlay-gradient":""},"mobile":{"background-color":"var(--ast-global-color-5)","background-image":"","background-repeat":"repeat","background-position":"center center","background-size":"auto","background-attachment":"scroll","background-type":"","background-media":"","overlay-type":"","overlay-color":"","overlay-opacity":"","overlay-gradient":""}},"footnotes":""},"class_list":["post-393","page","type-page","status-publish","hentry"],"_links":{"self":[{"href":"https:\/\/buylegitpassports.com\/pt\/wp-json\/wp\/v2\/pages\/393","targetHints":{"allow":["GET"]}}],"collection":[{"href":"https:\/\/buylegitpassports.com\/pt\/wp-json\/wp\/v2\/pages"}],"about":[{"href":"https:\/\/buylegitpassports.com\/pt\/wp-json\/wp\/v2\/types\/page"}],"author":[{"embeddable":true,"href":"https:\/\/buylegitpassports.com\/pt\/wp-json\/wp\/v2\/users\/1"}],"replies":[{"embeddable":true,"href":"https:\/\/buylegitpassports.com\/pt\/wp-json\/wp\/v2\/comments?post=393"}],"version-history":[{"count":0,"href":"https:\/\/buylegitpassports.com\/pt\/wp-json\/wp\/v2\/pages\/393\/revisions"}],"wp:attachment":[{"href":"https:\/\/buylegitpassports.com\/pt\/wp-json\/wp\/v2\/media?parent=393"}],"curies":[{"name":"wp","href":"https:\/\/api.w.org\/{rel}","templated":true}]}}