{"id":8,"date":"2022-06-06T08:51:21","date_gmt":"2022-06-06T08:51:21","guid":{"rendered":"https:\/\/gorgeavilson.us7.instawp.xyz\/?page_id=8"},"modified":"2025-11-11T21:07:44","modified_gmt":"2025-11-11T21:07:44","slug":"o-nas","status":"publish","type":"page","link":"https:\/\/buylegitpassports.com\/pl\/about-us\/","title":{"rendered":"O nas"},"content":{"rendered":"<div data-elementor-type=\"wp-page\" data-elementor-id=\"8\" class=\"elementor elementor-8\" data-elementor-post-type=\"page\">\n\t\t\t\t\t\t<section class=\"elementor-section elementor-top-section elementor-element elementor-element-f213012 elementor-section-full_width elementor-section-stretched elementor-section-height-default elementor-section-height-default\" data-id=\"f213012\" data-element_type=\"section\" data-settings=\"{&quot;stretch_section&quot;:&quot;section-stretched&quot;}\">\n\t\t\t\t\t\t<div class=\"elementor-container elementor-column-gap-default\">\n\t\t\t\t\t<div class=\"elementor-column elementor-col-100 elementor-top-column elementor-element elementor-element-bf36c47\" data-id=\"bf36c47\" data-element_type=\"column\">\n\t\t\t<div class=\"elementor-widget-wrap elementor-element-populated\">\n\t\t\t\t\t\t<div class=\"elementor-element elementor-element-a3f3fb5 elementor-widget elementor-widget-html\" data-id=\"a3f3fb5\" data-element_type=\"widget\" data-widget_type=\"html.default\">\n\t\t\t\t<div class=\"elementor-widget-container\">\n\t\t\t\t\t<section style=\"background:#181f2e; color:#fff; padding:50px 0 32px 0; border-radius:13px; margin-bottom:20px;\">\r\n  <div style=\"max-width:1080px; margin:0 auto; display:flex; align-items:center; gap:38px; flex-wrap:wrap; padding:0 18px;\">\r\n    <div style=\"flex:1 1 340px; min-width:220px;\">\r\n      <img decoding=\"async\" src=\"https:\/\/buylegitpassports.com\/wp-content\/uploads\/2024\/05\/Untitled-design-1-1024x480.jpg\" alt=\"Informacje o BuyLegitPassports\" style=\"width:100%; max-width:380px; border-radius:9px; box-shadow:0 3px 26px #001c33aa;\">\r\n    <\/div>\r\n    <div style=\"flex:2 1 420px; min-width:260px;\">\r\n      <h1 style=\"color:#ffcc00; font-size:2.1em; margin-bottom:13px;\">Informacje o BuyLegitPassports - zaufane dokumenty, us\u0142ugi globalne<\/h1>\r\n      <p style=\"font-size:1.18em; color:#eaf0ff; margin-bottom:17px;\">\r\n        BuyLegitPassports jest \u015bwiatowym liderem w zakresie bezpiecznych us\u0142ug zwi\u0105zanych z dokumentami premium - pomagaj\u0105c prawdziwym ludziom w przeprowadzce, pracy i rozpocz\u0119ciu nowego \u017cycia z zachowaniem prywatno\u015bci i bez stresu.<br><br>\r\n        Nasz zesp\u00f3\u0142 wsp\u00f3\u0142pracuje bezpo\u015brednio z klientami w ponad 50 krajach, oferuj\u0105c zar\u00f3wno rz\u0105dowe bazy danych, jak i repliki dokument\u00f3w. Ka\u017cde zam\u00f3wienie jest prywatne, szybkie i dostosowane do potrzeb klienta.\r\n      <\/p>\r\n      <a href=\"https:\/\/wa.me\/4917636223102\" style=\"background:#25d366; color:#fff; padding:12px 30px; border-radius:6px; text-decoration:none; font-weight:700; font-size:1.07em; display:inline-block; margin-top:8px;\" target=\"_blank\" rel=\"noopener\">\r\n        WhatsApp: +49 176 36223102\r\n      <\/a>\r\n      <a href=\"mailto:buylegitpassport@gmail.com\" style=\"background:#ff4444; color:#fff; padding:12px 30px; border-radius:6px; text-decoration:none; font-weight:700; font-size:1.07em; display:inline-block; margin-left:10px; margin-top:8px;\">\r\n        E-mail: buylegitpassport@gmail.com\r\n      <\/a>\r\n    <\/div>\r\n  <\/div>\r\n<\/section>\r\n\t\t\t\t<\/div>\n\t\t\t\t<\/div>\n\t\t\t\t<div class=\"elementor-element elementor-element-e3f757c elementor-widget elementor-widget-html\" data-id=\"e3f757c\" data-element_type=\"widget\" data-widget_type=\"html.default\">\n\t\t\t\t<div class=\"elementor-widget-container\">\n\t\t\t\t\t<!-- WHY CHOOSE US SECTION -->\r\n<section style=\"background:#202945; color:#fff; padding:40px 0 22px 0; border-radius:13px; margin-bottom:24px;\">\r\n  <div style=\"max-width:1080px; margin:0 auto; padding:0 18px;\">\r\n    <h2 style=\"color:#25d366; text-align:center; font-size:2em; margin-bottom:18px;\">\r\n      Dlaczego ludzie ufaj\u0105 BuyLegitPassports?\r\n    <\/h2>\r\n    <div style=\"display:grid; grid-template-columns:repeat(auto-fit,minmax(250px,1fr)); gap:19px;\">\r\n      <div style=\"background:#283257; border-radius:10px; padding:26px 19px;\">\r\n        <h3 style=\"color:#ffcc00; font-size:1.09em; margin-bottom:7px;\">Prawdziwe wyniki, bez stresu<\/h3>\r\n        <p style=\"margin:0;\">Za\u0142atwiamy to - dokumenty zarejestrowane lub repliki, zero dramat\u00f3w, dostarczane z zachowaniem ca\u0142kowitej prywatno\u015bci. Nasze wyniki m\u00f3wi\u0105 same za siebie.<\/p>\r\n      <\/div>\r\n      <div style=\"background:#283257; border-radius:10px; padding:26px 19px;\">\r\n        <h3 style=\"color:#ffcc00; font-size:1.09em; margin-bottom:7px;\">Globalny zasi\u0119g, lokalna wiedza<\/h3>\r\n        <p style=\"margin:0;\">Klienci w Europie, Wielkiej Brytanii, USA, Zjednoczonych Emiratach Arabskich, Azji i poza ni\u0105 - nasza sie\u0107 jest globalna, ale nasze wsparcie jest lokalne i osobiste.<\/p>\r\n      <\/div>\r\n      <div style=\"background:#283257; border-radius:10px; padding:26px 19px;\">\r\n        <h3 style=\"color:#ffcc00; font-size:1.09em; margin-bottom:7px;\">Dyskretny, bezpieczny, szybki<\/h3>\r\n        <p style=\"margin:0;\">Chronimy Twoje dane. Ka\u017cde zam\u00f3wienie jest szyfrowane, ka\u017cda dostawa jest \u015bledzona, a Twoja to\u017csamo\u015b\u0107 jest zawsze bezpieczna.<\/p>\r\n      <\/div>\r\n      <div style=\"background:#283257; border-radius:10px; padding:26px 19px;\">\r\n        <h3 style=\"color:#ffcc00; font-size:1.09em; margin-bottom:7px;\">100% Wsparcie dla ludzi<\/h3>\r\n        <p style=\"margin:0;\">\u017badnych bot\u00f3w. Prawdziwi ludzie, prawdziwa pomoc, 24 godziny na dob\u0119, 7 dni w tygodniu za po\u015brednictwem WhatsApp i poczty e-mail - wi\u0119c nigdy nie jeste\u015b pozostawiony w ciemno\u015bci lub zdany na siebie.<\/p>\r\n      <\/div>\r\n      <div style=\"background:#283257; border-radius:10px; padding:26px 19px;\">\r\n        <h3 style=\"color:#ffcc00; font-size:1.09em; margin-bottom:7px;\">Gwarancja zwrotu pieni\u0119dzy<\/h3>\r\n        <p style=\"margin:0;\">Nie jeste\u015b zadowolony? Naprawimy go lub otrzymasz zwrot pieni\u0119dzy. Prostota. \u017badnych k\u0142\u00f3tni, \u017cadnych gierek, tylko rozwi\u0105zania.<\/p>\r\n      <\/div>\r\n      <div style=\"background:#283257; border-radius:10px; padding:26px 19px;\">\r\n        <h3 style=\"color:#ffcc00; font-size:1.09em; margin-bottom:7px;\">Ponad 15 lat do\u015bwiadczenia<\/h3>\r\n        <p style=\"margin:0;\">Nasz zesp\u00f3\u0142 zna ka\u017cdy system, ka\u017cd\u0105 luk\u0119 i ka\u017cdy szczeg\u00f3\u0142. Dlatego nasi klienci do nas wracaj\u0105 i wysy\u0142aj\u0105 swoich znajomych.<\/p>\r\n      <\/div>\r\n    <\/div>\r\n  <\/div>\r\n<\/section>\r\n\t\t\t\t<\/div>\n\t\t\t\t<\/div>\n\t\t\t\t<div class=\"elementor-element elementor-element-60f765a elementor-widget elementor-widget-html\" data-id=\"60f765a\" data-element_type=\"widget\" data-widget_type=\"html.default\">\n\t\t\t\t<div class=\"elementor-widget-container\">\n\t\t\t\t\t<!-- OUR GLOBAL SERVICES GRID -->\r\n<section style=\"background:#151c28; color:#fff; padding:44px 0 26px 0; border-radius:13px; margin-bottom:24px;\">\r\n  <div style=\"max-width:1120px; margin:0 auto; padding:0 16px;\">\r\n    <h2 style=\"color:#ffcc00; text-align:center; font-size:2em; margin-bottom:25px;\">\r\n      Nasze najpopularniejsze us\u0142ugi - na ca\u0142ym \u015bwiecie\r\n    <\/h2>\r\n    <div style=\"display:grid; grid-template-columns:repeat(auto-fit,minmax(230px,1fr)); gap:18px;\">\r\n\r\n      <!-- Service Card 1 -->\r\n      <div style=\"background:#222945; border-radius:9px; box-shadow:0 2px 16px #001c3380; padding:21px 17px; text-align:center;\">\r\n        <img decoding=\"async\" src=\"https:\/\/buylegitpassports.com\/wp-content\/uploads\/2024\/08\/Real-And-Fake-Passport.png\" alt=\"Paszporty\" style=\"width:74px; margin-bottom:10px; border-radius:5px;\">\r\n        <h3 style=\"color:#25d366; font-size:1.1em; margin:0 0 5px 0;\">Kupuj prawdziwe i fa\u0142szywe paszporty<\/h3>\r\n        <p style=\"font-size:0.97em; color:#d8e7ff;\">UE, USA, Wielka Brytania, Kanada i wi\u0119cej - zarejestrowana lub replika, dyskretna dostawa na ca\u0142ym \u015bwiecie.<\/p>\r\n        <a href=\"https:\/\/buylegitpassports.com\/pl\/prawdziwy-i-falszywy-paszport\/\" style=\"display:inline-block; margin-top:7px; padding:8px 17px; border-radius:5px; background:#25d366; color:#fff; font-weight:700; text-decoration:none; font-size:0.98em;\">Wy\u015bwietl us\u0142ug\u0119<\/a>\r\n      <\/div>\r\n\r\n      <!-- Service Card 2 -->\r\n      <div style=\"background:#222945; border-radius:9px; box-shadow:0 2px 16px #001c3380; padding:21px 17px; text-align:center;\">\r\n        <img decoding=\"async\" src=\"https:\/\/buylegitpassports.com\/wp-content\/uploads\/2024\/05\/Buy-Germany-Driving-License.jpg\" alt=\"Prawo jazdy\" style=\"width:74px; margin-bottom:10px; border-radius:5px;\">\r\n        <h3 style=\"color:#25d366; font-size:1.1em; margin:0 0 5px 0;\">Kupuj prawdziwe i fa\u0142szywe prawa jazdy<\/h3>\r\n        <p style=\"font-size:0.97em; color:#d8e7ff;\">UE, USA, Wielka Brytania, Zjednoczone Emiraty Arabskie, Brazylia i nie tylko. Legalne, mo\u017cliwe do zeskanowania, bez test\u00f3w i stresu.<\/p>\r\n        <a href=\"https:\/\/buylegitpassports.com\/pl\/kupic-prawdziwe-i-falszywe-prawa-jazdy\/\" style=\"display:inline-block; margin-top:7px; padding:8px 17px; border-radius:5px; background:#25d366; color:#fff; font-weight:700; text-decoration:none; font-size:0.98em;\">Wy\u015bwietl us\u0142ug\u0119<\/a>\r\n      <\/div>\r\n\r\n      <!-- Service Card 3 -->\r\n      <div style=\"background:#222945; border-radius:9px; box-shadow:0 2px 16px #001c3380; padding:21px 17px; text-align:center;\">\r\n        <img decoding=\"async\" src=\"https:\/\/buylegitpassports.com\/wp-content\/uploads\/2024\/09\/us-id-card-template.png\" alt=\"Karty identyfikacyjne\" style=\"width:74px; margin-bottom:10px; border-radius:5px;\">\r\n        <h3 style=\"color:#25d366; font-size:1.1em; margin:0 0 5px 0;\">Kup fa\u0142szywe i prawdziwe dowody osobiste<\/h3>\r\n        <p style=\"font-size:0.97em; color:#d8e7ff;\">USA, Wielka Brytania, UE, Azja - skanowanie, niestandardowe, prywatne 100%, globalna wysy\u0142ka.<\/p>\r\n        <a href=\"https:\/\/buylegitpassports.com\/pl\/dowody-osobiste\/\" style=\"display:inline-block; margin-top:7px; padding:8px 17px; border-radius:5px; background:#25d366; color:#fff; font-weight:700; text-decoration:none; font-size:0.98em;\">Wy\u015bwietl us\u0142ug\u0119<\/a>\r\n      <\/div>\r\n\r\n      <!-- Service Card 4 -->\r\n      <div style=\"background:#222945; border-radius:9px; box-shadow:0 2px 16px #001c3380; padding:21px 17px; text-align:center;\">\r\n        <img decoding=\"async\" src=\"https:\/\/buylegitpassports.com\/wp-content\/uploads\/2024\/08\/Buy-Green-Card-Online.png\" alt=\"Zielona karta\" style=\"width:74px; margin-bottom:10px; border-radius:5px;\">\r\n        <h3 style=\"color:#25d366; font-size:1.1em; margin:0 0 5px 0;\">Zielone karty USA<\/h3>\r\n        <p style=\"font-size:0.97em; color:#d8e7ff;\">Sta\u0142y pobyt, praca i \u017cycie w USA. Zarejestrowany i mo\u017cliwy do zweryfikowania.<\/p>\r\n        <a href=\"https:\/\/buylegitpassports.com\/pl\/kupic-green-card-online\/\" style=\"display:inline-block; margin-top:7px; padding:8px 17px; border-radius:5px; background:#25d366; color:#fff; font-weight:700; text-decoration:none; font-size:0.98em;\">Wy\u015bwietl us\u0142ug\u0119<\/a>\r\n      <\/div>\r\n\r\n      <!-- Service Card 5 -->\r\n      <div style=\"background:#222945; border-radius:9px; box-shadow:0 2px 16px #001c3380; padding:21px 17px; text-align:center;\">\r\n        <img decoding=\"async\" src=\"https:\/\/buylegitpassports.com\/wp-content\/uploads\/2024\/06\/ssn.png\" alt=\"Karta SSN\" style=\"width:74px; margin-bottom:10px; border-radius:5px;\">\r\n        <h3 style=\"color:#25d366; font-size:1.1em; margin:0 0 5px 0;\">Karty ubezpieczenia spo\u0142ecznego<\/h3>\r\n        <p style=\"font-size:0.97em; color:#d8e7ff;\">Zam\u00f3w ameryka\u0144skie karty SSN - niestandardowe, szybkie i zweryfikowane w bazie danych do rzeczywistego u\u017cytku.<\/p>\r\n        <a href=\"https:\/\/buylegitpassports.com\/pl\/karta-numeru-ubezpieczenia-spolecznego\/\" style=\"display:inline-block; margin-top:7px; padding:8px 17px; border-radius:5px; background:#25d366; color:#fff; font-weight:700; text-decoration:none; font-size:0.98em;\">Wy\u015bwietl us\u0142ug\u0119<\/a>\r\n      <\/div>\r\n\r\n      <!-- Service Card 6 -->\r\n      <div style=\"background:#222945; border-radius:9px; box-shadow:0 2px 16px #001c3380; padding:21px 17px; text-align:center;\">\r\n        <img decoding=\"async\" src=\"https:\/\/buylegitpassports.com\/wp-content\/uploads\/2024\/06\/diploma-certificate.png\" alt=\"Dyplomy\" style=\"width:74px; margin-bottom:10px; border-radius:5px;\">\r\n        <h3 style=\"color:#25d366; font-size:1.1em; margin:0 0 5px 0;\">Dyplomy i certyfikaty<\/h3>\r\n        <p style=\"font-size:0.97em; color:#d8e7ff;\">Kupuj prawdziwe\/fa\u0142szywe dyplomy, IELTS\/TOEFL, dokumenty uniwersyteckie - akceptowane i skanowane.<\/p>\r\n        <a href=\"https:\/\/buylegitpassports.com\/pl\/buy-real-fake-diploma\/\" style=\"display:inline-block; margin-top:7px; padding:8px 17px; border-radius:5px; background:#25d366; color:#fff; font-weight:700; text-decoration:none; font-size:0.98em;\">Wy\u015bwietl us\u0142ug\u0119<\/a>\r\n      <\/div>\r\n\r\n      <!-- Add more cards as needed! -->\r\n    <\/div>\r\n  <\/div>\r\n<\/section>\r\n\t\t\t\t<\/div>\n\t\t\t\t<\/div>\n\t\t\t\t<div class=\"elementor-element elementor-element-e2deaaa elementor-widget elementor-widget-html\" data-id=\"e2deaaa\" data-element_type=\"widget\" data-widget_type=\"html.default\">\n\t\t\t\t<div class=\"elementor-widget-container\">\n\t\t\t\t\t<!-- CONTACT CTA + TRUST BADGES \/ LINKS -->\r\n<section style=\"background:#181f2e; color:#fff; padding:38px 0 24px 0; border-radius:13px; margin-bottom:22px;\">\r\n  <div style=\"max-width:900px; margin:0 auto; text-align:center; padding:0 18px;\">\r\n    <h2 style=\"color:#25d366; font-size:1.5em; margin-bottom:17px;\">Gotowy do rozpocz\u0119cia?<\/h2>\r\n    <p style=\"font-size:1.08em; color:#eaf0ff; margin-bottom:25px;\">\r\n      Skontaktuj si\u0119 z naszym zespo\u0142em wsparcia 24\/7, aby uzyska\u0107 szybkie odpowiedzi, wyceny i prawdziwe porady.<br>\r\n      Pomagamy klientom w ponad 50 krajach uzyska\u0107 potrzebne dokumenty - szybko, bezpiecznie i dyskretnie.\r\n    <\/p>\r\n    <a href=\"https:\/\/wa.me\/4917636223102\" style=\"background:#25d366; color:#fff; padding:16px 34px; border-radius:7px; text-decoration:none; font-weight:700; font-size:1.14em; display:inline-block; margin:0 9px 13px 0;\" target=\"_blank\" rel=\"noopener\">\r\n      WhatsApp: +49 176 36223102\r\n    <\/a>\r\n    <a href=\"mailto:buylegitpassport@gmail.com\" style=\"background:#ff4444; color:#fff; padding:16px 34px; border-radius:7px; text-decoration:none; font-weight:700; font-size:1.14em; display:inline-block; margin:0 0 13px 0;\">\r\n      E-mail: buylegitpassport@gmail.com\r\n    <\/a>\r\n\r\n    <!-- TRUST BADGES \/ AUTHORITIES \/ LINKS -->\r\n    <div style=\"display:flex; flex-wrap:wrap; gap:22px; justify-content:center; margin-top:30px;\">\r\n      <div style=\"background:#fff; color:#111; border-radius:6px; padding:14px 19px; font-size:1em; min-width:120px; box-shadow:0 2px 10px #001c3355; font-weight:600;\">\r\n        Ponad 15 lat zaufania\r\n      <\/div>\r\n      <div style=\"background:#fff; color:#111; border-radius:6px; padding:14px 19px; font-size:1em; min-width:120px; box-shadow:0 2px 10px #001c3355; font-weight:600;\">\r\n        Ponad 2000 klient\u00f3w\r\n      <\/div>\r\n      <div style=\"background:#fff; color:#111; border-radius:6px; padding:14px 19px; font-size:1em; min-width:120px; box-shadow:0 2px 10px #001c3355; font-weight:600;\">\r\n        Wsparcie 24\/7\r\n      <\/div>\r\n      <div style=\"background:#fff; color:#111; border-radius:6px; padding:14px 19px; font-size:1em; min-width:120px; box-shadow:0 2px 10px #001c3355; font-weight:600;\">\r\n        P\u0142atno\u015bci kryptowalutowe\r\n      <\/div>\r\n    <\/div>\r\n\r\n    <!-- INTERNAL LINKS (optional, can add more\/less as needed) -->\r\n    <div style=\"margin-top:35px; color:#ccc; font-size:1.01em;\">\r\n      <a href=\"https:\/\/buylegitpassports.com\/pl\/oleskeluluvat\/\" style=\"color:#25d366; text-decoration:underline; margin:0 14px 0 0;\">Wszystkie us\u0142ugi<\/a>\r\n      <a href=\"https:\/\/buylegitpassports.com\/pl\/payment-refunds\/\" style=\"color:#25d366; text-decoration:underline; margin:0 14px;\">Polityka p\u0142atno\u015bci i zwrot\u00f3w<\/a>\r\n      <a href=\"https:\/\/buylegitpassports.com\/pl\/prawdziwy-i-falszywy-paszport\/\" style=\"color:#25d366; text-decoration:underline;\">Paszporty<\/a>\r\n    <\/div>\r\n  <\/div>\r\n<\/section>\r\n\t\t\t\t<\/div>\n\t\t\t\t<\/div>\n\t\t\t\t\t<\/div>\n\t\t<\/div>\n\t\t\t\t\t<\/div>\n\t\t<\/section>\n\t\t\t\t<\/div>","protected":false},"excerpt":{"rendered":"<p>About BuyLegitPassports \u2014 Trusted Documents, Global Service BuyLegitPassports is a global leader in premium, secure document services\u2014helping real people move, [&hellip;]<\/p>\n","protected":false},"author":1,"featured_media":0,"parent":0,"menu_order":0,"comment_status":"closed","ping_status":"closed","template":"","meta":{"site-sidebar-layout":"no-sidebar","site-content-layout":"","ast-site-content-layout":"full-width-container","site-content-style":"default","site-sidebar-style":"default","ast-global-header-display":"","ast-banner-title-visibility":"","ast-main-header-display":"","ast-hfb-above-header-display":"","ast-hfb-below-header-display":"","ast-hfb-mobile-header-display":"","site-post-title":"disabled","ast-breadcrumbs-content":"","ast-featured-img":"disabled","footer-sml-layout":"","theme-transparent-header-meta":"","adv-header-id-meta":"","stick-header-meta":"","header-above-stick-meta":"","header-main-stick-meta":"","header-below-stick-meta":"","astra-migrate-meta-layouts":"default","ast-page-background-enabled":"default","ast-page-background-meta":{"desktop":{"background-color":"var(--ast-global-color-4)","background-image":"","background-repeat":"repeat","background-position":"center center","background-size":"auto","background-attachment":"scroll","background-type":"","background-media":"","overlay-type":"","overlay-color":"","overlay-opacity":"","overlay-gradient":""},"tablet":{"background-color":"","background-image":"","background-repeat":"repeat","background-position":"center center","background-size":"auto","background-attachment":"scroll","background-type":"","background-media":"","overlay-type":"","overlay-color":"","overlay-opacity":"","overlay-gradient":""},"mobile":{"background-color":"","background-image":"","background-repeat":"repeat","background-position":"center center","background-size":"auto","background-attachment":"scroll","background-type":"","background-media":"","overlay-type":"","overlay-color":"","overlay-opacity":"","overlay-gradient":""}},"ast-content-background-meta":{"desktop":{"background-color":"var(--ast-global-color-5)","background-image":"","background-repeat":"repeat","background-position":"center center","background-size":"auto","background-attachment":"scroll","background-type":"","background-media":"","overlay-type":"","overlay-color":"","overlay-opacity":"","overlay-gradient":""},"tablet":{"background-color":"var(--ast-global-color-5)","background-image":"","background-repeat":"repeat","background-position":"center center","background-size":"auto","background-attachment":"scroll","background-type":"","background-media":"","overlay-type":"","overlay-color":"","overlay-opacity":"","overlay-gradient":""},"mobile":{"background-color":"var(--ast-global-color-5)","background-image":"","background-repeat":"repeat","background-position":"center center","background-size":"auto","background-attachment":"scroll","background-type":"","background-media":"","overlay-type":"","overlay-color":"","overlay-opacity":"","overlay-gradient":""}},"footnotes":""},"class_list":["post-8","page","type-page","status-publish","hentry"],"_links":{"self":[{"href":"https:\/\/buylegitpassports.com\/pl\/wp-json\/wp\/v2\/pages\/8","targetHints":{"allow":["GET"]}}],"collection":[{"href":"https:\/\/buylegitpassports.com\/pl\/wp-json\/wp\/v2\/pages"}],"about":[{"href":"https:\/\/buylegitpassports.com\/pl\/wp-json\/wp\/v2\/types\/page"}],"author":[{"embeddable":true,"href":"https:\/\/buylegitpassports.com\/pl\/wp-json\/wp\/v2\/users\/1"}],"replies":[{"embeddable":true,"href":"https:\/\/buylegitpassports.com\/pl\/wp-json\/wp\/v2\/comments?post=8"}],"version-history":[{"count":0,"href":"https:\/\/buylegitpassports.com\/pl\/wp-json\/wp\/v2\/pages\/8\/revisions"}],"wp:attachment":[{"href":"https:\/\/buylegitpassports.com\/pl\/wp-json\/wp\/v2\/media?parent=8"}],"curies":[{"name":"wp","href":"https:\/\/api.w.org\/{rel}","templated":true}]}}