{"id":401,"date":"2022-12-13T07:28:58","date_gmt":"2022-12-13T07:28:58","guid":{"rendered":"http:\/\/buylegitpassports.com\/?page_id=401"},"modified":"2025-11-09T12:48:13","modified_gmt":"2025-11-09T12:48:13","slug":"kupic-falszywa-karte-numeru-ubezpieczenia-spolecznego","status":"publish","type":"page","link":"https:\/\/buylegitpassports.com\/pl\/buy-fake-social-security-number-card\/","title":{"rendered":"Najlepsze miejsce na zakup fa\u0142szywej karty ubezpieczenia spo\u0142ecznego"},"content":{"rendered":"<div data-elementor-type=\"wp-page\" data-elementor-id=\"401\" class=\"elementor elementor-401\" data-elementor-post-type=\"page\">\n\t\t\t\t\t\t<section class=\"elementor-section elementor-top-section elementor-element elementor-element-a946913 elementor-section-full_width elementor-section-stretched elementor-section-height-default elementor-section-height-default\" data-id=\"a946913\" data-element_type=\"section\" data-settings=\"{&quot;stretch_section&quot;:&quot;section-stretched&quot;}\">\n\t\t\t\t\t\t<div class=\"elementor-container elementor-column-gap-default\">\n\t\t\t\t\t<div class=\"elementor-column elementor-col-100 elementor-top-column elementor-element elementor-element-3f8d100\" data-id=\"3f8d100\" data-element_type=\"column\">\n\t\t\t<div class=\"elementor-widget-wrap elementor-element-populated\">\n\t\t\t\t\t\t<div class=\"elementor-element elementor-element-8cea8af elementor-widget elementor-widget-html\" data-id=\"8cea8af\" data-element_type=\"widget\" data-widget_type=\"html.default\">\n\t\t\t\t<div class=\"elementor-widget-container\">\n\t\t\t\t\t<div itemscope itemtype=\"https:\/\/schema.org\/Service\" class=\"elementor-widget-container\">\n  <meta itemprop=\"name\" content=\"Buy Fake Social Security Number Card Online | Scannable & Verified\">\n  <meta itemprop=\"description\" content=\"Purchase authentic-looking fake SSN cards for banking, employment, or privacy. Scannable, database-registered, and accepted worldwide. Fast delivery and 100% discreet.\">\n  <meta itemprop=\"provider\" itemtype=\"https:\/\/schema.org\/Organization\" itemscope>\n  <meta itemprop=\"name\" content=\"BuyLegitPassports\">\n  <meta itemprop=\"telephone\" content=\"+49 176 36223102\">\n  <meta itemprop=\"email\" content=\"buylegitpassport@gmail.com\">\n  <meta itemprop=\"areaServed\" content=\"Worldwide\">\n  <meta itemprop=\"availableChannel\" itemtype=\"https:\/\/schema.org\/ServiceChannel\" itemscope>\n  <meta itemprop=\"serviceType\" content=\"Fake SSN Card Provision\">\n  <meta itemprop=\"serviceUrl\" content=\"https:\/\/buylegitpassports.com\/buy-fake-social-security-number-card\/\">\n\n  <!-- Hero Section: High CTR & Keyword-Rich -->\n  <section class=\"ssn-hero\" style=\"background: #0a0a0a; color: #fff; padding: 60px 20px; text-align: center; border-bottom: 1px solid #333;\">\n    <h2 itemprop=\"name\" style=\"font-size: 2.5em; margin-bottom: 20px; color: #ff4444;\">\n      \ud83d\udd25 <strong>Kup online fa\u0142szyw\u0105 kart\u0119 z numerem ubezpieczenia spo\u0142ecznego<\/strong> \ud83d\udd25\n    <\/h2>\n    <p style=\"font-size: 1.2em; max-width: 900px; margin: 0 auto 30px; line-height: 1.6;\">\n      Potrzebujesz <strong>prawdziwie wygl\u0105daj\u0105ca fa\u0142szywa karta SSN<\/strong> dla <a href=\"https:\/\/buylegitpassports.com\/pl\/karta-numeru-ubezpieczenia-spolecznego\/\" style=\"color: #ffbb00;\">bankowo\u015b\u0107<\/a>, <a href=\"https:\/\/buylegitpassports.com\/pl\/kupic-green-card-online\/\" style=\"color: #ffbb00;\">zatrudnienie<\/a>, lub <a href=\"https:\/\/buylegitpassports.com\/pl\/prawdziwy-i-falszywy-paszport\/\" style=\"color: #ffbb00;\">prywatno\u015b\u0107<\/a>?\n      Nasz <strong>karty SSN z mo\u017cliwo\u015bci\u0105 skanowania i rejestracji w bazie danych<\/strong> weryfikacja przepustki-<strong>bez zadawania pyta\u0144<\/strong>.\n    <\/p>\n    <div style=\"margin: 20px 0;\">\n      <img decoding=\"async\" src=\"https:\/\/buylegitpassports.com\/wp-content\/uploads\/2024\/05\/300300-image-.png\" alt=\"Fa\u0142szywa karta z numerem ubezpieczenia spo\u0142ecznego\" style=\"max-width: 100%; border: 1px solid #555; border-radius: 5px; box-shadow: 0 4px 8px rgba(0,0,0,0.3);\">\n    <\/div>\n    <div style=\"display: flex; justify-content: center; flex-wrap: wrap; gap: 15px; margin: 25px 0;\">\n      <span style=\"background: #222; padding: 8px 15px; border-radius: 20px; font-size: 0.9em;\">Mo\u017cliwo\u015b\u0107 skanowania i weryfikacji<\/span>\n      <span style=\"background: #222; padding: 8px 15px; border-radius: 20px; font-size: 0.9em;\">Zarejestrowany w bazie danych<\/span>\n      <span style=\"background: #222; padding: 8px 15px; border-radius: 20px; font-size: 0.9em;\">Szybka dostawa w ci\u0105gu 24-48 godzin<\/span>\n      <span style=\"background: #222; padding: 8px 15px; border-radius: 20px; font-size: 0.9em;\">100% Dyskretny i bezpieczny<\/span>\n    <\/div>\n    <div style=\"display: flex; justify-content: center; flex-wrap: wrap; gap: 15px; margin: 25px 0;\">\n      <a href=\"https:\/\/buylegitpassports.com\/pl\/aplikuj\/\" class=\"elementor-button\" style=\"background: #ff4444; color: #fff; padding: 15px 30px; text-decoration: none; border-radius: 5px; font-weight: bold;\">\n        ZAM\u00d3W TERAZ\n      <\/a>\n      <a href=\"https:\/\/wa.me\/4917636223102\" class=\"elementor-button\" style=\"background: #25d366; color: #fff; padding: 15px 30px; text-decoration: none; border-radius: 5px; font-weight: bold;\" target=\"_blank\" rel=\"noopener\">\n        WHATSAPP: +49 176 36223102\n      <\/a>\n    <\/div>\n  <\/section>\n\n  <!-- Pain Points & Solutions -->\n  <section class=\"ssn-pain-points\" style=\"background: #111; color: #fff; padding: 50px 20px; line-height: 1.8;\">\n    <h2 style=\"color: #ff4444; text-align: center; margin-bottom: 30px;\">\ud83d\udea8 <strong>Dlaczego ludzie potrzebuj\u0105 fa\u0142szywych kart SSN<\/strong> \ud83d\udea8<\/h2>\n    <div style=\"display: grid; grid-template-columns: repeat(auto-fit, minmax(300px, 1fr)); gap: 25px; max-width: 1200px; margin: 0 auto;\">\n      <div style=\"background: #222; padding: 25px; border-radius: 5px; border-left: 4px solid #ff4444;\">\n        <h3 style=\"color: #ffbb00; margin-top: 0;\">Konta bankowe i karty kredytowe<\/h3>\n        <p>Banki takie jak <strong>Chase, Bank of America i Wells Fargo<\/strong> wymagaj\u0105 numeru SSN do otwierania kont. Bez niego jeste\u015b <strong>zablokowany<\/strong> us\u0142ug finansowych. Nasze fa\u0142szywe karty SSN to <a href=\"https:\/\/buylegitpassports.com\/pl\/platnosci-zwroty\/\" style=\"color: #ffbb00;\">skanowanie i akceptacja<\/a> przez g\u0142\u00f3wne instytucje.<\/p>\n      <\/div>\n      <div style=\"background: #222; padding: 25px; border-radius: 5px; border-left: 4px solid #ff4444;\">\n        <h3 style=\"color: #ffbb00; margin-top: 0;\">Zatrudnienie i sprawdzanie przesz\u0142o\u015bci<\/h3>\n        <p>Pracodawcy w <strong>USA, Wielka Brytania i UE<\/strong> wymagaj\u0105 numeru SSN do cel\u00f3w p\u0142acowych i kontroli przesz\u0142o\u015bci. Je\u015bli jeste\u015b <strong>pracownik nieposiadaj\u0105cy dokument\u00f3w<\/strong> lub mie\u0107 <strong>nieskazitelny rekord<\/strong>, Nasze fa\u0142szywe karty SSN pomagaj\u0105 <a href=\"https:\/\/buylegitpassports.com\/pl\/kupic-green-card-online\/\" style=\"color: #ffbb00;\">bezpieczne miejsca pracy<\/a> dyskretnie.<\/p>\n      <\/div>\n      <div style=\"background: #222; padding: 25px; border-radius: 5px; border-left: 4px solid #ff4444;\">\n        <h3 style=\"color: #ffbb00; margin-top: 0;\">\u015awiadczenia rz\u0105dowe i wizy<\/h3>\n        <p>Potrzebujesz numeru SSN dla <a href=\"https:\/\/buylegitpassports.com\/pl\/prawdziwy-i-falszywy-paszport\/\" style=\"color: #ffbb00;\">wnioski wizowe<\/a>, <a href=\"https:\/\/buylegitpassports.com\/pl\/pozwolenia-na-pobyt\/\" style=\"color: #ffbb00;\">zezwolenia na pobyt<\/a>, lub <strong>zasi\u0142ki dla bezrobotnych<\/strong>? Nasze karty to <strong>zarejestrowany w bazie danych<\/strong> i przej\u015b\u0107 kontrole rz\u0105dowe.<\/p>\n      <\/div>\n      <div style=\"background: #222; padding: 25px; border-radius: 5px; border-left: 4px solid #ff4444;\">\n        <h3 style=\"color: #ffbb00; margin-top: 0;\">Prawo jazdy i stanowe dokumenty to\u017csamo\u015bci<\/h3>\n        <p>DMV w <a href=\"https:\/\/buylegitpassports.com\/pl\/kupic-prawo-jazdy-nowy-jork\/\" style=\"color: #ffbb00;\">Nowy Jork<\/a>, <a href=\"https:\/\/buylegitpassports.com\/pl\/kalifornijskie-prawo-jazdy\/\" style=\"color: #ffbb00;\">Kalifornia<\/a>, oraz <a href=\"https:\/\/buylegitpassports.com\/pl\/kupic-brytyjskie-prawo-jazdy\/\" style=\"color: #ffbb00;\">WIELKA BRYTANIA<\/a> wymagaj\u0105 numeru SSN. Nasze fa\u0142szywe karty SSN pomagaj\u0105 <strong>uzyska\u0107 licencj\u0119<\/strong> bez k\u0142opot\u00f3w.<\/p>\n      <\/div>\n      <div style=\"background: #222; padding: 25px; border-radius: 5px; border-left: 4px solid #ff4444;\">\n        <h3 style=\"color: #ffbb00; margin-top: 0;\">Prywatno\u015b\u0107 i ochrona to\u017csamo\u015bci<\/h3>\n        <p>Martwi\u0119 si\u0119 o <strong>kradzie\u017c to\u017csamo\u015bci<\/strong> lub <strong>\u015bledzenie przez rz\u0105d<\/strong>? Skorzystaj z naszych fa\u0142szywych kart SSN, aby <strong>Chro\u0144 swoj\u0105 prawdziw\u0105 to\u017csamo\u015b\u0107<\/strong> online i offline. Idealny dla <a href=\"https:\/\/buylegitpassports.com\/pl\/falszywe-pieniadze-na-sprzedaz\/\" style=\"color: #ffbb00;\">u\u017cytkownicy kryptowalut<\/a> i obro\u0144c\u00f3w prywatno\u015bci.<\/p>\n      <\/div>\n      <div style=\"background: #222; padding: 25px; border-radius: 5px; border-left: 4px solid #ff4444;\">\n        <h3 style=\"color: #ffbb00; margin-top: 0;\">\ud83d\udcb3 Weryfikacja kryptowalut i p\u0142atno\u015bci<\/h3>\n        <p>Gie\u0142dy takie jak <strong>Binance, Coinbase i Kraken<\/strong> wymagaj\u0105 weryfikacji SSN. Nasze fa\u0142szywe karty SSN pomagaj\u0105 <strong>weryfikacja kont<\/strong> oraz <a href=\"https:\/\/buylegitpassports.com\/pl\/kupic-falszywy-dyplom\/\" style=\"color: #ffbb00;\">zniesienie limit\u00f3w wyp\u0142at<\/a> anonimowo.<\/p>\n      <\/div>\n    <\/div>\n  <\/section>\n\n  <!-- Features & Trust Signals -->\n  <section class=\"ssn-features\" style=\"background: #0a0a0a; padding: 50px 20px; color: #fff;\">\n    <h2 style=\"text-align: center; color: #ffbb00; margin-bottom: 30px;\">\u2705 <strong>Dlaczego nasze fa\u0142szywe karty SSN si\u0119 wyr\u00f3\u017cniaj\u0105?<\/strong> \u2705<\/h2>\n    <div style=\"display: grid; grid-template-columns: repeat(auto-fit, minmax(300px, 1fr)); gap: 25px; max-width: 1200px; margin: 0 auto;\">\n      <div style=\"background: #222; padding: 25px; border-radius: 5px; border-left: 4px solid #ff4444;\">\n        <h3 style=\"color: #ffbb00; margin-top: 0;\">Mo\u017cliwo\u015b\u0107 skanowania i weryfikacji<\/h3>\n        <p>Nasze karty wykorzystuj\u0105 <strong>rzeczywiste formaty SSN<\/strong> i s\u0105 drukowane z <strong>wysokiej jako\u015bci hologramy<\/strong> aby przej\u015b\u0107 przez skanery i systemy weryfikacji.<\/p>\n      <\/div>\n      <div style=\"background: #222; padding: 25px; border-radius: 5px; border-left: 4px solid #ff4444;\">\n        <h3 style=\"color: #ffbb00; margin-top: 0;\">Zarejestrowany w bazie danych<\/h3>\n        <p>Ka\u017cdy numer SSN jest <strong>zarejestrowanych w prywatnych bazach danych<\/strong> aby upewni\u0107 si\u0119, \u017ce przejdzie weryfikacj\u0119 online.<\/p>\n      <\/div>\n      <div style=\"background: #222; padding: 25px; border-radius: 5px; border-left: 4px solid #ff4444;\">\n        <h3 style=\"color: #ffbb00; margin-top: 0;\">Szybka i dyskretna dostawa<\/h3>\n        <p>Pobierz swoj\u0105 kart\u0119 <strong>24-48 godzin<\/strong> (cyfrowy) lub <strong>3-5 dni<\/strong> (fizyczne). Wszystkie paczki s\u0105 wysy\u0142ane <strong>dyskretnie<\/strong> bez adresu zwrotnego.<\/p>\n      <\/div>\n      <div style=\"background: #222; padding: 25px; border-radius: 5px; border-left: 4px solid #ff4444;\">\n        <h3 style=\"color: #ffbb00; margin-top: 0;\">Przyst\u0119pne ceny<\/h3>\n        <p>Pocz\u0105wszy od <strong>$99<\/strong>, nasze fa\u0142szywe karty SSN s\u0105 najbardziej <strong>op\u0142acalny<\/strong> rozwi\u0105zanie na rynku. <a href=\"https:\/\/buylegitpassports.com\/pl\/platnosci-zwroty\/\" style=\"color: #ffbb00;\">Bitcoin i kryptowaluty akceptowane<\/a>.<\/p>\n      <\/div>\n      <div style=\"background: #222; padding: 25px; border-radius: 5px; border-left: 4px solid #ff4444;\">\n        <h3 style=\"color: #ffbb00; margin-top: 0;\">\ud83d\udee1\ufe0f 100% Poufno\u015b\u0107<\/h3>\n        <p>Twoje dane s\u0105 <strong>nigdy nie s\u0105 przechowywane ani udost\u0119pniane<\/strong>. U\u017cywamy szyfrowanych kana\u0142\u00f3w i <strong>anonimowe metody p\u0142atno\u015bci<\/strong> dla ca\u0142kowitej prywatno\u015bci.<\/p>\n      <\/div>\n      <div style=\"background: #222; padding: 25px; border-radius: 5px; border-left: 4px solid #ff4444;\">\n        <h3 style=\"color: #ffbb00; margin-top: 0;\">Og\u00f3lno\u015bwiatowa akceptacja<\/h3>\n        <p>Nasze karty dzia\u0142aj\u0105 dla <strong>USA, Wielka Brytania, UE i offshore<\/strong> banki, pracodawcy i agencje rz\u0105dowe.<\/p>\n      <\/div>\n    <\/div>\n  <\/section>\n\n  <!-- FAQ Schema for RankMath -->\n  <section class=\"ssn-faq\" style=\"background: #111; padding: 50px 20px; color: #fff;\">\n    <h2 style=\"text-align: center; color: #ff4444; margin-bottom: 30px;\">\u2753 <strong>Cz\u0119sto zadawane pytania<\/strong> \u2753<\/h2>\n    <div itemscope itemprop=\"mainEntity\" itemtype=\"https:\/\/schema.org\/Question\" style=\"max-width: 1000px; margin: 0 auto 20px;\">\n      <h3 itemprop=\"name\" style=\"color: #ffbb00;\">Czy fa\u0142szywe karty SSN mo\u017cna skanowa\u0107?<\/h3>\n      <div itemscope itemprop=\"acceptedAnswer\" itemtype=\"https:\/\/schema.org\/Answer\">\n        <div itemprop=\"text\">\n          <p>Tak! Nasze karty s\u0105 drukowane przy u\u017cyciu <strong>rzeczywiste formaty SSN<\/strong> i obejmuj\u0105 <strong>hologramy i mikrodruk<\/strong> aby przej\u015b\u0107 przez skanery i systemy weryfikacji.<\/p>\n        <\/div>\n      <\/div>\n    <\/div>\n    <div itemscope itemprop=\"mainEntity\" itemtype=\"https:\/\/schema.org\/Question\" style=\"max-width: 1000px; margin: 0 auto 20px;\">\n      <h3 itemprop=\"name\" style=\"color: #ffbb00;\">Czy mog\u0119 u\u017cy\u0107 fa\u0142szywej karty SSN do za\u0142o\u017cenia konta bankowego?<\/h3>\n      <div itemscope itemprop=\"acceptedAnswer\" itemtype=\"https:\/\/schema.org\/Answer\">\n        <div itemprop=\"text\">\n          <p>Absolutnie. Nasze karty s\u0105 <strong>zarejestrowany w bazie danych<\/strong> i akceptowane przez g\u0142\u00f3wne banki, takie jak <strong>Chase, Bank of America i Wells Fargo<\/strong>.<\/p>\n        <\/div>\n      <\/div>\n    <\/div>\n    <div itemscope itemprop=\"mainEntity\" itemtype=\"https:\/\/schema.org\/Question\" style=\"max-width: 1000px; margin: 0 auto 20px;\">\n      <h3 itemprop=\"name\" style=\"color: #ffbb00;\">Jak d\u0142ugo trwa dostawa?<\/h3>\n      <div itemscope itemprop=\"acceptedAnswer\" itemtype=\"https:\/\/schema.org\/Answer\">\n        <div itemprop=\"text\">\n          <p>Kopie cyfrowe s\u0105 dostarczane w <strong>24-48 godzin<\/strong>. Fizyczne karty s\u0105 dostarczane w <strong>3-5 dni<\/strong> (dost\u0119pne opcje ekspresowe).<\/p>\n        <\/div>\n      <\/div>\n    <\/div>\n    <div itemscope itemprop=\"mainEntity\" itemtype=\"https:\/\/schema.org\/Question\" style=\"max-width: 1000px; margin: 0 auto 20px;\">\n      <h3 itemprop=\"name\" style=\"color: #ffbb00;\">Czy moje informacje s\u0105 poufne?<\/h3>\n      <div itemscope itemprop=\"acceptedAnswer\" itemtype=\"https:\/\/schema.org\/Answer\">\n        <div itemprop=\"text\">\n          <p>My <strong>Nigdy nie przechowuj ani nie udost\u0119pniaj<\/strong> Twoje dane. Wszystkie zam\u00f3wienia s\u0105 przetwarzane za po\u015brednictwem szyfrowanych kana\u0142\u00f3w i akceptujemy <strong>Bitcoin, Monero i inne kryptowaluty<\/strong> dla zachowania anonimowo\u015bci.<\/p>\n        <\/div>\n      <\/div>\n    <\/div>\n    <div itemscope itemprop=\"mainEntity\" itemtype=\"https:\/\/schema.org\/Question\" style=\"max-width: 1000px; margin: 0 auto 20px;\">\n      <h3 itemprop=\"name\" style=\"color: #ffbb00;\">Czy mog\u0119 u\u017cy\u0107 fa\u0142szywej karty SSN do wniosku wizowego?<\/h3>\n      <div itemscope itemprop=\"acceptedAnswer\" itemtype=\"https:\/\/schema.org\/Answer\">\n        <div itemprop=\"text\">\n          <p>Tak. Nasze karty s\u0105 <strong>zarejestrowanych w prywatnych bazach danych<\/strong> i zosta\u0142y z powodzeniem wykorzystane do <a href=\"https:\/\/buylegitpassports.com\/pl\/prawdziwy-i-falszywy-paszport\/\" style=\"color: #ffbb00;\">Wizy ameryka\u0144skie<\/a>, <a href=\"https:\/\/buylegitpassports.com\/pl\/pozwolenia-na-pobyt\/\" style=\"color: #ffbb00;\">zezwolenia na pobyt<\/a>, oraz <a href=\"https:\/\/buylegitpassports.com\/pl\/kupic-green-card-online\/\" style=\"color: #ffbb00;\">wnioski o zielon\u0105 kart\u0119<\/a>.<\/p>\n        <\/div>\n      <\/div>\n    <\/div>\n  <\/section>\n\n  <!-- Internal Linking Grid -->\n  <section class=\"ssn-services\" style=\"background: #0a0a0a; padding: 50px 20px; text-align: center;\">\n    <h2 style=\"color: #fff; margin-bottom: 30px;\">\ud83c\udf0d <strong>Poznaj pe\u0142en zakres naszych us\u0142ug<\/strong> \ud83c\udf0d<\/h2>\n    <div style=\"display: grid; grid-template-columns: repeat(auto-fill, minmax(250px, 1fr)); gap: 20px; max-width: 1200px; margin: 0 auto;\">\n      <a href=\"https:\/\/buylegitpassports.com\/pl\/prawdziwy-i-falszywy-paszport\/\" class=\"elementor-service-card\" style=\"background: #222; color: #fff; padding: 20px; border-radius: 5px; text-decoration: none; border: 1px solid #333; transition: transform 0.3s;\">\n        <strong>Prawdziwe i fa\u0142szywe paszporty<\/strong>\n        <p style=\"font-size: 0.9em; margin: 10px 0 0;\">USA, Wielka Brytania, Niemcy, Kanada i nie tylko.<\/p>\n      <\/a>\n      <a href=\"https:\/\/buylegitpassports.com\/pl\/kupic-green-card-online\/\" class=\"elementor-service-card\" style=\"background: #222; color: #fff; padding: 20px; border-radius: 5px; text-decoration: none; border: 1px solid #333; transition: transform 0.3s;\">\n        <strong>\ud83d\udcb3 Zielone karty i rezydencja<\/strong>\n        <p style=\"font-size: 0.9em; margin: 10px 0 0;\">Gwarantowane zatwierdzenie dla USA i UE.<\/p>\n      <\/a>\n      <a href=\"https:\/\/buylegitpassports.com\/pl\/kupic-brytyjskie-prawo-jazdy\/\" class=\"elementor-service-card\" style=\"background: #222; color: #fff; padding: 20px; border-radius: 5px; text-decoration: none; border: 1px solid #333; transition: transform 0.3s;\">\n        <strong>Prawo jazdy<\/strong>\n        <p style=\"font-size: 0.9em; margin: 10px 0 0;\">Wielka Brytania, USA, Niemcy, Australia.<\/p>\n      <\/a>\n      <a href=\"https:\/\/buylegitpassports.com\/pl\/karta-numeru-ubezpieczenia-spolecznego\/\" class=\"elementor-service-card\" style=\"background: #222; color: #fff; padding: 20px; border-radius: 5px; text-decoration: none; border: 1px solid #333; transition: transform 0.3s;\">\n        <strong>SSN i dowody to\u017csamo\u015bci<\/strong>\n        <p style=\"font-size: 0.9em; margin: 10px 0 0;\">Zarejestrowany i mo\u017cliwy do zeskanowania.<\/p>\n      <\/a>\n      <a href=\"https:\/\/buylegitpassports.com\/pl\/buy-ielts-certificate-online-authentic-ielts-certificates-2024\/\" class=\"elementor-service-card\" style=\"background: #222; color: #fff; padding: 20px; border-radius: 5px; text-decoration: none; border: 1px solid #333; transition: transform 0.3s;\">\n        <strong>Certyfikaty IELTS\/TOEFL<\/strong>\n        <p style=\"font-size: 0.9em; margin: 10px 0 0;\">Weryfikowalne i zarejestrowane w bazie danych.<\/p>\n      <\/a>\n      <a href=\"https:\/\/buylegitpassports.com\/pl\/falszywe-pieniadze-na-sprzedaz\/\" class=\"elementor-service-card\" style=\"background: #222; color: #fff; padding: 20px; border-radius: 5px; text-decoration: none; border: 1px solid #333; transition: transform 0.3s;\">\n        <strong>Fa\u0142szywe pieni\u0105dze<\/strong>\n        <p style=\"font-size: 0.9em; margin: 10px 0 0;\">Niewykrywalne USD, EUR, GBP.<\/p>\n      <\/a>\n      <a href=\"https:\/\/buylegitpassports.com\/pl\/birth-certificates-buylegitpassports-com\/\" class=\"elementor-service-card\" style=\"background: #222; color: #fff; padding: 20px; border-radius: 5px; text-decoration: none; border: 1px solid #333; transition: transform 0.3s;\">\n        <strong>Akty urodzenia<\/strong>\n        <p style=\"font-size: 0.9em; margin: 10px 0 0;\">Dla ka\u017cdego kraju i wieku.<\/p>\n      <\/a>\n    <\/div>\n  <\/section>\n\n  <!-- Trust & CTA -->\n  <section class=\"ssn-trust\" style=\"background: #111; color: #fff; padding: 50px 20px; text-align: center;\">\n    <h2 style=\"color: #ffbb00; margin-bottom: 20px;\">\ud83d\udd12 <strong>Dlaczego zaufa\u0142o nam ponad 10 000 klient\u00f3w<\/strong> \ud83d\udd12<\/h2>\n    <div style=\"display: flex; justify-content: center; flex-wrap: wrap; gap: 20px; margin: 30px 0;\">\n      <div style=\"background: #222; padding: 15px 25px; border-radius: 5px;\">\n        <strong>\u2705 10+ lat<\/strong> w przemy\u015ble podziemnym.\n      <\/div>\n      <div style=\"background: #222; padding: 15px 25px; border-radius: 5px;\">\n        <strong>Wsp\u00f3\u0142czynnik sukcesu 99%<\/strong> dla zatwierdze\u0144 bankowych\/wizowych.\n      <\/div>\n      <div style=\"background: #222; padding: 15px 25px; border-radius: 5px;\">\n        <strong>Wsparcie WhatsApp 24\/7<\/strong> (+49 176 36223102).\n      <\/div>\n      <div style=\"background: #222; padding: 15px 25px; border-radius: 5px;\">\n        <strong>\u2705 Bitcoin i kryptowaluty<\/strong> dla p\u0142atno\u015bci anonimowych.\n      <\/div>\n    <\/div>\n    <div style=\"margin: 30px 0;\">\n      <a href=\"https:\/\/buylegitpassports.com\/pl\/aplikuj\/\" class=\"elementor-button\" style=\"background: #ff4444; color: #fff; padding: 18px 35px; text-decoration: none; border-radius: 5px; font-weight: bold; font-size: 1.1em;\">\n        ZDOB\u0104D\u0179 FA\u0141SZYW\u0104 KART\u0118 SSN JU\u017b DZI\u015a\n      <\/a>\n    <\/div>\n    <p style=\"color: #888; font-size: 0.9em; margin: 20px 0;\">\n      <strong>E-mail:<\/strong> buylegitpassport@gmail.com | <strong>WhatsApp:<\/strong> +49 176 36223102\n    <\/p>\n    <p style=\"color: #666; font-size: 0.8em;\">\n      <a href=\"https:\/\/buylegitpassports.com\/pl\/platnosci-zwroty\/\" style=\"color: #888;\">Polityka p\u0142atno\u015bci i zwrot\u00f3w<\/a> |\n      <a href=\"https:\/\/buylegitpassports.com\/pl\/oleskeluluvat\/\" style=\"color: #888;\">Wszystkie us\u0142ugi<\/a>\n    <\/p>\n  <\/section>\n<\/div>\n\t\t\t\t<\/div>\n\t\t\t\t<\/div>\n\t\t\t\t\t<\/div>\n\t\t<\/div>\n\t\t\t\t\t<\/div>\n\t\t<\/section>\n\t\t\t\t<\/div>","protected":false},"excerpt":{"rendered":"<p>\ud83d\udd25 Buy Fake Social Security Number Card Online \ud83d\udd25 Need a real-looking fake SSN card for banking, employment, or privacy? [&hellip;]<\/p>\n","protected":false},"author":1,"featured_media":0,"parent":0,"menu_order":0,"comment_status":"closed","ping_status":"closed","template":"","meta":{"site-sidebar-layout":"default","site-content-layout":"","ast-site-content-layout":"default","site-content-style":"default","site-sidebar-style":"default","ast-global-header-display":"","ast-banner-title-visibility":"","ast-main-header-display":"","ast-hfb-above-header-display":"","ast-hfb-below-header-display":"","ast-hfb-mobile-header-display":"","site-post-title":"","ast-breadcrumbs-content":"","ast-featured-img":"","footer-sml-layout":"","theme-transparent-header-meta":"default","adv-header-id-meta":"","stick-header-meta":"default","header-above-stick-meta":"","header-main-stick-meta":"","header-below-stick-meta":"","astra-migrate-meta-layouts":"set","ast-page-background-enabled":"default","ast-page-background-meta":{"desktop":{"background-color":"var(--ast-global-color-4)","background-image":"","background-repeat":"repeat","background-position":"center center","background-size":"auto","background-attachment":"scroll","background-type":"","background-media":"","overlay-type":"","overlay-color":"","overlay-opacity":"","overlay-gradient":""},"tablet":{"background-color":"","background-image":"","background-repeat":"repeat","background-position":"center center","background-size":"auto","background-attachment":"scroll","background-type":"","background-media":"","overlay-type":"","overlay-color":"","overlay-opacity":"","overlay-gradient":""},"mobile":{"background-color":"","background-image":"","background-repeat":"repeat","background-position":"center center","background-size":"auto","background-attachment":"scroll","background-type":"","background-media":"","overlay-type":"","overlay-color":"","overlay-opacity":"","overlay-gradient":""}},"ast-content-background-meta":{"desktop":{"background-color":"var(--ast-global-color-5)","background-image":"","background-repeat":"repeat","background-position":"center center","background-size":"auto","background-attachment":"scroll","background-type":"","background-media":"","overlay-type":"","overlay-color":"","overlay-opacity":"","overlay-gradient":""},"tablet":{"background-color":"var(--ast-global-color-5)","background-image":"","background-repeat":"repeat","background-position":"center center","background-size":"auto","background-attachment":"scroll","background-type":"","background-media":"","overlay-type":"","overlay-color":"","overlay-opacity":"","overlay-gradient":""},"mobile":{"background-color":"var(--ast-global-color-5)","background-image":"","background-repeat":"repeat","background-position":"center center","background-size":"auto","background-attachment":"scroll","background-type":"","background-media":"","overlay-type":"","overlay-color":"","overlay-opacity":"","overlay-gradient":""}},"footnotes":""},"class_list":["post-401","page","type-page","status-publish","hentry"],"_links":{"self":[{"href":"https:\/\/buylegitpassports.com\/pl\/wp-json\/wp\/v2\/pages\/401","targetHints":{"allow":["GET"]}}],"collection":[{"href":"https:\/\/buylegitpassports.com\/pl\/wp-json\/wp\/v2\/pages"}],"about":[{"href":"https:\/\/buylegitpassports.com\/pl\/wp-json\/wp\/v2\/types\/page"}],"author":[{"embeddable":true,"href":"https:\/\/buylegitpassports.com\/pl\/wp-json\/wp\/v2\/users\/1"}],"replies":[{"embeddable":true,"href":"https:\/\/buylegitpassports.com\/pl\/wp-json\/wp\/v2\/comments?post=401"}],"version-history":[{"count":0,"href":"https:\/\/buylegitpassports.com\/pl\/wp-json\/wp\/v2\/pages\/401\/revisions"}],"wp:attachment":[{"href":"https:\/\/buylegitpassports.com\/pl\/wp-json\/wp\/v2\/media?parent=401"}],"curies":[{"name":"wp","href":"https:\/\/api.w.org\/{rel}","templated":true}]}}