{"id":393,"date":"2022-12-13T07:07:56","date_gmt":"2022-12-13T07:07:56","guid":{"rendered":"http:\/\/buylegitpassports.com\/?page_id=393"},"modified":"2025-11-11T08:36:09","modified_gmt":"2025-11-11T08:36:09","slug":"jak-moge-uzyskac-kalifornijskie-prawo-jazdy","status":"publish","type":"page","link":"https:\/\/buylegitpassports.com\/pl\/how-can-i-get-california-drivers-license\/","title":{"rendered":"Jak mog\u0119 uzyska\u0107 kalifornijskie prawo jazdy?"},"content":{"rendered":"<div data-elementor-type=\"wp-page\" data-elementor-id=\"393\" class=\"elementor elementor-393\" data-elementor-post-type=\"page\">\n\t\t\t\t\t\t<section class=\"elementor-section elementor-top-section elementor-element elementor-element-5981df4 elementor-section-boxed elementor-section-height-default elementor-section-height-default\" data-id=\"5981df4\" data-element_type=\"section\">\n\t\t\t\t\t\t<div class=\"elementor-container elementor-column-gap-default\">\n\t\t\t\t\t<div class=\"elementor-column elementor-col-100 elementor-top-column elementor-element elementor-element-550ece1\" data-id=\"550ece1\" data-element_type=\"column\">\n\t\t\t<div class=\"elementor-widget-wrap elementor-element-populated\">\n\t\t\t\t\t\t<div class=\"elementor-element elementor-element-b573283 elementor-widget elementor-widget-image\" data-id=\"b573283\" data-element_type=\"widget\" data-widget_type=\"image.default\">\n\t\t\t\t<div class=\"elementor-widget-container\">\n\t\t\t\t\t\t\t\t\t\t\t\t\t\t\t<img decoding=\"async\" width=\"260\" height=\"166\" src=\"https:\/\/buylegitpassports.com\/wp-content\/uploads\/2024\/10\/california-driverslicense.jpg\" class=\"attachment-full size-full wp-image-1675\" alt=\"kalifornijskie prawo jazdy\" \/>\t\t\t\t\t\t\t\t\t\t\t\t\t\t\t<\/div>\n\t\t\t\t<\/div>\n\t\t\t\t<div class=\"elementor-element elementor-element-ff1f540 elementor-widget elementor-widget-text-editor\" data-id=\"ff1f540\" data-element_type=\"widget\" data-widget_type=\"text-editor.default\">\n\t\t\t\t<div class=\"elementor-widget-container\">\n\t\t\t\t\t\t\t\t\t<p>Czy jeste\u015b gotowy na ekscytuj\u0105cy skok w doros\u0142o\u015b\u0107 i niezale\u017cno\u015b\u0107, uzyskuj\u0105c prawo jazdy w Kalifornii? Gratulujemy rozpocz\u0119cia tego wa\u017cnego etapu! Chocia\u017c proces uzyskiwania prawa jazdy w Kalifornii mo\u017ce na pierwszy rzut oka wydawa\u0107 si\u0119 zniech\u0119caj\u0105cy, nie obawiaj si\u0119 - jeste\u015bmy tutaj, aby poprowadzi\u0107 Ci\u0119 przez ka\u017cdy krok dzi\u0119ki naszemu kompleksowemu i pouczaj\u0105cemu przewodnikowi.<\/p>\t\t\t\t\t\t\t\t<\/div>\n\t\t\t\t<\/div>\n\t\t\t\t<div class=\"elementor-element elementor-element-8e3ef9d elementor-widget elementor-widget-heading\" data-id=\"8e3ef9d\" data-element_type=\"widget\" data-widget_type=\"heading.default\">\n\t\t\t\t<div class=\"elementor-widget-container\">\n\t\t\t\t\t<h2 class=\"elementor-heading-title elementor-size-default\">Przewodnik krok po kroku, jak uzyska\u0107 prawo jazdy w Kalifornii\n\n<\/h2>\t\t\t\t<\/div>\n\t\t\t\t<\/div>\n\t\t\t\t<div class=\"elementor-element elementor-element-99d6d7d elementor-widget elementor-widget-text-editor\" data-id=\"99d6d7d\" data-element_type=\"widget\" data-widget_type=\"text-editor.default\">\n\t\t\t\t<div class=\"elementor-widget-container\">\n\t\t\t\t\t\t\t\t\t<p>Podzielmy proces na \u0142atwe do opanowania kroki, aby zapewni\u0107 p\u0142ynn\u0105 i skuteczn\u0105 podr\u00f3\u017c w kierunku kalifornijskiego prawa jazdy:<\/p>\t\t\t\t\t\t\t\t<\/div>\n\t\t\t\t<\/div>\n\t\t\t\t\t<\/div>\n\t\t<\/div>\n\t\t\t\t\t<\/div>\n\t\t<\/section>\n\t\t\t\t<section class=\"elementor-section elementor-top-section elementor-element elementor-element-d19cc41 elementor-section-stretched elementor-section-boxed elementor-section-height-default elementor-section-height-default\" data-id=\"d19cc41\" data-element_type=\"section\" data-settings=\"{&quot;stretch_section&quot;:&quot;section-stretched&quot;}\">\n\t\t\t\t\t\t<div class=\"elementor-container elementor-column-gap-default\">\n\t\t\t\t\t<div class=\"elementor-column elementor-col-50 elementor-top-column elementor-element elementor-element-d155bbf\" data-id=\"d155bbf\" data-element_type=\"column\">\n\t\t\t<div class=\"elementor-widget-wrap elementor-element-populated\">\n\t\t\t\t\t\t<div class=\"elementor-element elementor-element-b479814 elementor-widget elementor-widget-heading\" data-id=\"b479814\" data-element_type=\"widget\" data-widget_type=\"heading.default\">\n\t\t\t\t<div class=\"elementor-widget-container\">\n\t\t\t\t\t<h2 class=\"elementor-heading-title elementor-size-default\">Ustalenie miejsca zamieszkania<\/h2>\t\t\t\t<\/div>\n\t\t\t\t<\/div>\n\t\t\t\t<div class=\"elementor-element elementor-element-7851621 elementor-widget elementor-widget-text-editor\" data-id=\"7851621\" data-element_type=\"widget\" data-widget_type=\"text-editor.default\">\n\t\t\t\t<div class=\"elementor-widget-container\">\n\t\t\t\t\t\t\t\t\t<p>Pierwszym krokiem jest ustalenie miejsca zamieszkania w Kalifornii, poniewa\u017c wymagane jest z\u0142o\u017cenie wniosku o kalifornijskie prawo jazdy w ci\u0105gu dziesi\u0119ciu dni od wjazdu do stanu. Obejmuje to podanie mo\u017cliwego do zweryfikowania adresu lub miejsca zamieszkania.<\/p>\t\t\t\t\t\t\t\t<\/div>\n\t\t\t\t<\/div>\n\t\t\t\t<div class=\"elementor-element elementor-element-a948af6 elementor-widget elementor-widget-heading\" data-id=\"a948af6\" data-element_type=\"widget\" data-widget_type=\"heading.default\">\n\t\t\t\t<div class=\"elementor-widget-container\">\n\t\t\t\t\t<h2 class=\"elementor-heading-title elementor-size-default\">Wype\u0142nij formularz DL-44<\/h2>\t\t\t\t<\/div>\n\t\t\t\t<\/div>\n\t\t\t\t<div class=\"elementor-element elementor-element-d686428 elementor-widget elementor-widget-text-editor\" data-id=\"d686428\" data-element_type=\"widget\" data-widget_type=\"text-editor.default\">\n\t\t\t\t<div class=\"elementor-widget-container\">\n\t\t\t\t\t\t\t\t\t<p>Odwied\u017a lokalne biuro DMV, aby odebra\u0107 formularz DL-44, poniewa\u017c nie mo\u017cna go pobra\u0107 online. Formularz ten s\u0142u\u017cy jako podstawowy wniosek o wydanie prawa jazdy i musi by\u0107 dok\u0142adnie wype\u0142niony.<\/p>\t\t\t\t\t\t\t\t<\/div>\n\t\t\t\t<\/div>\n\t\t\t\t\t<\/div>\n\t\t<\/div>\n\t\t\t\t<div class=\"elementor-column elementor-col-50 elementor-top-column elementor-element elementor-element-7a4e291\" data-id=\"7a4e291\" data-element_type=\"column\">\n\t\t\t<div class=\"elementor-widget-wrap elementor-element-populated\">\n\t\t\t\t\t\t<div class=\"elementor-element elementor-element-d942b7d elementor-widget elementor-widget-heading\" data-id=\"d942b7d\" data-element_type=\"widget\" data-widget_type=\"heading.default\">\n\t\t\t\t<div class=\"elementor-widget-container\">\n\t\t\t\t\t<h2 class=\"elementor-heading-title elementor-size-default\">Zaplanuj spotkanie<\/h2>\t\t\t\t<\/div>\n\t\t\t\t<\/div>\n\t\t\t\t<div class=\"elementor-element elementor-element-5c07789 elementor-widget elementor-widget-text-editor\" data-id=\"5c07789\" data-element_type=\"widget\" data-widget_type=\"text-editor.default\">\n\t\t\t\t<div class=\"elementor-widget-container\">\n\t\t\t\t\t\t\t\t\t<p>Uniknij k\u0142opot\u00f3w zwi\u0105zanych z czekaniem w d\u0142ugich kolejkach, umawiaj\u0105c si\u0119 na wizyt\u0119 w preferowanej lokalizacji DMV. Umawiaj\u0105c si\u0119 na spotkanie, mo\u017cesz przyspieszy\u0107 proces i zminimalizowa\u0107 czas oczekiwania.<\/p>\t\t\t\t\t\t\t\t<\/div>\n\t\t\t\t<\/div>\n\t\t\t\t<div class=\"elementor-element elementor-element-e7e992c elementor-widget elementor-widget-heading\" data-id=\"e7e992c\" data-element_type=\"widget\" data-widget_type=\"heading.default\">\n\t\t\t\t<div class=\"elementor-widget-container\">\n\t\t\t\t\t<h2 class=\"elementor-heading-title elementor-size-default\">Zapewnienie identyfikacji<\/h2>\t\t\t\t<\/div>\n\t\t\t\t<\/div>\n\t\t\t\t<div class=\"elementor-element elementor-element-afc2902 elementor-widget elementor-widget-text-editor\" data-id=\"afc2902\" data-element_type=\"widget\" data-widget_type=\"text-editor.default\">\n\t\t\t\t<div class=\"elementor-widget-container\">\n\t\t\t\t\t\t\t\t\t<p>Przedstawi\u0107 wa\u017cne dokumenty potwierdzaj\u0105ce to\u017csamo\u015b\u0107, takie jak akt urodzenia, karta ubezpieczenia spo\u0142ecznego, paszport lub karta sta\u0142ego pobytu. Dokumenty te musz\u0105 by\u0107 oryginalne i niewa\u017cne.<\/p>\t\t\t\t\t\t\t\t<\/div>\n\t\t\t\t<\/div>\n\t\t\t\t\t<\/div>\n\t\t<\/div>\n\t\t\t\t\t<\/div>\n\t\t<\/section>\n\t\t\t\t<section class=\"elementor-section elementor-top-section elementor-element elementor-element-b17cd31 elementor-section-boxed elementor-section-height-default elementor-section-height-default\" data-id=\"b17cd31\" data-element_type=\"section\">\n\t\t\t\t\t\t<div class=\"elementor-container elementor-column-gap-default\">\n\t\t\t\t\t<div class=\"elementor-column elementor-col-100 elementor-top-column elementor-element elementor-element-15c708c\" data-id=\"15c708c\" data-element_type=\"column\">\n\t\t\t<div class=\"elementor-widget-wrap elementor-element-populated\">\n\t\t\t\t\t\t<div class=\"elementor-element elementor-element-f29796f elementor-widget elementor-widget-heading\" data-id=\"f29796f\" data-element_type=\"widget\" data-widget_type=\"heading.default\">\n\t\t\t\t<div class=\"elementor-widget-container\">\n\t\t\t\t\t<h2 class=\"elementor-heading-title elementor-size-default\">Uiszczenie op\u0142aty licencyjnej<\/h2>\t\t\t\t<\/div>\n\t\t\t\t<\/div>\n\t\t\t\t<div class=\"elementor-element elementor-element-6849528 elementor-widget elementor-widget-text-editor\" data-id=\"6849528\" data-element_type=\"widget\" data-widget_type=\"text-editor.default\">\n\t\t\t\t<div class=\"elementor-widget-container\">\n\t\t\t\t\t\t\t\t\t<p>Ui\u015bci\u0107 wymagan\u0105 op\u0142at\u0119 za prawo jazdy za pomoc\u0105 debetu, czeku lub got\u00f3wki, zgodnie z akceptacj\u0105 DMV.<\/p>\t\t\t\t\t\t\t\t<\/div>\n\t\t\t\t<\/div>\n\t\t\t\t\t<\/div>\n\t\t<\/div>\n\t\t\t\t\t<\/div>\n\t\t<\/section>\n\t\t\t\t<section class=\"elementor-section elementor-top-section elementor-element elementor-element-041cd95 elementor-section-stretched elementor-section-boxed elementor-section-height-default elementor-section-height-default\" data-id=\"041cd95\" data-element_type=\"section\" data-settings=\"{&quot;stretch_section&quot;:&quot;section-stretched&quot;}\">\n\t\t\t\t\t\t<div class=\"elementor-container elementor-column-gap-default\">\n\t\t\t\t\t<div class=\"elementor-column elementor-col-33 elementor-top-column elementor-element elementor-element-66613b2\" data-id=\"66613b2\" data-element_type=\"column\">\n\t\t\t<div class=\"elementor-widget-wrap elementor-element-populated\">\n\t\t\t\t\t\t<div class=\"elementor-element elementor-element-3fe4f32 elementor-widget elementor-widget-heading\" data-id=\"3fe4f32\" data-element_type=\"widget\" data-widget_type=\"heading.default\">\n\t\t\t\t<div class=\"elementor-widget-container\">\n\t\t\t\t\t<h2 class=\"elementor-heading-title elementor-size-default\">Przyst\u0105pienie do testu pisemnego<\/h2>\t\t\t\t<\/div>\n\t\t\t\t<\/div>\n\t\t\t\t<div class=\"elementor-element elementor-element-02d66c7 elementor-widget elementor-widget-text-editor\" data-id=\"02d66c7\" data-element_type=\"widget\" data-widget_type=\"text-editor.default\">\n\t\t\t\t<div class=\"elementor-widget-container\">\n\t\t\t\t\t\t\t\t\t<p>Przygotuj si\u0119 i zdaj test pisemny sk\u0142adaj\u0105cy si\u0119 z 30 pyta\u0144. Zalecamy wcze\u015bniejsze zapoznanie si\u0119 z Podr\u0119cznikiem kierowcy, aby zwi\u0119kszy\u0107 swoje szanse na sukces. Je\u015bli posiadasz prawo jazdy spoza stanu, mo\u017cesz by\u0107 zwolniony z egzaminu pisemnego.<\/p>\t\t\t\t\t\t\t\t<\/div>\n\t\t\t\t<\/div>\n\t\t\t\t\t<\/div>\n\t\t<\/div>\n\t\t\t\t<div class=\"elementor-column elementor-col-33 elementor-top-column elementor-element elementor-element-07c0b92\" data-id=\"07c0b92\" data-element_type=\"column\">\n\t\t\t<div class=\"elementor-widget-wrap elementor-element-populated\">\n\t\t\t\t\t\t<div class=\"elementor-element elementor-element-b4fe346 elementor-widget elementor-widget-heading\" data-id=\"b4fe346\" data-element_type=\"widget\" data-widget_type=\"heading.default\">\n\t\t\t\t<div class=\"elementor-widget-container\">\n\t\t\t\t\t<h2 class=\"elementor-heading-title elementor-size-default\">Zdaj test wzroku<\/h2>\t\t\t\t<\/div>\n\t\t\t\t<\/div>\n\t\t\t\t<div class=\"elementor-element elementor-element-82fb8dd elementor-widget elementor-widget-text-editor\" data-id=\"82fb8dd\" data-element_type=\"widget\" data-widget_type=\"text-editor.default\">\n\t\t\t\t<div class=\"elementor-widget-container\">\n\t\t\t\t\t\t\t\t\t<p>\u00a0Zademonstruj swoj\u0105 ostro\u015b\u0107 widzenia, przechodz\u0105c test wzroku przeprowadzany przez DMV. Czy potrafisz odczyta\u0107 pierwsz\u0105 lini\u0119 wykresu wzroku?<\/p>\t\t\t\t\t\t\t\t<\/div>\n\t\t\t\t<\/div>\n\t\t\t\t\t<\/div>\n\t\t<\/div>\n\t\t\t\t<div class=\"elementor-column elementor-col-33 elementor-top-column elementor-element elementor-element-4af2aef\" data-id=\"4af2aef\" data-element_type=\"column\">\n\t\t\t<div class=\"elementor-widget-wrap elementor-element-populated\">\n\t\t\t\t\t\t<div class=\"elementor-element elementor-element-aee6e85 elementor-widget elementor-widget-heading\" data-id=\"aee6e85\" data-element_type=\"widget\" data-widget_type=\"heading.default\">\n\t\t\t\t<div class=\"elementor-widget-container\">\n\t\t\t\t\t<h2 class=\"elementor-heading-title elementor-size-default\">Najlepszy test za kierownic\u0105<\/h2>\t\t\t\t<\/div>\n\t\t\t\t<\/div>\n\t\t\t\t<div class=\"elementor-element elementor-element-542d577 elementor-widget elementor-widget-text-editor\" data-id=\"542d577\" data-element_type=\"widget\" data-widget_type=\"text-editor.default\">\n\t\t\t\t<div class=\"elementor-widget-container\">\n\t\t\t\t\t\t\t\t\t<p>\u00a0Na koniec zademonstruj swoje umiej\u0119tno\u015bci jazdy, zdaj\u0105c test za kierownic\u0105. Po jego pomy\u015blnym uko\u0144czeniu otrzymasz tymczasowe prawo jazdy, a oficjalne prawo jazdy zostanie wys\u0142ane poczt\u0105 wkr\u00f3tce potem.<\/p>\t\t\t\t\t\t\t\t<\/div>\n\t\t\t\t<\/div>\n\t\t\t\t\t<\/div>\n\t\t<\/div>\n\t\t\t\t\t<\/div>\n\t\t<\/section>\n\t\t\t\t<section class=\"elementor-section elementor-top-section elementor-element elementor-element-13f06fb elementor-section-boxed elementor-section-height-default elementor-section-height-default\" data-id=\"13f06fb\" data-element_type=\"section\">\n\t\t\t\t\t\t<div class=\"elementor-container elementor-column-gap-default\">\n\t\t\t\t\t<div class=\"elementor-column elementor-col-100 elementor-top-column elementor-element elementor-element-fb7c40d\" data-id=\"fb7c40d\" data-element_type=\"column\">\n\t\t\t<div class=\"elementor-widget-wrap elementor-element-populated\">\n\t\t\t\t\t\t<div class=\"elementor-element elementor-element-6632d68 elementor-widget elementor-widget-text-editor\" data-id=\"6632d68\" data-element_type=\"widget\" data-widget_type=\"text-editor.default\">\n\t\t\t\t<div class=\"elementor-widget-container\">\n\t\t\t\t\t\t\t\t\t<p>Po zdaniu testu pisemnego nadszed\u0142 czas, aby zasi\u0105\u015b\u0107 za kierownic\u0105. Po\u0107wicz jazd\u0119 z licencjonowan\u0105 osob\u0105 doros\u0142\u0105, kt\u00f3ra ma 25 lat lub wi\u0119cej i posiada wa\u017cne prawo jazdy od co najmniej pi\u0119ciu lat. Wykorzystaj ten czas na budowanie pewno\u015bci siebie i umiej\u0119tno\u015bci na drodze<\/p>\t\t\t\t\t\t\t\t<\/div>\n\t\t\t\t<\/div>\n\t\t\t\t<div class=\"elementor-element elementor-element-8eaf624 elementor-widget elementor-widget-text-editor\" data-id=\"8eaf624\" data-element_type=\"widget\" data-widget_type=\"text-editor.default\">\n\t\t\t\t<div class=\"elementor-widget-container\">\n\t\t\t\t\t\t\t\t\t<p>W dniu egzaminu na prawo jazdy przyjed\u017a wcze\u015bniej i przywie\u017a w\u0142asny lub wynaj\u0119ty pojazd, kt\u00f3ry spe\u0142nia wymagania DMV. Zademonstruj swoj\u0105 zdolno\u015b\u0107 do bezpiecznego prowadzenia pojazdu i<a href=\"https:\/\/web.facebook.com\/buylegitpassports\" target=\"_blank\" rel=\"noopener\"> \u015bledzi\u0107<\/a> instrukcje egzaminatora. Dzi\u0119ki umiej\u0119tno\u015bciom i pewno\u015bci siebie zdasz test i zdob\u0119dziesz prawo jazdy w Kalifornii.<\/p><p>\u00a0<\/p><p>Gratulacje! Uda\u0142o Ci si\u0119 uzyska\u0107 kalifornijskie prawo jazdy. Po\u015bwi\u0119\u0107 chwil\u0119, aby uczci\u0107 ten kamie\u0144 milowy i cieszy\u0107 si\u0119 wolno\u015bci\u0105 na otwartej drodze.<\/p>\t\t\t\t\t\t\t\t<\/div>\n\t\t\t\t<\/div>\n\t\t\t\t\t<\/div>\n\t\t<\/div>\n\t\t\t\t\t<\/div>\n\t\t<\/section>\n\t\t\t\t<section class=\"elementor-section elementor-top-section elementor-element elementor-element-acad405 elementor-section-stretched elementor-section-boxed elementor-section-height-default elementor-section-height-default\" data-id=\"acad405\" data-element_type=\"section\" data-settings=\"{&quot;stretch_section&quot;:&quot;section-stretched&quot;}\">\n\t\t\t\t\t\t<div class=\"elementor-container elementor-column-gap-default\">\n\t\t\t\t\t<div class=\"elementor-column elementor-col-100 elementor-top-column elementor-element elementor-element-69b86cd\" data-id=\"69b86cd\" data-element_type=\"column\">\n\t\t\t<div class=\"elementor-widget-wrap elementor-element-populated\">\n\t\t\t\t\t\t<div class=\"elementor-element elementor-element-f45b795 elementor-widget elementor-widget-heading\" data-id=\"f45b795\" data-element_type=\"widget\" data-widget_type=\"heading.default\">\n\t\t\t\t<div class=\"elementor-widget-container\">\n\t\t\t\t\t<h2 class=\"elementor-heading-title elementor-size-default\">Ograniczenia wiekowe i wzgl\u0119dy specjalne<\/h2>\t\t\t\t<\/div>\n\t\t\t\t<\/div>\n\t\t\t\t<div class=\"elementor-element elementor-element-76d11a3 elementor-widget elementor-widget-text-editor\" data-id=\"76d11a3\" data-element_type=\"widget\" data-widget_type=\"text-editor.default\">\n\t\t\t\t<div class=\"elementor-widget-container\">\n\t\t\t\t\t\t\t\t\t<p>Je\u015bli masz 18 lat lub wi\u0119cej, nie ma \u017cadnych ogranicze\u0144 wiekowych dotycz\u0105cych uzyskania karty <a href=\"https:\/\/buylegitpassports.com\/pl\/kalifornijskie-prawo-jazdy\/\">Kalifornijskie prawo jazdy<\/a> - wystarczy wykona\u0107 kroki opisane powy\u017cej. Je\u015bli jednak masz 16 lat, mo\u017cesz ubiega\u0107 si\u0119 o tymczasowe prawo jazdy po uko\u0144czeniu kursu dla kierowc\u00f3w. Dodatkowo, je\u015bli masz 17 i p\u00f3\u0142 roku, mo\u017cesz ubiega\u0107 si\u0119 o tymczasowe pozwolenie bez uko\u0144czenia kursu dla kierowc\u00f3w.<\/p>\t\t\t\t\t\t\t\t<\/div>\n\t\t\t\t<\/div>\n\t\t\t\t<div class=\"elementor-element elementor-element-401f96a elementor-widget elementor-widget-text-editor\" data-id=\"401f96a\" data-element_type=\"widget\" data-widget_type=\"text-editor.default\">\n\t\t\t\t<div class=\"elementor-widget-container\">\n\t\t\t\t\t\t\t\t\t<p>Post\u0119puj\u0105c zgodnie z tymi krokami i koncentruj\u0105c si\u0119 na swoim celu, mo\u017cesz z \u0142atwo\u015bci\u0105 porusza\u0107 si\u0119 po procesie uzyskiwania kalifornijskiego prawa jazdy. Pami\u0119taj, aby je\u017adzi\u0107 bezpiecznie, przestrzega\u0107 zasad ruchu drogowego i cieszy\u0107 si\u0119 nadchodz\u0105c\u0105 podr\u00f3\u017c\u0105.<\/p>\t\t\t\t\t\t\t\t<\/div>\n\t\t\t\t<\/div>\n\t\t\t\t\t<\/div>\n\t\t<\/div>\n\t\t\t\t\t<\/div>\n\t\t<\/section>\n\t\t\t\t<\/div>","protected":false},"excerpt":{"rendered":"<p>Are you ready to take the exciting leap into adulthood and independence by obtaining your drivers license in California? Congratulations [&hellip;]<\/p>\n","protected":false},"author":1,"featured_media":0,"parent":0,"menu_order":0,"comment_status":"closed","ping_status":"closed","template":"","meta":{"site-sidebar-layout":"default","site-content-layout":"","ast-site-content-layout":"","site-content-style":"default","site-sidebar-style":"default","ast-global-header-display":"","ast-banner-title-visibility":"","ast-main-header-display":"","ast-hfb-above-header-display":"","ast-hfb-below-header-display":"","ast-hfb-mobile-header-display":"","site-post-title":"","ast-breadcrumbs-content":"","ast-featured-img":"","footer-sml-layout":"","theme-transparent-header-meta":"","adv-header-id-meta":"","stick-header-meta":"","header-above-stick-meta":"","header-main-stick-meta":"","header-below-stick-meta":"","astra-migrate-meta-layouts":"default","ast-page-background-enabled":"default","ast-page-background-meta":{"desktop":{"background-color":"var(--ast-global-color-4)","background-image":"","background-repeat":"repeat","background-position":"center center","background-size":"auto","background-attachment":"scroll","background-type":"","background-media":"","overlay-type":"","overlay-color":"","overlay-opacity":"","overlay-gradient":""},"tablet":{"background-color":"","background-image":"","background-repeat":"repeat","background-position":"center center","background-size":"auto","background-attachment":"scroll","background-type":"","background-media":"","overlay-type":"","overlay-color":"","overlay-opacity":"","overlay-gradient":""},"mobile":{"background-color":"","background-image":"","background-repeat":"repeat","background-position":"center center","background-size":"auto","background-attachment":"scroll","background-type":"","background-media":"","overlay-type":"","overlay-color":"","overlay-opacity":"","overlay-gradient":""}},"ast-content-background-meta":{"desktop":{"background-color":"var(--ast-global-color-5)","background-image":"","background-repeat":"repeat","background-position":"center center","background-size":"auto","background-attachment":"scroll","background-type":"","background-media":"","overlay-type":"","overlay-color":"","overlay-opacity":"","overlay-gradient":""},"tablet":{"background-color":"var(--ast-global-color-5)","background-image":"","background-repeat":"repeat","background-position":"center center","background-size":"auto","background-attachment":"scroll","background-type":"","background-media":"","overlay-type":"","overlay-color":"","overlay-opacity":"","overlay-gradient":""},"mobile":{"background-color":"var(--ast-global-color-5)","background-image":"","background-repeat":"repeat","background-position":"center center","background-size":"auto","background-attachment":"scroll","background-type":"","background-media":"","overlay-type":"","overlay-color":"","overlay-opacity":"","overlay-gradient":""}},"footnotes":""},"class_list":["post-393","page","type-page","status-publish","hentry"],"_links":{"self":[{"href":"https:\/\/buylegitpassports.com\/pl\/wp-json\/wp\/v2\/pages\/393","targetHints":{"allow":["GET"]}}],"collection":[{"href":"https:\/\/buylegitpassports.com\/pl\/wp-json\/wp\/v2\/pages"}],"about":[{"href":"https:\/\/buylegitpassports.com\/pl\/wp-json\/wp\/v2\/types\/page"}],"author":[{"embeddable":true,"href":"https:\/\/buylegitpassports.com\/pl\/wp-json\/wp\/v2\/users\/1"}],"replies":[{"embeddable":true,"href":"https:\/\/buylegitpassports.com\/pl\/wp-json\/wp\/v2\/comments?post=393"}],"version-history":[{"count":0,"href":"https:\/\/buylegitpassports.com\/pl\/wp-json\/wp\/v2\/pages\/393\/revisions"}],"wp:attachment":[{"href":"https:\/\/buylegitpassports.com\/pl\/wp-json\/wp\/v2\/media?parent=393"}],"curies":[{"name":"wp","href":"https:\/\/api.w.org\/{rel}","templated":true}]}}