{"id":12,"date":"2022-06-06T08:53:02","date_gmt":"2022-06-06T08:53:02","guid":{"rendered":"https:\/\/gorgeavilson.us7.instawp.xyz\/?page_id=12"},"modified":"2024-08-22T18:02:21","modified_gmt":"2024-08-22T18:02:21","slug":"platnosci-zwroty","status":"publish","type":"page","link":"https:\/\/buylegitpassports.com\/pl\/payments-refunds\/","title":{"rendered":"P\u0141ATNO\u015aCI I ZWROTY"},"content":{"rendered":"<h1 class=\"entry-title\">P\u0141ATNO\u015aCI I ZWROTY<\/h1>\n<p><strong>P\u0142atno\u015bci<\/strong><\/p>\n<p>Je\u015bli kupujesz na buylegitpassports.com, musisz najpierw zapozna\u0107 si\u0119 z nasz\u0105 procedur\u0105 p\u0142atno\u015bci przed zam\u00f3wieniem jakiegokolwiek produktu z naszej strony internetowej.<\/p>\n<p>- Nasza strona internetowa zapewnia doskona\u0142e po\u0142\u0105czenie \u017ar\u00f3de\u0142 p\u0142atno\u015bci, kt\u00f3re umo\u017cliwiaj\u0105 bezpo\u015brednie przelewy bankowe i p\u0142atno\u015bci ze wszystkich podstawowych \u015brodk\u00f3w.<br \/>\n- Otrzymujemy p\u0142atno\u015bci za pomoc\u0105 nast\u0119puj\u0105cych metod: wszystkie rodzaje kryptowalut, przelew bankowy, Western Union, PayPal, aplikacja got\u00f3wkowa, karta podarunkowa, Venmo, Zelle. Mo\u017cesz wybra\u0107 dowoln\u0105 metod\u0119 p\u0142atno\u015bci, kt\u00f3ra jest dla Ciebie \u0142atwo dost\u0119pna.<br \/>\n- Aby\u015bmy mogli rozpocz\u0105\u0107 przetwarzanie Twoich dokument\u00f3w, wymagamy, aby\u015b dokona\u0142 p\u0142atno\u015bci z g\u00f3ry w wysoko\u015bci 50%, aby\u015bmy mogli rozpocz\u0105\u0107 proces, a po jego zako\u0144czeniu wy\u015blesz pozosta\u0142e 50%, a my przyst\u0105pimy do dostawy.<\/p>\n<p><strong>ZWROTY<\/strong><\/p>\n<p>Nasza firma posiada gwarancj\u0119 zwrotu pieni\u0119dzy, kt\u00f3ra stanowi, \u017ce w przypadku niezadowolenia klienta ma on prawo za\u017c\u0105da\u0107 zwrotu pieni\u0119dzy, kt\u00f3ry zostanie przetworzony w ci\u0105gu 48 godzin roboczych.<br \/>\nNiemniej jednak, dok\u0142adamy wszelkich stara\u0144, aby zapewni\u0107 naszym klientom satysfakcjonuj\u0105ce us\u0142ugi, tak jak robili\u015bmy to przez ostatnie lata z 98% udanych przypadk\u00f3w.<br \/>\nW przypadku, gdy agent, z kt\u00f3rym masz do czynienia, jest nieobecny lub nie odpowiada na ciebie, uprzejmie przyjd\u017a na czat na \u017cywo i pinguj nas, odpowiemy ci natychmiast.<\/p>\n<p>Ponadto jeste\u015bmy autoryzowanym podmiotem i szanujemy prywatno\u015b\u0107 naszych klient\u00f3w. Nie udost\u0119pniamy nikomu zachowanych danych konta ani innych informacji. Rozumiemy, \u017ce dokonanie p\u0142atno\u015bci ma krytyczne znaczenie, dlatego mo\u017cesz mie\u0107 pewno\u015b\u0107, \u017ce p\u0142atno\u015b\u0107 zostanie szybko i bezpiecznie przetworzona na naszej stronie internetowej.<\/p>","protected":false},"excerpt":{"rendered":"<p>PAYMENTS &amp; REFUNDS Payments If you purchase at buylegitpassports.com, you first need to know our payment procedure before ordering any [&hellip;]<\/p>\n","protected":false},"author":1,"featured_media":0,"parent":0,"menu_order":0,"comment_status":"closed","ping_status":"closed","template":"","meta":{"site-sidebar-layout":"default","site-content-layout":"","ast-site-content-layout":"","site-content-style":"default","site-sidebar-style":"default","ast-global-header-display":"","ast-banner-title-visibility":"","ast-main-header-display":"","ast-hfb-above-header-display":"","ast-hfb-below-header-display":"","ast-hfb-mobile-header-display":"","site-post-title":"","ast-breadcrumbs-content":"","ast-featured-img":"","footer-sml-layout":"","theme-transparent-header-meta":"","adv-header-id-meta":"","stick-header-meta":"","header-above-stick-meta":"","header-main-stick-meta":"","header-below-stick-meta":"","astra-migrate-meta-layouts":"default","ast-page-background-enabled":"default","ast-page-background-meta":{"desktop":{"background-color":"var(--ast-global-color-4)","background-image":"","background-repeat":"repeat","background-position":"center center","background-size":"auto","background-attachment":"scroll","background-type":"","background-media":"","overlay-type":"","overlay-color":"","overlay-opacity":"","overlay-gradient":""},"tablet":{"background-color":"","background-image":"","background-repeat":"repeat","background-position":"center center","background-size":"auto","background-attachment":"scroll","background-type":"","background-media":"","overlay-type":"","overlay-color":"","overlay-opacity":"","overlay-gradient":""},"mobile":{"background-color":"","background-image":"","background-repeat":"repeat","background-position":"center center","background-size":"auto","background-attachment":"scroll","background-type":"","background-media":"","overlay-type":"","overlay-color":"","overlay-opacity":"","overlay-gradient":""}},"ast-content-background-meta":{"desktop":{"background-color":"var(--ast-global-color-5)","background-image":"","background-repeat":"repeat","background-position":"center center","background-size":"auto","background-attachment":"scroll","background-type":"","background-media":"","overlay-type":"","overlay-color":"","overlay-opacity":"","overlay-gradient":""},"tablet":{"background-color":"var(--ast-global-color-5)","background-image":"","background-repeat":"repeat","background-position":"center center","background-size":"auto","background-attachment":"scroll","background-type":"","background-media":"","overlay-type":"","overlay-color":"","overlay-opacity":"","overlay-gradient":""},"mobile":{"background-color":"var(--ast-global-color-5)","background-image":"","background-repeat":"repeat","background-position":"center center","background-size":"auto","background-attachment":"scroll","background-type":"","background-media":"","overlay-type":"","overlay-color":"","overlay-opacity":"","overlay-gradient":""}},"footnotes":""},"class_list":["post-12","page","type-page","status-publish","hentry"],"_links":{"self":[{"href":"https:\/\/buylegitpassports.com\/pl\/wp-json\/wp\/v2\/pages\/12","targetHints":{"allow":["GET"]}}],"collection":[{"href":"https:\/\/buylegitpassports.com\/pl\/wp-json\/wp\/v2\/pages"}],"about":[{"href":"https:\/\/buylegitpassports.com\/pl\/wp-json\/wp\/v2\/types\/page"}],"author":[{"embeddable":true,"href":"https:\/\/buylegitpassports.com\/pl\/wp-json\/wp\/v2\/users\/1"}],"replies":[{"embeddable":true,"href":"https:\/\/buylegitpassports.com\/pl\/wp-json\/wp\/v2\/comments?post=12"}],"version-history":[{"count":0,"href":"https:\/\/buylegitpassports.com\/pl\/wp-json\/wp\/v2\/pages\/12\/revisions"}],"wp:attachment":[{"href":"https:\/\/buylegitpassports.com\/pl\/wp-json\/wp\/v2\/media?parent=12"}],"curies":[{"name":"wp","href":"https:\/\/api.w.org\/{rel}","templated":true}]}}