{"id":401,"date":"2022-12-13T07:28:58","date_gmt":"2022-12-13T07:28:58","guid":{"rendered":"http:\/\/buylegitpassports.com\/?page_id=401"},"modified":"2025-11-09T12:48:13","modified_gmt":"2025-11-09T12:48:13","slug":"ostaa-vaarennetty-sosiaaliturvakortti","status":"publish","type":"page","link":"https:\/\/buylegitpassports.com\/fi\/buy-fake-social-security-number-card\/","title":{"rendered":"Paras paikka ostaa v\u00e4\u00e4rennetty sosiaaliturvatunnus Card"},"content":{"rendered":"<div data-elementor-type=\"wp-page\" data-elementor-id=\"401\" class=\"elementor elementor-401\" data-elementor-post-type=\"page\">\n\t\t\t\t\t\t<section class=\"elementor-section elementor-top-section elementor-element elementor-element-a946913 elementor-section-full_width elementor-section-stretched elementor-section-height-default elementor-section-height-default\" data-id=\"a946913\" data-element_type=\"section\" data-settings=\"{&quot;stretch_section&quot;:&quot;section-stretched&quot;}\">\n\t\t\t\t\t\t<div class=\"elementor-container elementor-column-gap-default\">\n\t\t\t\t\t<div class=\"elementor-column elementor-col-100 elementor-top-column elementor-element elementor-element-3f8d100\" data-id=\"3f8d100\" data-element_type=\"column\">\n\t\t\t<div class=\"elementor-widget-wrap elementor-element-populated\">\n\t\t\t\t\t\t<div class=\"elementor-element elementor-element-8cea8af elementor-widget elementor-widget-html\" data-id=\"8cea8af\" data-element_type=\"widget\" data-widget_type=\"html.default\">\n\t\t\t\t<div class=\"elementor-widget-container\">\n\t\t\t\t\t<div itemscope itemtype=\"https:\/\/schema.org\/Service\" class=\"elementor-widget-container\">\n  <meta itemprop=\"name\" content=\"Buy Fake Social Security Number Card Online | Scannable & Verified\">\n  <meta itemprop=\"description\" content=\"Purchase authentic-looking fake SSN cards for banking, employment, or privacy. Scannable, database-registered, and accepted worldwide. Fast delivery and 100% discreet.\">\n  <meta itemprop=\"provider\" itemtype=\"https:\/\/schema.org\/Organization\" itemscope>\n  <meta itemprop=\"name\" content=\"BuyLegitPassports\">\n  <meta itemprop=\"telephone\" content=\"+49 176 36223102\">\n  <meta itemprop=\"email\" content=\"buylegitpassport@gmail.com\">\n  <meta itemprop=\"areaServed\" content=\"Worldwide\">\n  <meta itemprop=\"availableChannel\" itemtype=\"https:\/\/schema.org\/ServiceChannel\" itemscope>\n  <meta itemprop=\"serviceType\" content=\"Fake SSN Card Provision\">\n  <meta itemprop=\"serviceUrl\" content=\"https:\/\/buylegitpassports.com\/buy-fake-social-security-number-card\/\">\n\n  <!-- Hero Section: High CTR & Keyword-Rich -->\n  <section class=\"ssn-hero\" style=\"background: #0a0a0a; color: #fff; padding: 60px 20px; text-align: center; border-bottom: 1px solid #333;\">\n    <h2 itemprop=\"name\" style=\"font-size: 2.5em; margin-bottom: 20px; color: #ff4444;\">\n      \ud83d\udd25 <strong>Osta v\u00e4\u00e4rennetty sosiaaliturvatunnus kortti verkossa<\/strong> \ud83d\udd25\n    <\/h2>\n    <p style=\"font-size: 1.2em; max-width: 900px; margin: 0 auto 30px; line-height: 1.6;\">\n      Tarvitsetko <strong>aidon n\u00e4k\u00f6inen v\u00e4\u00e4rennetty SSN-kortti<\/strong> osoitteessa <a href=\"https:\/\/buylegitpassports.com\/fi\/sosiaaliturvakortti\/\" style=\"color: #ffbb00;\">pankkitoiminta<\/a>, <a href=\"https:\/\/buylegitpassports.com\/fi\/ostaa-green-card-verkossa\/\" style=\"color: #ffbb00;\">ty\u00f6llisyys<\/a>, tai <a href=\"https:\/\/buylegitpassports.com\/fi\/aito-ja-vaarennetty-passi\/\" style=\"color: #ffbb00;\">yksityisyys<\/a>?\n      Meid\u00e4n <strong>skannattavat, tietokantaan rekister\u00f6idyt SSN-kortit<\/strong> pass verification-<strong>ei kysymyksi\u00e4<\/strong>.\n    <\/p>\n    <div style=\"margin: 20px 0;\">\n      <img decoding=\"async\" src=\"https:\/\/buylegitpassports.com\/wp-content\/uploads\/2024\/05\/300300-image-.png\" alt=\"V\u00e4\u00e4rennetty sosiaaliturvatunnuksen kortti\" style=\"max-width: 100%; border: 1px solid #555; border-radius: 5px; box-shadow: 0 4px 8px rgba(0,0,0,0.3);\">\n    <\/div>\n    <div style=\"display: flex; justify-content: center; flex-wrap: wrap; gap: 15px; margin: 25px 0;\">\n      <span style=\"background: #222; padding: 8px 15px; border-radius: 20px; font-size: 0.9em;\">\u2705 Skannattavissa ja tarkistettu<\/span>\n      <span style=\"background: #222; padding: 8px 15px; border-radius: 20px; font-size: 0.9em;\">\u2705 Rekister\u00f6ity tietokanta<\/span>\n      <span style=\"background: #222; padding: 8px 15px; border-radius: 20px; font-size: 0.9em;\">\u2705 Nopea 24-48h toimitus<\/span>\n      <span style=\"background: #222; padding: 8px 15px; border-radius: 20px; font-size: 0.9em;\">\u2705 100% Huomaamaton ja turvallinen<\/span>\n    <\/div>\n    <div style=\"display: flex; justify-content: center; flex-wrap: wrap; gap: 15px; margin: 25px 0;\">\n      <a href=\"https:\/\/buylegitpassports.com\/fi\/hae\/\" class=\"elementor-button\" style=\"background: #ff4444; color: #fff; padding: 15px 30px; text-decoration: none; border-radius: 5px; font-weight: bold;\">\n        TILAA NYT\n      <\/a>\n      <a href=\"https:\/\/wa.me\/4917636223102\" class=\"elementor-button\" style=\"background: #25d366; color: #fff; padding: 15px 30px; text-decoration: none; border-radius: 5px; font-weight: bold;\" target=\"_blank\" rel=\"noopener\">\n        WHATSAPP: +49 176 36223102\n      <\/a>\n    <\/div>\n  <\/section>\n\n  <!-- Pain Points & Solutions -->\n  <section class=\"ssn-pain-points\" style=\"background: #111; color: #fff; padding: 50px 20px; line-height: 1.8;\">\n    <h2 style=\"color: #ff4444; text-align: center; margin-bottom: 30px;\">\ud83d\udea8 <strong>Miksi ihmiset tarvitsevat v\u00e4\u00e4rennettyj\u00e4 SSN-kortteja<\/strong> \ud83d\udea8<\/h2>\n    <div style=\"display: grid; grid-template-columns: repeat(auto-fit, minmax(300px, 1fr)); gap: 25px; max-width: 1200px; margin: 0 auto;\">\n      <div style=\"background: #222; padding: 25px; border-radius: 5px; border-left: 4px solid #ff4444;\">\n        <h3 style=\"color: #ffbb00; margin-top: 0;\">\ud83c\udfe6 Pankkitilit ja luottokortit<\/h3>\n        <p>Pankit kuten <strong>Chase, Bank of America ja Wells Fargo.<\/strong> vaativat SSN-tunnuksen tilien avaamiseen. Ilman sit\u00e4 olet <strong>lukittu ulos<\/strong> rahoituspalvelut. V\u00e4\u00e4rennetyt SSN-korttimme ovat <a href=\"https:\/\/buylegitpassports.com\/fi\/maksut-hyvitykset\/\" style=\"color: #ffbb00;\">skannattavissa ja hyv\u00e4ksytty<\/a> suurten laitosten toimesta.<\/p>\n      <\/div>\n      <div style=\"background: #222; padding: 25px; border-radius: 5px; border-left: 4px solid #ff4444;\">\n        <h3 style=\"color: #ffbb00; margin-top: 0;\">\ud83d\udec2 Ty\u00f6llisyys ja taustatarkastukset<\/h3>\n        <p>Ty\u00f6nantajat <strong>Yhdysvallat, Yhdistynyt kuningaskunta ja EU<\/strong> vaativat SSN-tunnuksen palkanlaskentaa ja taustatarkastuksia varten. Jos olet <strong>paperiton ty\u00f6ntekij\u00e4<\/strong> tai on <strong>virheellinen enn\u00e4tys<\/strong>, v\u00e4\u00e4rennetyt SSN-korttimme auttavat sinua <a href=\"https:\/\/buylegitpassports.com\/fi\/ostaa-green-card-verkossa\/\" style=\"color: #ffbb00;\">turvalliset ty\u00f6paikat<\/a> hienovaraisesti.<\/p>\n      <\/div>\n      <div style=\"background: #222; padding: 25px; border-radius: 5px; border-left: 4px solid #ff4444;\">\n        <h3 style=\"color: #ffbb00; margin-top: 0;\">\ud83d\udccb Valtion edut ja viisumit<\/h3>\n        <p>Tarvitset SSN-tunnuksen <a href=\"https:\/\/buylegitpassports.com\/fi\/aito-ja-vaarennetty-passi\/\" style=\"color: #ffbb00;\">viisumihakemukset<\/a>, <a href=\"https:\/\/buylegitpassports.com\/fi\/oleskeluluvat\/\" style=\"color: #ffbb00;\">oleskeluluvat<\/a>, tai <strong>ty\u00f6tt\u00f6myyskorvaukset<\/strong>? Korttimme ovat <strong>tietokantaan rekister\u00f6ity<\/strong> ja l\u00e4p\u00e4isem\u00e4\u00e4n valtion tarkastukset.<\/p>\n      <\/div>\n      <div style=\"background: #222; padding: 25px; border-radius: 5px; border-left: 4px solid #ff4444;\">\n        <h3 style=\"color: #ffbb00; margin-top: 0;\">\ud83d\ude97 Ajokortti ja valtion henkil\u00f6todistukset<\/h3>\n        <p>DMV:t <a href=\"https:\/\/buylegitpassports.com\/fi\/ostaa-new-yorkin-ajokortti\/\" style=\"color: #ffbb00;\">New York<\/a>, <a href=\"https:\/\/buylegitpassports.com\/fi\/kalifornian-ajokortti\/\" style=\"color: #ffbb00;\">Kalifornia<\/a>, ja <a href=\"https:\/\/buylegitpassports.com\/fi\/ostaa-britannian-ajokortti\/\" style=\"color: #ffbb00;\">UK<\/a> vaativat SSN-tunnuksen. V\u00e4\u00e4rennetyt SSN-korttimme auttavat sinua <strong>hanki lupa<\/strong> ilman vaivaa.<\/p>\n      <\/div>\n      <div style=\"background: #222; padding: 25px; border-radius: 5px; border-left: 4px solid #ff4444;\">\n        <h3 style=\"color: #ffbb00; margin-top: 0;\">\ud83d\udd12 Yksityisyyden ja henkil\u00f6llisyyden suojaaminen<\/h3>\n        <p>Huolestunut <strong>identiteettivarkaus<\/strong> tai <strong>hallituksen seuranta<\/strong>? K\u00e4yt\u00e4 v\u00e4\u00e4rennettyj\u00e4 SSN-korttejamme <strong>suojaa todellista henkil\u00f6llisyytt\u00e4si<\/strong> verkossa ja offline. Ihanteellinen <a href=\"https:\/\/buylegitpassports.com\/fi\/vaarennetyt-rahat-myytavana\/\" style=\"color: #ffbb00;\">krypton k\u00e4ytt\u00e4j\u00e4t<\/a> ja yksityisyydensuojan puolustajat.<\/p>\n      <\/div>\n      <div style=\"background: #222; padding: 25px; border-radius: 5px; border-left: 4px solid #ff4444;\">\n        <h3 style=\"color: #ffbb00; margin-top: 0;\">\ud83d\udcb3 Krypto &amp; maksujen todentaminen<\/h3>\n        <p>Vaihdot kuten <strong>Binance, Coinbase ja Kraken<\/strong> edellytt\u00e4v\u00e4t SSN-tunnuksen tarkistamista. V\u00e4\u00e4rennetyt SSN-korttimme auttavat sinua <strong>tarkistaa tilit<\/strong> ja <a href=\"https:\/\/buylegitpassports.com\/fi\/ostaa-vaarennetty-todistus\/\" style=\"color: #ffbb00;\">nostaa nostorajoja<\/a> nimett\u00f6m\u00e4n\u00e4.<\/p>\n      <\/div>\n    <\/div>\n  <\/section>\n\n  <!-- Features & Trust Signals -->\n  <section class=\"ssn-features\" style=\"background: #0a0a0a; padding: 50px 20px; color: #fff;\">\n    <h2 style=\"text-align: center; color: #ffbb00; margin-bottom: 30px;\">\u2705 <strong>Miksi v\u00e4\u00e4rennetyt SSN-kortit erottuvat edukseen<\/strong> \u2705<\/h2>\n    <div style=\"display: grid; grid-template-columns: repeat(auto-fit, minmax(300px, 1fr)); gap: 25px; max-width: 1200px; margin: 0 auto;\">\n      <div style=\"background: #222; padding: 25px; border-radius: 5px; border-left: 4px solid #ff4444;\">\n        <h3 style=\"color: #ffbb00; margin-top: 0;\">\ud83d\udd0d Skannattavissa ja tarkistettavissa<\/h3>\n        <p>Korttimme k\u00e4ytt\u00e4v\u00e4t <strong>todelliset SSN-muodot<\/strong> ja ne painetaan <strong>korkealaatuiset hologrammit<\/strong> l\u00e4p\u00e4isem\u00e4\u00e4n skannerit ja tarkastusj\u00e4rjestelm\u00e4t.<\/p>\n      <\/div>\n      <div style=\"background: #222; padding: 25px; border-radius: 5px; border-left: 4px solid #ff4444;\">\n        <h3 style=\"color: #ffbb00; margin-top: 0;\">\ud83d\udcca Rekister\u00f6ity tietokanta<\/h3>\n        <p>Kukin SSN on <strong>rekister\u00f6ity yksityisiin tietokantoihin<\/strong> varmistaaksesi, ett\u00e4 se l\u00e4p\u00e4isee verkkotarkastukset.<\/p>\n      <\/div>\n      <div style=\"background: #222; padding: 25px; border-radius: 5px; border-left: 4px solid #ff4444;\">\n        <h3 style=\"color: #ffbb00; margin-top: 0;\">\ud83d\ude80 Nopea ja huomaamaton toimitus<\/h3>\n        <p>Laita korttisi sis\u00e4\u00e4n <strong>24-48 tuntia<\/strong> (digitaalinen) tai <strong>3-5 p\u00e4iv\u00e4\u00e4<\/strong> (fyysinen). Kaikki paketit l\u00e4hetet\u00e4\u00e4n <strong>huomaamattomasti<\/strong> ilman palautusosoitetta.<\/p>\n      <\/div>\n      <div style=\"background: #222; padding: 25px; border-radius: 5px; border-left: 4px solid #ff4444;\">\n        <h3 style=\"color: #ffbb00; margin-top: 0;\">\ud83d\udcb0 Edullinen hinnoittelu<\/h3>\n        <p>Alkaen <strong>$99<\/strong>, v\u00e4\u00e4rennetyt SSN-korttimme ovat kaikkein - <strong>kustannustehokas<\/strong> ratkaisu markkinoilla. <a href=\"https:\/\/buylegitpassports.com\/fi\/maksut-hyvitykset\/\" style=\"color: #ffbb00;\">Bitcoin ja krypto hyv\u00e4ksyt\u00e4\u00e4n<\/a>.<\/p>\n      <\/div>\n      <div style=\"background: #222; padding: 25px; border-radius: 5px; border-left: 4px solid #ff4444;\">\n        <h3 style=\"color: #ffbb00; margin-top: 0;\">\ud83d\udee1\ufe0f 100% Luottamuksellisuus<\/h3>\n        <p>Tietosi ovat <strong>ei koskaan tallenneta tai jaeta<\/strong>. K\u00e4yt\u00e4mme salattuja kanavia ja <strong>anonyymit maksutavat<\/strong> t\u00e4ydellist\u00e4 yksityisyytt\u00e4 varten.<\/p>\n      <\/div>\n      <div style=\"background: #222; padding: 25px; border-radius: 5px; border-left: 4px solid #ff4444;\">\n        <h3 style=\"color: #ffbb00; margin-top: 0;\">\ud83c\udf0d Maailmanlaajuinen hyv\u00e4ksynt\u00e4<\/h3>\n        <p>Korttimme toimivat <strong>Yhdysvallat, Yhdistynyt kuningaskunta, EU ja offshore<\/strong> pankit, ty\u00f6nantajat ja valtion virastot.<\/p>\n      <\/div>\n    <\/div>\n  <\/section>\n\n  <!-- FAQ Schema for RankMath -->\n  <section class=\"ssn-faq\" style=\"background: #111; padding: 50px 20px; color: #fff;\">\n    <h2 style=\"text-align: center; color: #ff4444; margin-bottom: 30px;\">\u2753 <strong>Usein kysytyt kysymykset<\/strong> \u2753<\/h2>\n    <div itemscope itemprop=\"mainEntity\" itemtype=\"https:\/\/schema.org\/Question\" style=\"max-width: 1000px; margin: 0 auto 20px;\">\n      <h3 itemprop=\"name\" style=\"color: #ffbb00;\">\u27a4 Ovatko v\u00e4\u00e4rennetyt SSN-korttisi skannattavissa?<\/h3>\n      <div itemscope itemprop=\"acceptedAnswer\" itemtype=\"https:\/\/schema.org\/Answer\">\n        <div itemprop=\"text\">\n          <p>Kyll\u00e4! Korttimme on painettu <strong>todelliset SSN-muodot<\/strong> ja sis\u00e4lt\u00e4v\u00e4t <strong>hologrammit ja mikrotulostus<\/strong> l\u00e4p\u00e4isem\u00e4\u00e4n skannerit ja tarkastusj\u00e4rjestelm\u00e4t.<\/p>\n        <\/div>\n      <\/div>\n    <\/div>\n    <div itemscope itemprop=\"mainEntity\" itemtype=\"https:\/\/schema.org\/Question\" style=\"max-width: 1000px; margin: 0 auto 20px;\">\n      <h3 itemprop=\"name\" style=\"color: #ffbb00;\">\u27a4 Voinko k\u00e4ytt\u00e4\u00e4 v\u00e4\u00e4rennetty\u00e4 SSN-korttiasi pankkitili\u00e4 varten?<\/h3>\n      <div itemscope itemprop=\"acceptedAnswer\" itemtype=\"https:\/\/schema.org\/Answer\">\n        <div itemprop=\"text\">\n          <p>Ehdottomasti. Korttimme ovat <strong>tietokantaan rekister\u00f6ity<\/strong> ja suurten pankkien, kuten <strong>Chase, Bank of America ja Wells Fargo.<\/strong>.<\/p>\n        <\/div>\n      <\/div>\n    <\/div>\n    <div itemscope itemprop=\"mainEntity\" itemtype=\"https:\/\/schema.org\/Question\" style=\"max-width: 1000px; margin: 0 auto 20px;\">\n      <h3 itemprop=\"name\" style=\"color: #ffbb00;\">\u27a4 Kuinka kauan toimitus kest\u00e4\u00e4?<\/h3>\n      <div itemscope itemprop=\"acceptedAnswer\" itemtype=\"https:\/\/schema.org\/Answer\">\n        <div itemprop=\"text\">\n          <p>Digitaaliset kopiot toimitetaan <strong>24-48 tuntia<\/strong>. Fyysiset kortit saapuvat <strong>3-5 p\u00e4iv\u00e4\u00e4<\/strong> (pikavaihtoehtoja saatavilla).<\/p>\n        <\/div>\n      <\/div>\n    <\/div>\n    <div itemscope itemprop=\"mainEntity\" itemtype=\"https:\/\/schema.org\/Question\" style=\"max-width: 1000px; margin: 0 auto 20px;\">\n      <h3 itemprop=\"name\" style=\"color: #ffbb00;\">\u27a4 S\u00e4ilytet\u00e4\u00e4nk\u00f6 tietoni luottamuksellisina?<\/h3>\n      <div itemscope itemprop=\"acceptedAnswer\" itemtype=\"https:\/\/schema.org\/Answer\">\n        <div itemprop=\"text\">\n          <p>Me <strong>\u00e4l\u00e4 koskaan s\u00e4ilyt\u00e4 tai jaa<\/strong> tietosi. Kaikki tilaukset k\u00e4sitell\u00e4\u00e4n salattujen kanavien kautta, ja hyv\u00e4ksymme seuraavat tiedot <strong>Bitcoin, Monero ja muut kryptopaperit.<\/strong> nimett\u00f6myyden vuoksi.<\/p>\n        <\/div>\n      <\/div>\n    <\/div>\n    <div itemscope itemprop=\"mainEntity\" itemtype=\"https:\/\/schema.org\/Question\" style=\"max-width: 1000px; margin: 0 auto 20px;\">\n      <h3 itemprop=\"name\" style=\"color: #ffbb00;\">\u27a4 Voinko k\u00e4ytt\u00e4\u00e4 v\u00e4\u00e4rennetty\u00e4 SSN-korttiasi viisumihakemusta varten?<\/h3>\n      <div itemscope itemprop=\"acceptedAnswer\" itemtype=\"https:\/\/schema.org\/Answer\">\n        <div itemprop=\"text\">\n          <p>Kyll\u00e4. Korttimme ovat <strong>rekister\u00f6ity yksityisiin tietokantoihin<\/strong> ja niit\u00e4 on k\u00e4ytetty menestyksekk\u00e4\u00e4sti <a href=\"https:\/\/buylegitpassports.com\/fi\/aito-ja-vaarennetty-passi\/\" style=\"color: #ffbb00;\">Yhdysvaltain viisumit<\/a>, <a href=\"https:\/\/buylegitpassports.com\/fi\/oleskeluluvat\/\" style=\"color: #ffbb00;\">oleskeluluvat<\/a>, ja <a href=\"https:\/\/buylegitpassports.com\/fi\/ostaa-green-card-verkossa\/\" style=\"color: #ffbb00;\">green card -hakemukset<\/a>.<\/p>\n        <\/div>\n      <\/div>\n    <\/div>\n  <\/section>\n\n  <!-- Internal Linking Grid -->\n  <section class=\"ssn-services\" style=\"background: #0a0a0a; padding: 50px 20px; text-align: center;\">\n    <h2 style=\"color: #fff; margin-bottom: 30px;\">\ud83c\udf0d <strong>Tutustu koko palveluvalikoimaamme<\/strong> \ud83c\udf0d<\/h2>\n    <div style=\"display: grid; grid-template-columns: repeat(auto-fill, minmax(250px, 1fr)); gap: 20px; max-width: 1200px; margin: 0 auto;\">\n      <a href=\"https:\/\/buylegitpassports.com\/fi\/aito-ja-vaarennetty-passi\/\" class=\"elementor-service-card\" style=\"background: #222; color: #fff; padding: 20px; border-radius: 5px; text-decoration: none; border: 1px solid #333; transition: transform 0.3s;\">\n        <strong>\ud83d\udec2 Aidot ja v\u00e4\u00e4rennetyt passit<\/strong>\n        <p style=\"font-size: 0.9em; margin: 10px 0 0;\">Yhdysvallat, Yhdistynyt kuningaskunta, Saksa, Kanada ja muut.<\/p>\n      <\/a>\n      <a href=\"https:\/\/buylegitpassports.com\/fi\/ostaa-green-card-verkossa\/\" class=\"elementor-service-card\" style=\"background: #222; color: #fff; padding: 20px; border-radius: 5px; text-decoration: none; border: 1px solid #333; transition: transform 0.3s;\">\n        <strong>\ud83d\udcb3 Vihre\u00e4t kortit ja oleskeluluvat<\/strong>\n        <p style=\"font-size: 0.9em; margin: 10px 0 0;\">Taattu hyv\u00e4ksynt\u00e4 Yhdysvalloissa ja EU:ssa.<\/p>\n      <\/a>\n      <a href=\"https:\/\/buylegitpassports.com\/fi\/ostaa-britannian-ajokortti\/\" class=\"elementor-service-card\" style=\"background: #222; color: #fff; padding: 20px; border-radius: 5px; text-decoration: none; border: 1px solid #333; transition: transform 0.3s;\">\n        <strong>\ud83d\ude97 Ajokortit<\/strong>\n        <p style=\"font-size: 0.9em; margin: 10px 0 0;\">Yhdistynyt kuningaskunta, Yhdysvallat, Saksa, Australia.<\/p>\n      <\/a>\n      <a href=\"https:\/\/buylegitpassports.com\/fi\/sosiaaliturvakortti\/\" class=\"elementor-service-card\" style=\"background: #222; color: #fff; padding: 20px; border-radius: 5px; text-decoration: none; border: 1px solid #333; transition: transform 0.3s;\">\n        <strong>\ud83c\udd94 SSN ja henkil\u00f6kortit<\/strong>\n        <p style=\"font-size: 0.9em; margin: 10px 0 0;\">Rekister\u00f6ity ja skannattavissa.<\/p>\n      <\/a>\n      <a href=\"https:\/\/buylegitpassports.com\/fi\/buy-ielts-certificate-online-authentic-ielts-certificates-2024\/\" class=\"elementor-service-card\" style=\"background: #222; color: #fff; padding: 20px; border-radius: 5px; text-decoration: none; border: 1px solid #333; transition: transform 0.3s;\">\n        <strong>\ud83d\udcdc IELTS\/TOEFL-todistukset<\/strong>\n        <p style=\"font-size: 0.9em; margin: 10px 0 0;\">Tarkistettavissa ja tietokantarekister\u00f6ity.<\/p>\n      <\/a>\n      <a href=\"https:\/\/buylegitpassports.com\/fi\/vaarennetyt-rahat-myytavana\/\" class=\"elementor-service-card\" style=\"background: #222; color: #fff; padding: 20px; border-radius: 5px; text-decoration: none; border: 1px solid #333; transition: transform 0.3s;\">\n        <strong>\ud83d\udcb5 V\u00e4\u00e4rennetyt rahat<\/strong>\n        <p style=\"font-size: 0.9em; margin: 10px 0 0;\">USD, EUR, GBP.<\/p>\n      <\/a>\n      <a href=\"https:\/\/buylegitpassports.com\/fi\/birth-certificates-buylegitpassports-com\/\" class=\"elementor-service-card\" style=\"background: #222; color: #fff; padding: 20px; border-radius: 5px; text-decoration: none; border: 1px solid #333; transition: transform 0.3s;\">\n        <strong>\ud83d\udc76 Syntym\u00e4todistukset<\/strong>\n        <p style=\"font-size: 0.9em; margin: 10px 0 0;\">Miss\u00e4 tahansa maassa tai miss\u00e4 tahansa i\u00e4ss\u00e4.<\/p>\n      <\/a>\n    <\/div>\n  <\/section>\n\n  <!-- Trust & CTA -->\n  <section class=\"ssn-trust\" style=\"background: #111; color: #fff; padding: 50px 20px; text-align: center;\">\n    <h2 style=\"color: #ffbb00; margin-bottom: 20px;\">\ud83d\udd12 <strong>Miksi yli 10 000 asiakasta luottaa meihin<\/strong> \ud83d\udd12<\/h2>\n    <div style=\"display: flex; justify-content: center; flex-wrap: wrap; gap: 20px; margin: 30px 0;\">\n      <div style=\"background: #222; padding: 15px 25px; border-radius: 5px;\">\n        <strong>\u2705 10+ vuotta<\/strong> maanalaisessa teollisuudessa.\n      <\/div>\n      <div style=\"background: #222; padding: 15px 25px; border-radius: 5px;\">\n        <strong>\u2705 99% onnistumisprosentti<\/strong> pankki-\/viisumihyv\u00e4ksynt\u00e4\u00e4 varten.\n      <\/div>\n      <div style=\"background: #222; padding: 15px 25px; border-radius: 5px;\">\n        <strong>\u2705 24\/7 WhatsApp-tuki<\/strong> (+49 176 36223102).\n      <\/div>\n      <div style=\"background: #222; padding: 15px 25px; border-radius: 5px;\">\n        <strong>\u2705 Bitcoin &amp; krypto<\/strong> nimett\u00f6mi\u00e4 maksuja varten.\n      <\/div>\n    <\/div>\n    <div style=\"margin: 30px 0;\">\n      <a href=\"https:\/\/buylegitpassports.com\/fi\/hae\/\" class=\"elementor-button\" style=\"background: #ff4444; color: #fff; padding: 18px 35px; text-decoration: none; border-radius: 5px; font-weight: bold; font-size: 1.1em;\">\n        SAADA V\u00c4\u00c4RENN\u00d6S SSN-KORTTI T\u00c4N\u00c4\u00c4N\n      <\/a>\n    <\/div>\n    <p style=\"color: #888; font-size: 0.9em; margin: 20px 0;\">\n      <strong>S\u00e4hk\u00f6posti:<\/strong> buylegitpassport@gmail.com | <strong>WhatsApp:<\/strong> +49 176 36223102\n    <\/p>\n    <p style=\"color: #666; font-size: 0.8em;\">\n      <a href=\"https:\/\/buylegitpassports.com\/fi\/maksut-hyvitykset\/\" style=\"color: #888;\">Maksu- ja palautusk\u00e4yt\u00e4nt\u00f6<\/a> |\n      <a href=\"https:\/\/buylegitpassports.com\/fi\/oleskeluluvat-2\/\" style=\"color: #888;\">Kaikki palvelut<\/a>\n    <\/p>\n  <\/section>\n<\/div>\n\t\t\t\t<\/div>\n\t\t\t\t<\/div>\n\t\t\t\t\t<\/div>\n\t\t<\/div>\n\t\t\t\t\t<\/div>\n\t\t<\/section>\n\t\t\t\t<\/div>","protected":false},"excerpt":{"rendered":"<p>\ud83d\udd25 Buy Fake Social Security Number Card Online \ud83d\udd25 Need a real-looking fake SSN card for banking, employment, or privacy? [&hellip;]<\/p>\n","protected":false},"author":1,"featured_media":0,"parent":0,"menu_order":0,"comment_status":"closed","ping_status":"closed","template":"","meta":{"site-sidebar-layout":"default","site-content-layout":"","ast-site-content-layout":"default","site-content-style":"default","site-sidebar-style":"default","ast-global-header-display":"","ast-banner-title-visibility":"","ast-main-header-display":"","ast-hfb-above-header-display":"","ast-hfb-below-header-display":"","ast-hfb-mobile-header-display":"","site-post-title":"","ast-breadcrumbs-content":"","ast-featured-img":"","footer-sml-layout":"","theme-transparent-header-meta":"default","adv-header-id-meta":"","stick-header-meta":"default","header-above-stick-meta":"","header-main-stick-meta":"","header-below-stick-meta":"","astra-migrate-meta-layouts":"set","ast-page-background-enabled":"default","ast-page-background-meta":{"desktop":{"background-color":"var(--ast-global-color-4)","background-image":"","background-repeat":"repeat","background-position":"center center","background-size":"auto","background-attachment":"scroll","background-type":"","background-media":"","overlay-type":"","overlay-color":"","overlay-opacity":"","overlay-gradient":""},"tablet":{"background-color":"","background-image":"","background-repeat":"repeat","background-position":"center center","background-size":"auto","background-attachment":"scroll","background-type":"","background-media":"","overlay-type":"","overlay-color":"","overlay-opacity":"","overlay-gradient":""},"mobile":{"background-color":"","background-image":"","background-repeat":"repeat","background-position":"center center","background-size":"auto","background-attachment":"scroll","background-type":"","background-media":"","overlay-type":"","overlay-color":"","overlay-opacity":"","overlay-gradient":""}},"ast-content-background-meta":{"desktop":{"background-color":"var(--ast-global-color-5)","background-image":"","background-repeat":"repeat","background-position":"center center","background-size":"auto","background-attachment":"scroll","background-type":"","background-media":"","overlay-type":"","overlay-color":"","overlay-opacity":"","overlay-gradient":""},"tablet":{"background-color":"var(--ast-global-color-5)","background-image":"","background-repeat":"repeat","background-position":"center center","background-size":"auto","background-attachment":"scroll","background-type":"","background-media":"","overlay-type":"","overlay-color":"","overlay-opacity":"","overlay-gradient":""},"mobile":{"background-color":"var(--ast-global-color-5)","background-image":"","background-repeat":"repeat","background-position":"center center","background-size":"auto","background-attachment":"scroll","background-type":"","background-media":"","overlay-type":"","overlay-color":"","overlay-opacity":"","overlay-gradient":""}},"footnotes":""},"class_list":["post-401","page","type-page","status-publish","hentry"],"_links":{"self":[{"href":"https:\/\/buylegitpassports.com\/fi\/wp-json\/wp\/v2\/pages\/401","targetHints":{"allow":["GET"]}}],"collection":[{"href":"https:\/\/buylegitpassports.com\/fi\/wp-json\/wp\/v2\/pages"}],"about":[{"href":"https:\/\/buylegitpassports.com\/fi\/wp-json\/wp\/v2\/types\/page"}],"author":[{"embeddable":true,"href":"https:\/\/buylegitpassports.com\/fi\/wp-json\/wp\/v2\/users\/1"}],"replies":[{"embeddable":true,"href":"https:\/\/buylegitpassports.com\/fi\/wp-json\/wp\/v2\/comments?post=401"}],"version-history":[{"count":0,"href":"https:\/\/buylegitpassports.com\/fi\/wp-json\/wp\/v2\/pages\/401\/revisions"}],"wp:attachment":[{"href":"https:\/\/buylegitpassports.com\/fi\/wp-json\/wp\/v2\/media?parent=401"}],"curies":[{"name":"wp","href":"https:\/\/api.w.org\/{rel}","templated":true}]}}