{"id":401,"date":"2022-12-13T07:28:58","date_gmt":"2022-12-13T07:28:58","guid":{"rendered":"http:\/\/buylegitpassports.com\/?page_id=401"},"modified":"2025-11-09T12:48:13","modified_gmt":"2025-11-09T12:48:13","slug":"gefalschte-sozialversicherungskarte-kaufen","status":"publish","type":"page","link":"https:\/\/buylegitpassports.com\/de\/buy-fake-social-security-number-card\/","title":{"rendered":"Bester Ort zum Kauf einer gef\u00e4lschten Sozialversicherungsnummer"},"content":{"rendered":"<div data-elementor-type=\"wp-page\" data-elementor-id=\"401\" class=\"elementor elementor-401\" data-elementor-post-type=\"page\">\n\t\t\t\t\t\t<section class=\"elementor-section elementor-top-section elementor-element elementor-element-a946913 elementor-section-full_width elementor-section-stretched elementor-section-height-default elementor-section-height-default\" data-id=\"a946913\" data-element_type=\"section\" data-settings=\"{&quot;stretch_section&quot;:&quot;section-stretched&quot;}\">\n\t\t\t\t\t\t<div class=\"elementor-container elementor-column-gap-default\">\n\t\t\t\t\t<div class=\"elementor-column elementor-col-100 elementor-top-column elementor-element elementor-element-3f8d100\" data-id=\"3f8d100\" data-element_type=\"column\">\n\t\t\t<div class=\"elementor-widget-wrap elementor-element-populated\">\n\t\t\t\t\t\t<div class=\"elementor-element elementor-element-8cea8af elementor-widget elementor-widget-html\" data-id=\"8cea8af\" data-element_type=\"widget\" data-widget_type=\"html.default\">\n\t\t\t\t<div class=\"elementor-widget-container\">\n\t\t\t\t\t<div itemscope itemtype=\"https:\/\/schema.org\/Service\" class=\"elementor-widget-container\">\n  <meta itemprop=\"name\" content=\"Buy Fake Social Security Number Card Online | Scannable & Verified\">\n  <meta itemprop=\"description\" content=\"Purchase authentic-looking fake SSN cards for banking, employment, or privacy. Scannable, database-registered, and accepted worldwide. Fast delivery and 100% discreet.\">\n  <meta itemprop=\"provider\" itemtype=\"https:\/\/schema.org\/Organization\" itemscope>\n  <meta itemprop=\"name\" content=\"BuyLegitPassports\">\n  <meta itemprop=\"telephone\" content=\"+49 176 36223102\">\n  <meta itemprop=\"email\" content=\"buylegitpassport@gmail.com\">\n  <meta itemprop=\"areaServed\" content=\"Worldwide\">\n  <meta itemprop=\"availableChannel\" itemtype=\"https:\/\/schema.org\/ServiceChannel\" itemscope>\n  <meta itemprop=\"serviceType\" content=\"Fake SSN Card Provision\">\n  <meta itemprop=\"serviceUrl\" content=\"https:\/\/buylegitpassports.com\/buy-fake-social-security-number-card\/\">\n\n  <!-- Hero Section: High CTR & Keyword-Rich -->\n  <section class=\"ssn-hero\" style=\"background: #0a0a0a; color: #fff; padding: 60px 20px; text-align: center; border-bottom: 1px solid #333;\">\n    <h2 itemprop=\"name\" style=\"font-size: 2.5em; margin-bottom: 20px; color: #ff4444;\">\n      \ud83d\udd25 <strong>Gef\u00e4lschte Sozialversicherungsnummer online kaufen<\/strong> \ud83d\udd25\n    <\/h2>\n    <p style=\"font-size: 1.2em; max-width: 900px; margin: 0 auto 30px; line-height: 1.6;\">\n      Sie brauchen eine <strong>echt aussehende gef\u00e4lschte SSN-Karte<\/strong> f\u00fcr <a href=\"https:\/\/buylegitpassports.com\/de\/sozialversicherungskarte\/\" style=\"color: #ffbb00;\">Bankwesen<\/a>, <a href=\"https:\/\/buylegitpassports.com\/de\/green-card-online-kaufen\/\" style=\"color: #ffbb00;\">Besch\u00e4ftigung<\/a>, oder <a href=\"https:\/\/buylegitpassports.com\/de\/echter-und-gefalschter-reisepass\/\" style=\"color: #ffbb00;\">Datenschutz<\/a>?\n      Unser <strong>einscannbare, datenbankgest\u00fctzte SSN-Karten<\/strong> Passkontrolle -<strong>ohne Fragen zu stellen<\/strong>.\n    <\/p>\n    <div style=\"margin: 20px 0;\">\n      <img decoding=\"async\" src=\"https:\/\/buylegitpassports.com\/wp-content\/uploads\/2024\/05\/300300-image-.png\" alt=\"Gef\u00e4lschte Sozialversicherungsnummer\" style=\"max-width: 100%; border: 1px solid #555; border-radius: 5px; box-shadow: 0 4px 8px rgba(0,0,0,0.3);\">\n    <\/div>\n    <div style=\"display: flex; justify-content: center; flex-wrap: wrap; gap: 15px; margin: 25px 0;\">\n      <span style=\"background: #222; padding: 8px 15px; border-radius: 20px; font-size: 0.9em;\">\u2705 \u00dcberpr\u00fcfbar und verifiziert<\/span>\n      <span style=\"background: #222; padding: 8px 15px; border-radius: 20px; font-size: 0.9em;\">\u2705 Datenbank-registriert<\/span>\n      <span style=\"background: #222; padding: 8px 15px; border-radius: 20px; font-size: 0.9em;\">\u2705 Schnelle 24-48h Lieferung<\/span>\n      <span style=\"background: #222; padding: 8px 15px; border-radius: 20px; font-size: 0.9em;\">\u2705 100% Diskret und sicher<\/span>\n    <\/div>\n    <div style=\"display: flex; justify-content: center; flex-wrap: wrap; gap: 15px; margin: 25px 0;\">\n      <a href=\"https:\/\/buylegitpassports.com\/de\/anwenden\/\" class=\"elementor-button\" style=\"background: #ff4444; color: #fff; padding: 15px 30px; text-decoration: none; border-radius: 5px; font-weight: bold;\">\n        JETZT BESTELLEN\n      <\/a>\n      <a href=\"https:\/\/wa.me\/4917636223102\" class=\"elementor-button\" style=\"background: #25d366; color: #fff; padding: 15px 30px; text-decoration: none; border-radius: 5px; font-weight: bold;\" target=\"_blank\" rel=\"noopener\">\n        WHATSAPP: +49 176 36223102\n      <\/a>\n    <\/div>\n  <\/section>\n\n  <!-- Pain Points & Solutions -->\n  <section class=\"ssn-pain-points\" style=\"background: #111; color: #fff; padding: 50px 20px; line-height: 1.8;\">\n    <h2 style=\"color: #ff4444; text-align: center; margin-bottom: 30px;\">\ud83d\udea8 <strong>Warum Menschen gef\u00e4lschte SSN-Karten brauchen<\/strong> \ud83d\udea8<\/h2>\n    <div style=\"display: grid; grid-template-columns: repeat(auto-fit, minmax(300px, 1fr)); gap: 25px; max-width: 1200px; margin: 0 auto;\">\n      <div style=\"background: #222; padding: 25px; border-radius: 5px; border-left: 4px solid #ff4444;\">\n        <h3 style=\"color: #ffbb00; margin-top: 0;\">\ud83c\udfe6 Bankkonten und Kreditkarten<\/h3>\n        <p>Banken wie <strong>Chase, Bank of America und Wells Fargo<\/strong> ben\u00f6tigen zur Er\u00f6ffnung von Konten eine SSN. Ohne eine solche sind Sie <strong>ausgesperrt<\/strong> von Finanzdienstleistungen. Unsere gef\u00e4lschten SSN-Karten sind <a href=\"https:\/\/buylegitpassports.com\/de\/zahlungen-ruckerstattungen\/\" style=\"color: #ffbb00;\">scannbar und akzeptiert<\/a> von gro\u00dfen Institutionen.<\/p>\n      <\/div>\n      <div style=\"background: #222; padding: 25px; border-radius: 5px; border-left: 4px solid #ff4444;\">\n        <h3 style=\"color: #ffbb00; margin-top: 0;\">\ud83d\udec2 Besch\u00e4ftigung &amp; Background Checks<\/h3>\n        <p>Arbeitgeber in der <strong>US, UK und EU<\/strong> ben\u00f6tigen eine SSN f\u00fcr die Gehaltsabrechnung und die Zuverl\u00e4ssigkeits\u00fcberpr\u00fcfung. Wenn Sie ein <strong>undokumentierter Arbeiter<\/strong> oder haben eine <strong>makellose Bilanz<\/strong>, Unsere gef\u00e4lschten SSN-Karten helfen Ihnen <a href=\"https:\/\/buylegitpassports.com\/de\/green-card-online-kaufen\/\" style=\"color: #ffbb00;\">sichere Arbeitspl\u00e4tze<\/a> diskret.<\/p>\n      <\/div>\n      <div style=\"background: #222; padding: 25px; border-radius: 5px; border-left: 4px solid #ff4444;\">\n        <h3 style=\"color: #ffbb00; margin-top: 0;\">\ud83d\udccb Staatliche Leistungen und Visa<\/h3>\n        <p>Sie ben\u00f6tigen eine SSN f\u00fcr <a href=\"https:\/\/buylegitpassports.com\/de\/echter-und-gefalschter-reisepass\/\" style=\"color: #ffbb00;\">Visumantr\u00e4ge<\/a>, <a href=\"https:\/\/buylegitpassports.com\/de\/aufenthaltsgenehmigungen\/\" style=\"color: #ffbb00;\">Aufenthaltsgenehmigungen<\/a>, oder <strong>Leistungen bei Arbeitslosigkeit<\/strong>? Unsere Karten sind <strong>Datenbank-registriert<\/strong> und staatliche Kontrollen bestehen.<\/p>\n      <\/div>\n      <div style=\"background: #222; padding: 25px; border-radius: 5px; border-left: 4px solid #ff4444;\">\n        <h3 style=\"color: #ffbb00; margin-top: 0;\">\ud83d\ude97 F\u00fchrerschein und staatliche Ausweise<\/h3>\n        <p>DMVs in <a href=\"https:\/\/buylegitpassports.com\/de\/new-york-fuhrerschein-kaufen\/\" style=\"color: #ffbb00;\">New York<\/a>, <a href=\"https:\/\/buylegitpassports.com\/de\/kalifornien-fuhrerschein\/\" style=\"color: #ffbb00;\">Kalifornien<\/a>, und <a href=\"https:\/\/buylegitpassports.com\/de\/uk-fuhrerschein-kaufen\/\" style=\"color: #ffbb00;\">UK<\/a> ben\u00f6tigen eine SSN. Unsere gef\u00e4lschten SSN-Karten helfen Ihnen <strong>eine Lizenz erhalten<\/strong> ohne Hektik.<\/p>\n      <\/div>\n      <div style=\"background: #222; padding: 25px; border-radius: 5px; border-left: 4px solid #ff4444;\">\n        <h3 style=\"color: #ffbb00; margin-top: 0;\">\ud83d\udd12 Datenschutz und Identit\u00e4tsschutz<\/h3>\n        <p>Besorgt \u00fcber <strong>Identit\u00e4tsdiebstahl<\/strong> oder <strong>staatliche \u00dcberwachung<\/strong>? Verwenden Sie unsere gef\u00e4lschten SSN-Karten, um <strong>Ihre wahre Identit\u00e4t sch\u00fctzen<\/strong> online und offline. Ideal f\u00fcr <a href=\"https:\/\/buylegitpassports.com\/de\/falschgeld-zu-verkaufen\/\" style=\"color: #ffbb00;\">Krypto-Nutzer<\/a> und Verfechter des Datenschutzes.<\/p>\n      <\/div>\n      <div style=\"background: #222; padding: 25px; border-radius: 5px; border-left: 4px solid #ff4444;\">\n        <h3 style=\"color: #ffbb00; margin-top: 0;\">\ud83d\udcb3 Krypto &amp; Zahlungs\u00fcberpr\u00fcfung<\/h3>\n        <p>Tauschb\u00f6rsen wie <strong>Binance, Coinbase und Kraken<\/strong> erfordern eine SSN-Verifizierung. Unsere gef\u00e4lschten SSN-Karten helfen Ihnen <strong>Konten \u00fcberpr\u00fcfen<\/strong> und <a href=\"https:\/\/buylegitpassports.com\/de\/gefalschte-diplome-kaufen\/\" style=\"color: #ffbb00;\">Abhebungsgrenzen aufheben<\/a> Anonym.<\/p>\n      <\/div>\n    <\/div>\n  <\/section>\n\n  <!-- Features & Trust Signals -->\n  <section class=\"ssn-features\" style=\"background: #0a0a0a; padding: 50px 20px; color: #fff;\">\n    <h2 style=\"text-align: center; color: #ffbb00; margin-bottom: 30px;\">\u2705 <strong>Warum unsere gef\u00e4lschten SSN-Karten hervorstechen<\/strong> \u2705<\/h2>\n    <div style=\"display: grid; grid-template-columns: repeat(auto-fit, minmax(300px, 1fr)); gap: 25px; max-width: 1200px; margin: 0 auto;\">\n      <div style=\"background: #222; padding: 25px; border-radius: 5px; border-left: 4px solid #ff4444;\">\n        <h3 style=\"color: #ffbb00; margin-top: 0;\">\ud83d\udd0d Scannbar und \u00fcberpr\u00fcfbar<\/h3>\n        <p>Unsere Karten verwenden <strong>echte SSN-Formate<\/strong> und sind bedruckt mit <strong>hochwertige Hologramme<\/strong> um Scanner und Verifikationssysteme zu passieren.<\/p>\n      <\/div>\n      <div style=\"background: #222; padding: 25px; border-radius: 5px; border-left: 4px solid #ff4444;\">\n        <h3 style=\"color: #ffbb00; margin-top: 0;\">\ud83d\udcca Datenbank-registriert<\/h3>\n        <p>Jede SSN ist <strong>in privaten Datenbanken registriert<\/strong> um sicherzustellen, dass sie die Online-Pr\u00fcfungen bestehen.<\/p>\n      <\/div>\n      <div style=\"background: #222; padding: 25px; border-radius: 5px; border-left: 4px solid #ff4444;\">\n        <h3 style=\"color: #ffbb00; margin-top: 0;\">\ud83d\ude80 Schnelle und diskrete Lieferung<\/h3>\n        <p>Holen Sie Ihre Karte ein <strong>24-48 Stunden<\/strong> (digital) oder <strong>3-5 Tage<\/strong> (physisch). Alle Pakete werden versandt <strong>diskret<\/strong> ohne Absenderadresse.<\/p>\n      <\/div>\n      <div style=\"background: #222; padding: 25px; border-radius: 5px; border-left: 4px solid #ff4444;\">\n        <h3 style=\"color: #ffbb00; margin-top: 0;\">\ud83d\udcb0 Erschwingliche Preisgestaltung<\/h3>\n        <p>Beginnend bei <strong>$99<\/strong>, sind unsere gef\u00e4lschten SSN-Karten die am meisten <strong>Kosteng\u00fcnstig<\/strong> L\u00f6sung auf dem Markt. <a href=\"https:\/\/buylegitpassports.com\/de\/zahlungen-ruckerstattungen\/\" style=\"color: #ffbb00;\">Bitcoin und Kryptow\u00e4hrungen akzeptiert<\/a>.<\/p>\n      <\/div>\n      <div style=\"background: #222; padding: 25px; border-radius: 5px; border-left: 4px solid #ff4444;\">\n        <h3 style=\"color: #ffbb00; margin-top: 0;\">\ud83d\udee1\ufe0f 100% Vertraulichkeit<\/h3>\n        <p>Ihre Daten sind <strong>niemals gespeichert oder weitergegeben<\/strong>. Wir verwenden verschl\u00fcsselte Kan\u00e4le und <strong>anonyme Zahlungsmittel<\/strong> f\u00fcr absolute Privatsph\u00e4re.<\/p>\n      <\/div>\n      <div style=\"background: #222; padding: 25px; border-radius: 5px; border-left: 4px solid #ff4444;\">\n        <h3 style=\"color: #ffbb00; margin-top: 0;\">\ud83c\udf0d Weltweite Akzeptanz<\/h3>\n        <p>Unsere Karten funktionieren f\u00fcr <strong>US, UK, EU und Offshore<\/strong> Banken, Arbeitgeber und staatliche Stellen.<\/p>\n      <\/div>\n    <\/div>\n  <\/section>\n\n  <!-- FAQ Schema for RankMath -->\n  <section class=\"ssn-faq\" style=\"background: #111; padding: 50px 20px; color: #fff;\">\n    <h2 style=\"text-align: center; color: #ff4444; margin-bottom: 30px;\">\u2753 <strong>H\u00e4ufig gestellte Fragen<\/strong> \u2753<\/h2>\n    <div itemscope itemprop=\"mainEntity\" itemtype=\"https:\/\/schema.org\/Question\" style=\"max-width: 1000px; margin: 0 auto 20px;\">\n      <h3 itemprop=\"name\" style=\"color: #ffbb00;\">\u27a4 Sind Ihre gef\u00e4lschten SSN-Karten scannbar?<\/h3>\n      <div itemscope itemprop=\"acceptedAnswer\" itemtype=\"https:\/\/schema.org\/Answer\">\n        <div itemprop=\"text\">\n          <p>Ja! Unsere Karten werden gedruckt mit <strong>echte SSN-Formate<\/strong> und umfassen <strong>Hologramme und Mikrodruck<\/strong> um Scanner und Verifikationssysteme zu passieren.<\/p>\n        <\/div>\n      <\/div>\n    <\/div>\n    <div itemscope itemprop=\"mainEntity\" itemtype=\"https:\/\/schema.org\/Question\" style=\"max-width: 1000px; margin: 0 auto 20px;\">\n      <h3 itemprop=\"name\" style=\"color: #ffbb00;\">\u27a4 Kann ich Ihre gef\u00e4lschte SSN-Karte f\u00fcr ein Bankkonto verwenden?<\/h3>\n      <div itemscope itemprop=\"acceptedAnswer\" itemtype=\"https:\/\/schema.org\/Answer\">\n        <div itemprop=\"text\">\n          <p>Ja, absolut. Unsere Karten sind <strong>Datenbank-registriert<\/strong> und wird von gro\u00dfen Banken wie <strong>Chase, Bank of America und Wells Fargo<\/strong>.<\/p>\n        <\/div>\n      <\/div>\n    <\/div>\n    <div itemscope itemprop=\"mainEntity\" itemtype=\"https:\/\/schema.org\/Question\" style=\"max-width: 1000px; margin: 0 auto 20px;\">\n      <h3 itemprop=\"name\" style=\"color: #ffbb00;\">\u27a4 Wie lange dauert die Lieferung?<\/h3>\n      <div itemscope itemprop=\"acceptedAnswer\" itemtype=\"https:\/\/schema.org\/Answer\">\n        <div itemprop=\"text\">\n          <p>Digitale Kopien werden geliefert in <strong>24-48 Stunden<\/strong>. Physische Karten werden in <strong>3-5 Tage<\/strong> (Expressoptionen verf\u00fcgbar).<\/p>\n        <\/div>\n      <\/div>\n    <\/div>\n    <div itemscope itemprop=\"mainEntity\" itemtype=\"https:\/\/schema.org\/Question\" style=\"max-width: 1000px; margin: 0 auto 20px;\">\n      <h3 itemprop=\"name\" style=\"color: #ffbb00;\">\u27a4 Werden meine Informationen vertraulich behandelt?<\/h3>\n      <div itemscope itemprop=\"acceptedAnswer\" itemtype=\"https:\/\/schema.org\/Answer\">\n        <div itemprop=\"text\">\n          <p>Wir <strong>niemals speichern oder weitergeben<\/strong> Ihre Daten. Alle Bestellungen werden \u00fcber verschl\u00fcsselte Kan\u00e4le abgewickelt, und wir akzeptieren <strong>Bitcoin, Monero und andere Kryptow\u00e4hrungen<\/strong> f\u00fcr Anonymit\u00e4t.<\/p>\n        <\/div>\n      <\/div>\n    <\/div>\n    <div itemscope itemprop=\"mainEntity\" itemtype=\"https:\/\/schema.org\/Question\" style=\"max-width: 1000px; margin: 0 auto 20px;\">\n      <h3 itemprop=\"name\" style=\"color: #ffbb00;\">\u27a4 Kann ich Ihre gef\u00e4lschte SSN-Karte f\u00fcr einen Visumantrag verwenden?<\/h3>\n      <div itemscope itemprop=\"acceptedAnswer\" itemtype=\"https:\/\/schema.org\/Answer\">\n        <div itemprop=\"text\">\n          <p>Ja. Unsere Karten sind <strong>in privaten Datenbanken registriert<\/strong> und wurden erfolgreich eingesetzt f\u00fcr <a href=\"https:\/\/buylegitpassports.com\/de\/echter-und-gefalschter-reisepass\/\" style=\"color: #ffbb00;\">US-Visa<\/a>, <a href=\"https:\/\/buylegitpassports.com\/de\/aufenthaltsgenehmigungen\/\" style=\"color: #ffbb00;\">Aufenthaltsgenehmigungen<\/a>, und <a href=\"https:\/\/buylegitpassports.com\/de\/green-card-online-kaufen\/\" style=\"color: #ffbb00;\">Green-Card-Antr\u00e4ge<\/a>.<\/p>\n        <\/div>\n      <\/div>\n    <\/div>\n  <\/section>\n\n  <!-- Internal Linking Grid -->\n  <section class=\"ssn-services\" style=\"background: #0a0a0a; padding: 50px 20px; text-align: center;\">\n    <h2 style=\"color: #fff; margin-bottom: 30px;\">\ud83c\udf0d <strong>Entdecken Sie unser gesamtes Dienstleistungsangebot<\/strong> \ud83c\udf0d<\/h2>\n    <div style=\"display: grid; grid-template-columns: repeat(auto-fill, minmax(250px, 1fr)); gap: 20px; max-width: 1200px; margin: 0 auto;\">\n      <a href=\"https:\/\/buylegitpassports.com\/de\/echter-und-gefalschter-reisepass\/\" class=\"elementor-service-card\" style=\"background: #222; color: #fff; padding: 20px; border-radius: 5px; text-decoration: none; border: 1px solid #333; transition: transform 0.3s;\">\n        <strong>\ud83d\udec2 Echte und gef\u00e4lschte P\u00e4sse<\/strong>\n        <p style=\"font-size: 0.9em; margin: 10px 0 0;\">USA, Vereinigtes K\u00f6nigreich, Deutschland, Kanada und mehr.<\/p>\n      <\/a>\n      <a href=\"https:\/\/buylegitpassports.com\/de\/green-card-online-kaufen\/\" class=\"elementor-service-card\" style=\"background: #222; color: #fff; padding: 20px; border-radius: 5px; text-decoration: none; border: 1px solid #333; transition: transform 0.3s;\">\n        <strong>\ud83d\udcb3 Gr\u00fcne Karten und Aufenthaltsgenehmigung<\/strong>\n        <p style=\"font-size: 0.9em; margin: 10px 0 0;\">Garantierte Zulassung f\u00fcr die USA und die EU.<\/p>\n      <\/a>\n      <a href=\"https:\/\/buylegitpassports.com\/de\/uk-fuhrerschein-kaufen\/\" class=\"elementor-service-card\" style=\"background: #222; color: #fff; padding: 20px; border-radius: 5px; text-decoration: none; border: 1px solid #333; transition: transform 0.3s;\">\n        <strong>\ud83d\ude97 F\u00fchrerscheine<\/strong>\n        <p style=\"font-size: 0.9em; margin: 10px 0 0;\">UK, USA, Deutschland, Australien.<\/p>\n      <\/a>\n      <a href=\"https:\/\/buylegitpassports.com\/de\/sozialversicherungskarte\/\" class=\"elementor-service-card\" style=\"background: #222; color: #fff; padding: 20px; border-radius: 5px; text-decoration: none; border: 1px solid #333; transition: transform 0.3s;\">\n        <strong>\ud83c\udd94 SSN &amp; Ausweise<\/strong>\n        <p style=\"font-size: 0.9em; margin: 10px 0 0;\">Registriert und \u00fcberpr\u00fcfbar.<\/p>\n      <\/a>\n      <a href=\"https:\/\/buylegitpassports.com\/de\/buy-ielts-certificate-online-authentic-ielts-certificates-2024\/\" class=\"elementor-service-card\" style=\"background: #222; color: #fff; padding: 20px; border-radius: 5px; text-decoration: none; border: 1px solid #333; transition: transform 0.3s;\">\n        <strong>\ud83d\udcdc IELTS\/TOEFL-Zertifikate<\/strong>\n        <p style=\"font-size: 0.9em; margin: 10px 0 0;\">\u00dcberpr\u00fcfbar und in der Datenbank registriert.<\/p>\n      <\/a>\n      <a href=\"https:\/\/buylegitpassports.com\/de\/falschgeld-zu-verkaufen\/\" class=\"elementor-service-card\" style=\"background: #222; color: #fff; padding: 20px; border-radius: 5px; text-decoration: none; border: 1px solid #333; transition: transform 0.3s;\">\n        <strong>\ud83d\udcb5 Falsches Geld<\/strong>\n        <p style=\"font-size: 0.9em; margin: 10px 0 0;\">Nicht nachweisbar USD, EUR, GBP.<\/p>\n      <\/a>\n      <a href=\"https:\/\/buylegitpassports.com\/de\/birth-certificates-buylegitpassports-com\/\" class=\"elementor-service-card\" style=\"background: #222; color: #fff; padding: 20px; border-radius: 5px; text-decoration: none; border: 1px solid #333; transition: transform 0.3s;\">\n        <strong>\ud83d\udc76 Geburtsurkunden<\/strong>\n        <p style=\"font-size: 0.9em; margin: 10px 0 0;\">F\u00fcr jedes Land und jedes Alter.<\/p>\n      <\/a>\n    <\/div>\n  <\/section>\n\n  <!-- Trust & CTA -->\n  <section class=\"ssn-trust\" style=\"background: #111; color: #fff; padding: 50px 20px; text-align: center;\">\n    <h2 style=\"color: #ffbb00; margin-bottom: 20px;\">\ud83d\udd12 <strong>Warum \u00fcber 10.000 Kunden uns vertrauen<\/strong> \ud83d\udd12<\/h2>\n    <div style=\"display: flex; justify-content: center; flex-wrap: wrap; gap: 20px; margin: 30px 0;\">\n      <div style=\"background: #222; padding: 15px 25px; border-radius: 5px;\">\n        <strong>\u2705 10+ Jahre<\/strong> in der Untertageindustrie.\n      <\/div>\n      <div style=\"background: #222; padding: 15px 25px; border-radius: 5px;\">\n        <strong>\u2705 99% Erfolgsquote<\/strong> f\u00fcr Bank-\/Visumgenehmigungen.\n      <\/div>\n      <div style=\"background: #222; padding: 15px 25px; border-radius: 5px;\">\n        <strong>\u2705 24\/7 WhatsApp-Unterst\u00fctzung<\/strong> (+49 176 36223102).\n      <\/div>\n      <div style=\"background: #222; padding: 15px 25px; border-radius: 5px;\">\n        <strong>\u2705 Bitcoin &amp; Krypto<\/strong> f\u00fcr anonyme Zahlungen.\n      <\/div>\n    <\/div>\n    <div style=\"margin: 30px 0;\">\n      <a href=\"https:\/\/buylegitpassports.com\/de\/anwenden\/\" class=\"elementor-button\" style=\"background: #ff4444; color: #fff; padding: 18px 35px; text-decoration: none; border-radius: 5px; font-weight: bold; font-size: 1.1em;\">\n        HOLEN SIE SICH IHREN GEF\u00c4LSCHTEN PERSONALAUSWEIS NOCH HEUTE\n      <\/a>\n    <\/div>\n    <p style=\"color: #888; font-size: 0.9em; margin: 20px 0;\">\n      <strong>E-Mail:<\/strong> buylegitpassport@gmail.com | <strong>WhatsApp:<\/strong> +49 176 36223102\n    <\/p>\n    <p style=\"color: #666; font-size: 0.8em;\">\n      <a href=\"https:\/\/buylegitpassports.com\/de\/zahlungen-ruckerstattungen\/\" style=\"color: #888;\">Zahlung und R\u00fcckerstattung<\/a> |\n      <a href=\"https:\/\/buylegitpassports.com\/de\/oleskeluluvat\/\" style=\"color: #888;\">Alle Dienstleistungen<\/a>\n    <\/p>\n  <\/section>\n<\/div>\n\t\t\t\t<\/div>\n\t\t\t\t<\/div>\n\t\t\t\t\t<\/div>\n\t\t<\/div>\n\t\t\t\t\t<\/div>\n\t\t<\/section>\n\t\t\t\t<\/div>","protected":false},"excerpt":{"rendered":"<p>\ud83d\udd25 Buy Fake Social Security Number Card Online \ud83d\udd25 Need a real-looking fake SSN card for banking, employment, or privacy? [&hellip;]<\/p>\n","protected":false},"author":1,"featured_media":0,"parent":0,"menu_order":0,"comment_status":"closed","ping_status":"closed","template":"","meta":{"site-sidebar-layout":"default","site-content-layout":"","ast-site-content-layout":"default","site-content-style":"default","site-sidebar-style":"default","ast-global-header-display":"","ast-banner-title-visibility":"","ast-main-header-display":"","ast-hfb-above-header-display":"","ast-hfb-below-header-display":"","ast-hfb-mobile-header-display":"","site-post-title":"","ast-breadcrumbs-content":"","ast-featured-img":"","footer-sml-layout":"","theme-transparent-header-meta":"default","adv-header-id-meta":"","stick-header-meta":"default","header-above-stick-meta":"","header-main-stick-meta":"","header-below-stick-meta":"","astra-migrate-meta-layouts":"set","ast-page-background-enabled":"default","ast-page-background-meta":{"desktop":{"background-color":"var(--ast-global-color-4)","background-image":"","background-repeat":"repeat","background-position":"center center","background-size":"auto","background-attachment":"scroll","background-type":"","background-media":"","overlay-type":"","overlay-color":"","overlay-opacity":"","overlay-gradient":""},"tablet":{"background-color":"","background-image":"","background-repeat":"repeat","background-position":"center center","background-size":"auto","background-attachment":"scroll","background-type":"","background-media":"","overlay-type":"","overlay-color":"","overlay-opacity":"","overlay-gradient":""},"mobile":{"background-color":"","background-image":"","background-repeat":"repeat","background-position":"center center","background-size":"auto","background-attachment":"scroll","background-type":"","background-media":"","overlay-type":"","overlay-color":"","overlay-opacity":"","overlay-gradient":""}},"ast-content-background-meta":{"desktop":{"background-color":"var(--ast-global-color-5)","background-image":"","background-repeat":"repeat","background-position":"center center","background-size":"auto","background-attachment":"scroll","background-type":"","background-media":"","overlay-type":"","overlay-color":"","overlay-opacity":"","overlay-gradient":""},"tablet":{"background-color":"var(--ast-global-color-5)","background-image":"","background-repeat":"repeat","background-position":"center center","background-size":"auto","background-attachment":"scroll","background-type":"","background-media":"","overlay-type":"","overlay-color":"","overlay-opacity":"","overlay-gradient":""},"mobile":{"background-color":"var(--ast-global-color-5)","background-image":"","background-repeat":"repeat","background-position":"center center","background-size":"auto","background-attachment":"scroll","background-type":"","background-media":"","overlay-type":"","overlay-color":"","overlay-opacity":"","overlay-gradient":""}},"footnotes":""},"class_list":["post-401","page","type-page","status-publish","hentry"],"_links":{"self":[{"href":"https:\/\/buylegitpassports.com\/de\/wp-json\/wp\/v2\/pages\/401","targetHints":{"allow":["GET"]}}],"collection":[{"href":"https:\/\/buylegitpassports.com\/de\/wp-json\/wp\/v2\/pages"}],"about":[{"href":"https:\/\/buylegitpassports.com\/de\/wp-json\/wp\/v2\/types\/page"}],"author":[{"embeddable":true,"href":"https:\/\/buylegitpassports.com\/de\/wp-json\/wp\/v2\/users\/1"}],"replies":[{"embeddable":true,"href":"https:\/\/buylegitpassports.com\/de\/wp-json\/wp\/v2\/comments?post=401"}],"version-history":[{"count":0,"href":"https:\/\/buylegitpassports.com\/de\/wp-json\/wp\/v2\/pages\/401\/revisions"}],"wp:attachment":[{"href":"https:\/\/buylegitpassports.com\/de\/wp-json\/wp\/v2\/media?parent=401"}],"curies":[{"name":"wp","href":"https:\/\/api.w.org\/{rel}","templated":true}]}}